{"id":31922,"date":"2026-03-30T03:39:55","date_gmt":"2026-03-30T02:39:55","guid":{"rendered":"https:\/\/bigbuy.tupique.com\/produto\/router-bosch-gof-1250-ce-2\/"},"modified":"2026-05-11T20:00:57","modified_gmt":"2026-05-11T18:00:57","slug":"router-bosch-gof-1250-ce-2","status":"publish","type":"product","link":"https:\/\/bigbuy.tupique.com\/es\/produto\/router-bosch-gof-1250-ce-2\/","title":{"rendered":"Fraiseuse BOSCH GOF 1250 CE"},"content":{"rendered":"<p>Si vous aimez prendre soin de chaque d\u00e9tail de votre maison et d&#8217;\u00eatre \u00e0 la derni\u00e8re mode en mati\u00e8re de produits qui vous rendront la vie plus facile, achetez <b>Fraiseuse BOSCH GOF 1250 CE<\/b> au meilleur prix.<\/p>\n<ul>\n<li>Couleur:\n<ul>\n<li>Noir<\/li>\n<li>Bleu<\/li>\n<\/ul>\n<\/li>\n<li>Mati\u00e8re: Plastique<\/li>\n<li>Tension: 230 V<\/li>\n<li>Bloc d\u2019Alimentation: C\u00e2ble \u00e9lectrique<\/li>\n<li>Caract\u00e9ristiques: Verrou de s\u00e9curit\u00e9<\/li>\n<\/ul>","protected":false},"excerpt":{"rendered":"<p>Si vous aimez prendre soin de chaque d\u00e9tail de votre maison et d&#8217;\u00eatre \u00e0 la derni\u00e8re mode en mati\u00e8re de produits qui vous rendront la vie plus facile, achetez Fraiseuse BOSCH GOF 1250 CE au meilleur prix. Couleur: Noir Bleu Mati\u00e8re: Plastique Tension: 230 V Bloc d\u2019Alimentation: C\u00e2ble \u00e9lectrique Caract\u00e9ristiques: Verrou de s\u00e9curit\u00e9<\/p>","protected":false},"featured_media":31921,"comment_status":"open","ping_status":"closed","template":"","meta":[],"product_brand":[162],"product_cat":[613,239],"product_tag":[59,210],"class_list":{"0":"post-31922","1":"product","2":"type-product","3":"status-publish","4":"has-post-thumbnail","6":"product_brand-brandp_959","7":"product_cat-bricolage-et-materiel","8":"product_cat-maison-jardin","9":"product_tag-tag_1304","10":"product_tag-tag_25","12":"first","13":"instock","14":"taxable","15":"shipping-taxable","16":"purchasable","17":"product-type-simple"},"_links":{"self":[{"href":"https:\/\/bigbuy.tupique.com\/es\/wp-json\/wp\/v2\/product\/31922","targetHints":{"allow":["GET"]}}],"collection":[{"href":"https:\/\/bigbuy.tupique.com\/es\/wp-json\/wp\/v2\/product"}],"about":[{"href":"https:\/\/bigbuy.tupique.com\/es\/wp-json\/wp\/v2\/types\/product"}],"replies":[{"embeddable":true,"href":"https:\/\/bigbuy.tupique.com\/es\/wp-json\/wp\/v2\/comments?post=31922"}],"wp:featuredmedia":[{"embeddable":true,"href":"https:\/\/bigbuy.tupique.com\/es\/wp-json\/wp\/v2\/media\/31921"}],"wp:attachment":[{"href":"https:\/\/bigbuy.tupique.com\/es\/wp-json\/wp\/v2\/media?parent=31922"}],"wp:term":[{"taxonomy":"product_brand","embeddable":true,"href":"https:\/\/bigbuy.tupique.com\/es\/wp-json\/wp\/v2\/product_brand?post=31922"},{"taxonomy":"product_cat","embeddable":true,"href":"https:\/\/bigbuy.tupique.com\/es\/wp-json\/wp\/v2\/product_cat?post=31922"},{"taxonomy":"product_tag","embeddable":true,"href":"https:\/\/bigbuy.tupique.com\/es\/wp-json\/wp\/v2\/product_tag?post=31922"}],"curies":[{"name":"wp","href":"https:\/\/api.w.org\/{rel}","templated":true}]}}