{"id":31618,"date":"2026-03-30T03:26:50","date_gmt":"2026-03-30T02:26:50","guid":{"rendered":"https:\/\/bigbuy.tupique.com\/produto\/motherboard-asus-amd-am5-amd-amd-b650\/"},"modified":"2026-04-16T16:02:18","modified_gmt":"2026-04-16T15:02:18","slug":"motherboard-asus-amd-am5-amd-amd-b650","status":"publish","type":"product","link":"https:\/\/bigbuy.tupique.com\/es\/produto\/motherboard-asus-amd-am5-amd-amd-b650\/","title":{"rendered":"Carte M\u00e8re Asus AMD AM5 AMD AMD B650"},"content":{"rendered":"<p>Si vous \u00eates passionn\u00e9 d&#8217;<b>informatique et d&#8217;\u00e9lectronique<\/b>, si vous \u00eates \u00e0 la pointe de la technologie et qu&#8217;aucun d\u00e9tail ne vous \u00e9chappe, achetez <b>Carte M\u00e8re Asus AMD AM5 AMD AMD B650<\/b> au meilleur prix.<\/p>\n<ul>\n<li>Type:\n<ul>\n<li>Carte M\u00e8re<\/li>\n<li>PCI Express 3.0<\/li>\n<li>ATX<\/li>\n<li>UEFI<\/li>\n<\/ul>\n<\/li>\n<li>Chipset:\n<ul>\n<li>AMD AM5<\/li>\n<li>Intel Wi-Fi 6<\/li>\n<li>AMD<\/li>\n<li>AMD B650<\/li>\n<\/ul>\n<\/li>\n<li>Connexions:\n<ul>\n<li>USB-C<\/li>\n<li>RJ45<\/li>\n<li>DisplayPort<\/li>\n<li>SATA<\/li>\n<li>USB 3.2<\/li>\n<li>HDMI 2.1<\/li>\n<li>M.2<\/li>\n<li>HDMI<\/li>\n<li>USB 2.0<\/li>\n<li>Jack 3.5 mm<\/li>\n<li>PCI Express (x16) x 1<\/li>\n<li>MIni Jack 3.5 mm x 1<\/li>\n<li>S\/PDIF<\/li>\n<li>24 PIN x 1<\/li>\n<li>USB 3.2 x 6<\/li>\n<li>DisplayPort 1.4<\/li>\n<li>USB-C 3.2<\/li>\n<li>8-pin<\/li>\n<li>PCI Express (x16) x 2<\/li>\n<li>Sortie audio<\/li>\n<li>M.2 x 4<\/li>\n<li>HDMI x 1<\/li>\n<li>2 x USB 2.0<\/li>\n<li>Microphone<\/li>\n<li>USB 2.0 x 4<\/li>\n<li>Ethernet LAN<\/li>\n<li>SATA x 4<\/li>\n<li>Thunderbolt x 1<\/li>\n<li>HDMI 2.1 x 1<\/li>\n<li>USB-C 3.2 x 1<\/li>\n<li>DIMM<\/li>\n<li>DisplayPort x 1<\/li>\n<li>USB 3.2 x 1<\/li>\n<li>USB 2.0 x 2<\/li>\n<li>RJ45 x 1<\/li>\n<\/ul>\n<\/li>\n<li>Type de m\u00e9moire:\n<ul>\n<li>DDR5 SDRAM<\/li>\n<li>DDR5<\/li>\n<\/ul>\n<\/li>\n<li>Cha\u00eenes:\n<ul>\n<li>7.1<\/li>\n<li>2 Cha\u00eenes<\/li>\n<\/ul>\n<\/li>\n<li>Bloc d\u2019Alimentation: ATX<\/li>\n<li>Compatible:\n<ul>\n<li>Windows 10<\/li>\n<li>Windows 11<\/li>\n<li>raid 0<\/li>\n<li>raid 1<\/li>\n<li>Raid 10<\/li>\n<li>Bandes LED<\/li>\n<li>AMD Ryzen 7<\/li>\n<li>AMD Ryzen 3<\/li>\n<li>AMD Ryzen 9<\/li>\n<li>HDD\/SSD<\/li>\n<li>PC<\/li>\n<\/ul>\n<\/li>\n<li>Son: Realtek ALC4080<\/li>\n<li>vitesse:\n<ul>\n<li>6000 MHz<\/li>\n<li>4800 MHz<\/li>\n<li>5200 MHz<\/li>\n<li>5600 MHz<\/li>\n<li>6400 MHz<\/li>\n<li>6200 MHz<\/li>\n<li>5000 MHZ<\/li>\n<li>5400 mhz<\/li>\n<li>5800 mhz<\/li>\n<\/ul>\n<\/li>\n<li>Connectivit\u00e9:\n<ul>\n<li>2,5 Gigabit Ethernet<\/li>\n<li>Wi-Fi 5 GHz<\/li>\n<li>Wi-Fi 4<\/li>\n<li>Wi-Fi 6E ghz<\/li>\n<li>Bluetooth<\/li>\n<li>Wi-Fi<\/li>\n<li>Bluetooth 5.2<\/li>\n<li>Wi-Fi 6 GHz<\/li>\n<\/ul>\n<\/li>\n<li>M\u00e9moire RAM maximale: 128 GB<\/li>\n<li>Plate-forme: Windows<\/li>\n<li>Facteur de forme: ATX<\/li>\n<li>Interface: Gigabit Ethernet<\/li>\n<li>M\u00e9moire: 256 MB<\/li>\n<li>Nombre d&#8217;emplacements m\u00e9moire: 4<\/li>\n<li>Haut-parleurs: 7.1<\/li>\n<li>Largeur: 30,5 cm<\/li>\n<li>Inclut:\n<ul>\n<li>SATA<\/li>\n<li>Manuel de l&#8217;utilisateur<\/li>\n<\/ul>\n<\/li>\n<li>Fr\u00e9quence: 2133 MHz<\/li>\n<li>M\u00e9moire interne: 128 GB<\/li>\n<li>Socket: AMD AM5<\/li>\n<li>Famille de processeurs: AMD<\/li>\n<\/ul>","protected":false},"excerpt":{"rendered":"<p>Si vous \u00eates passionn\u00e9 d&#8217;informatique et d&#8217;\u00e9lectronique, si vous \u00eates \u00e0 la pointe de la technologie et qu&#8217;aucun d\u00e9tail ne vous \u00e9chappe, achetez Carte M\u00e8re Asus AMD AM5 AMD AMD B650 au meilleur prix. Type: Carte M\u00e8re PCI Express 3.0 ATX UEFI Chipset: AMD AM5 Intel Wi-Fi 6 AMD AMD B650 Connexions: USB-C RJ45 DisplayPort [&hellip;]<\/p>\n","protected":false},"featured_media":31585,"comment_status":"open","ping_status":"closed","template":"","meta":[],"product_brand":[798],"product_cat":[736,65,584],"product_tag":[59,106],"class_list":{"0":"post-31618","1":"product","2":"type-product","3":"status-publish","4":"has-post-thumbnail","6":"product_brand-brandp_536","7":"product_cat-cartes-meres","8":"product_cat-informatique-electronique","9":"product_cat-informatique-reseaux-et-composants","10":"product_tag-tag_1304","11":"product_tag-tag_1295","13":"first","14":"instock","15":"taxable","16":"shipping-taxable","17":"purchasable","18":"product-type-simple"},"_links":{"self":[{"href":"https:\/\/bigbuy.tupique.com\/es\/wp-json\/wp\/v2\/product\/31618","targetHints":{"allow":["GET"]}}],"collection":[{"href":"https:\/\/bigbuy.tupique.com\/es\/wp-json\/wp\/v2\/product"}],"about":[{"href":"https:\/\/bigbuy.tupique.com\/es\/wp-json\/wp\/v2\/types\/product"}],"replies":[{"embeddable":true,"href":"https:\/\/bigbuy.tupique.com\/es\/wp-json\/wp\/v2\/comments?post=31618"}],"wp:featuredmedia":[{"embeddable":true,"href":"https:\/\/bigbuy.tupique.com\/es\/wp-json\/wp\/v2\/media\/31585"}],"wp:attachment":[{"href":"https:\/\/bigbuy.tupique.com\/es\/wp-json\/wp\/v2\/media?parent=31618"}],"wp:term":[{"taxonomy":"product_brand","embeddable":true,"href":"https:\/\/bigbuy.tupique.com\/es\/wp-json\/wp\/v2\/product_brand?post=31618"},{"taxonomy":"product_cat","embeddable":true,"href":"https:\/\/bigbuy.tupique.com\/es\/wp-json\/wp\/v2\/product_cat?post=31618"},{"taxonomy":"product_tag","embeddable":true,"href":"https:\/\/bigbuy.tupique.com\/es\/wp-json\/wp\/v2\/product_tag?post=31618"}],"curies":[{"name":"wp","href":"https:\/\/api.w.org\/{rel}","templated":true}]}}