{"id":30832,"date":"2026-03-30T02:37:49","date_gmt":"2026-03-30T01:37:49","guid":{"rendered":"https:\/\/bigbuy.tupique.com\/produto\/motherboard-msi\/"},"modified":"2026-05-11T20:01:47","modified_gmt":"2026-05-11T18:01:47","slug":"motherboard-msi","status":"publish","type":"product","link":"https:\/\/bigbuy.tupique.com\/es\/produto\/motherboard-msi\/","title":{"rendered":"Carte M\u00e8re MSI"},"content":{"rendered":"<p>Si vous \u00eates \u00e0 la recherche de nouvelles tendances sur le march\u00e9, nous vous pr\u00e9sentons <b>Carte M\u00e8re MSI<\/b> !<\/p>\n<p>Le produit correspond \u00e0 une carte graphique MSI et non \u00e0 une carte m\u00e8re, la description sera donc adapt\u00e9e aux informations correctes du produit.<\/p>\n<p>La <b>carte graphique MSI GeForce RTX 5060 Ti VENTUS 2X PLUS<\/b> est un composant haute performance con\u00e7u pour les syst\u00e8mes n\u00e9cessitant des capacit\u00e9s graphiques avanc\u00e9es. Cette carte int\u00e8gre une m\u00e9moire de <b>8GB GDDR7<\/b>, offrant une grande vitesse et une large bande passante pour g\u00e9rer les jeux modernes et les applications professionnelles exigeantes en graphismes. Sa compatibilit\u00e9 avec l\u2019interface <b>PCIe 5.0<\/b> assure un transfert de donn\u00e9es nettement plus rapide et efficace que les g\u00e9n\u00e9rations pr\u00e9c\u00e9dentes, garantissant une exp\u00e9rience fluide en multit\u00e2che et en traitement graphique intensif. La gamme <b>VENTUS 2X PLUS<\/b> de MSI se distingue par un design compact et une gestion thermique efficace, \u00e9quip\u00e9e de deux ventilateurs qui optimisent le refroidissement lors de longues sessions d\u2019utilisation, maintenant des temp\u00e9ratures id\u00e9ales pour prolonger la dur\u00e9e de vie de la carte. Ce GPU s\u2019adresse aussi bien aux joueurs recherchant une qualit\u00e9 visuelle sup\u00e9rieure en 1080p et 1440p qu\u2019aux professionnels ayant besoin de puissance graphique pour l\u2019\u00e9dition et le rendu. Sa technologie avanc\u00e9e et sa m\u00e9moire rapide en font une option polyvalente dans le segment moyen-haut de gamme, offrant un bon \u00e9quilibre entre performance et co\u00fbt. En r\u00e9sum\u00e9, cette carte MSI repr\u00e9sente une solution robuste pour les utilisateurs exigeant une exp\u00e9rience graphique fiable, alliant innovation technologique, efficacit\u00e9 et fiabilit\u00e9.<\/p>\n<ul>\n<li>Type: Carte M\u00e8re<\/li>\n<\/ul>","protected":false},"excerpt":{"rendered":"<p>Si vous \u00eates \u00e0 la recherche de nouvelles tendances sur le march\u00e9, nous vous pr\u00e9sentons Carte M\u00e8re MSI ! Le produit correspond \u00e0 une carte graphique MSI et non \u00e0 une carte m\u00e8re, la description sera donc adapt\u00e9e aux informations correctes du produit. La carte graphique MSI GeForce RTX 5060 Ti VENTUS 2X PLUS est [&hellip;]<\/p>\n","protected":false},"featured_media":30830,"comment_status":"open","ping_status":"closed","template":"","meta":[],"product_brand":[975],"product_cat":[736,65,584],"product_tag":[59,106],"class_list":{"0":"post-30832","1":"product","2":"type-product","3":"status-publish","4":"has-post-thumbnail","6":"product_brand-brandp_565","7":"product_cat-cartes-meres","8":"product_cat-informatique-electronique","9":"product_cat-informatique-reseaux-et-composants","10":"product_tag-tag_1304","11":"product_tag-tag_1295","13":"first","14":"instock","15":"taxable","16":"shipping-taxable","17":"purchasable","18":"product-type-simple"},"_links":{"self":[{"href":"https:\/\/bigbuy.tupique.com\/es\/wp-json\/wp\/v2\/product\/30832","targetHints":{"allow":["GET"]}}],"collection":[{"href":"https:\/\/bigbuy.tupique.com\/es\/wp-json\/wp\/v2\/product"}],"about":[{"href":"https:\/\/bigbuy.tupique.com\/es\/wp-json\/wp\/v2\/types\/product"}],"replies":[{"embeddable":true,"href":"https:\/\/bigbuy.tupique.com\/es\/wp-json\/wp\/v2\/comments?post=30832"}],"wp:featuredmedia":[{"embeddable":true,"href":"https:\/\/bigbuy.tupique.com\/es\/wp-json\/wp\/v2\/media\/30830"}],"wp:attachment":[{"href":"https:\/\/bigbuy.tupique.com\/es\/wp-json\/wp\/v2\/media?parent=30832"}],"wp:term":[{"taxonomy":"product_brand","embeddable":true,"href":"https:\/\/bigbuy.tupique.com\/es\/wp-json\/wp\/v2\/product_brand?post=30832"},{"taxonomy":"product_cat","embeddable":true,"href":"https:\/\/bigbuy.tupique.com\/es\/wp-json\/wp\/v2\/product_cat?post=30832"},{"taxonomy":"product_tag","embeddable":true,"href":"https:\/\/bigbuy.tupique.com\/es\/wp-json\/wp\/v2\/product_tag?post=30832"}],"curies":[{"name":"wp","href":"https:\/\/api.w.org\/{rel}","templated":true}]}}