{"id":30596,"date":"2026-03-30T02:22:29","date_gmt":"2026-03-30T01:22:29","guid":{"rendered":"https:\/\/bigbuy.tupique.com\/produto\/surveillance-camcorder-samsung-sm-q506nzkaeue\/"},"modified":"2026-05-11T19:55:32","modified_gmt":"2026-05-11T17:55:32","slug":"surveillance-camcorder-samsung-sm-q506nzkaeue","status":"publish","type":"product","link":"https:\/\/bigbuy.tupique.com\/es\/produto\/surveillance-camcorder-samsung-sm-q506nzkaeue\/","title":{"rendered":"Camescope de surveillance Samsung SM-Q506NZKAEUE"},"content":{"rendered":"<p>Si vous \u00eates passionn\u00e9 d&#8217;<b>informatique et d&#8217;\u00e9lectronique<\/b>, si vous \u00eates \u00e0 la pointe de la technologie et qu&#8217;aucun d\u00e9tail ne vous \u00e9chappe, achetez <b>Camescope de surveillance Samsung SM-Q506NZKAEUE<\/b> au meilleur prix.<\/p>\n<ul>\n<li>Type: Cam\u00e9scope<\/li>\n<li>Couleur:\n<ul>\n<li>Noir<\/li>\n<li>Dor\u00e9<\/li>\n<\/ul>\n<\/li>\n<li>Dimensions approx.:\n<ul>\n<li>0,7 x 0,3 cm<\/li>\n<li>0,7 x 0,3 x 0,1 cm<\/li>\n<\/ul>\n<\/li>\n<li>Caract\u00e9ristiques:\n<ul>\n<li>Acc\u00e9l\u00e9rom\u00e8tre<\/li>\n<li>R\u00e9sistant \u00e0 l&#8217;eau<\/li>\n<li>Alarme<\/li>\n<li>Capteur optique<\/li>\n<li>Distance parcourue<\/li>\n<\/ul>\n<\/li>\n<li>Connexions: USB-C<\/li>\n<li>Fonctions:\n<ul>\n<li>Podom\u00e8tre<\/li>\n<li>Consommation de Calories<\/li>\n<li>Moniteur de Sommeil<\/li>\n<li>Recherche d&#8217;un appareil<\/li>\n<li>Moniteur de fr\u00e9quence cardiaque<\/li>\n<\/ul>\n<\/li>\n<li>Connectivit\u00e9:\n<ul>\n<li>Bluetooth<\/li>\n<li>Bluetooth Low Energy<\/li>\n<\/ul>\n<\/li>\n<li>Syst\u00e8me d&#8217;exploitation: Android<\/li>\n<li>Bloc d\u2019Alimentation: Batterie<\/li>\n<li>Classification IP: IP68<\/li>\n<li>Genre: Unisexe<\/li>\n<li>Chargeur sans fil: Oui<\/li>\n<li>Non Inclus: Wi-Fi<\/li>\n<li>Inclut: Chargeur<\/li>\n<li>R\u00e9sistant \u00e0 l&#8217;eau: 10 atm<\/li>\n<\/ul>","protected":false},"excerpt":{"rendered":"<p>Si vous \u00eates passionn\u00e9 d&#8217;informatique et d&#8217;\u00e9lectronique, si vous \u00eates \u00e0 la pointe de la technologie et qu&#8217;aucun d\u00e9tail ne vous \u00e9chappe, achetez Camescope de surveillance Samsung SM-Q506NZKAEUE au meilleur prix. Type: Cam\u00e9scope Couleur: Noir Dor\u00e9 Dimensions approx.: 0,7 x 0,3 cm 0,7 x 0,3 x 0,1 cm Caract\u00e9ristiques: Acc\u00e9l\u00e9rom\u00e8tre R\u00e9sistant \u00e0 l&#8217;eau Alarme Capteur [&hellip;]<\/p>\n","protected":false},"featured_media":30591,"comment_status":"open","ping_status":"closed","template":"","meta":[],"product_brand":[183],"product_cat":[580,239,579],"product_tag":[210],"class_list":{"0":"post-30596","1":"product","2":"type-product","3":"status-publish","4":"has-post-thumbnail","6":"product_brand-brandp_576","7":"product_cat-cameras-de-surveillance-video","8":"product_cat-maison-jardin","9":"product_cat-securite-a-la-maison","10":"product_tag-tag_25","12":"first","13":"instock","14":"taxable","15":"shipping-taxable","16":"purchasable","17":"product-type-simple"},"_links":{"self":[{"href":"https:\/\/bigbuy.tupique.com\/es\/wp-json\/wp\/v2\/product\/30596","targetHints":{"allow":["GET"]}}],"collection":[{"href":"https:\/\/bigbuy.tupique.com\/es\/wp-json\/wp\/v2\/product"}],"about":[{"href":"https:\/\/bigbuy.tupique.com\/es\/wp-json\/wp\/v2\/types\/product"}],"replies":[{"embeddable":true,"href":"https:\/\/bigbuy.tupique.com\/es\/wp-json\/wp\/v2\/comments?post=30596"}],"wp:featuredmedia":[{"embeddable":true,"href":"https:\/\/bigbuy.tupique.com\/es\/wp-json\/wp\/v2\/media\/30591"}],"wp:attachment":[{"href":"https:\/\/bigbuy.tupique.com\/es\/wp-json\/wp\/v2\/media?parent=30596"}],"wp:term":[{"taxonomy":"product_brand","embeddable":true,"href":"https:\/\/bigbuy.tupique.com\/es\/wp-json\/wp\/v2\/product_brand?post=30596"},{"taxonomy":"product_cat","embeddable":true,"href":"https:\/\/bigbuy.tupique.com\/es\/wp-json\/wp\/v2\/product_cat?post=30596"},{"taxonomy":"product_tag","embeddable":true,"href":"https:\/\/bigbuy.tupique.com\/es\/wp-json\/wp\/v2\/product_tag?post=30596"}],"curies":[{"name":"wp","href":"https:\/\/api.w.org\/{rel}","templated":true}]}}