{"id":30505,"date":"2026-03-30T02:19:57","date_gmt":"2026-03-30T01:19:57","guid":{"rendered":"https:\/\/bigbuy.tupique.com\/produto\/driver-drill-bosch-0615a50037\/"},"modified":"2026-04-16T16:27:45","modified_gmt":"2026-04-16T15:27:45","slug":"driver-drill-bosch-0615a50037","status":"publish","type":"product","link":"https:\/\/bigbuy.tupique.com\/es\/produto\/driver-drill-bosch-0615a50037\/","title":{"rendered":"Perceuse \u00e0 Percussion BOSCH 0615A50037"},"content":{"rendered":"<p>Si vous aimez prendre soin de chaque d\u00e9tail de votre maison et d&#8217;\u00eatre \u00e0 la derni\u00e8re mode en mati\u00e8re de produits qui vous rendront la vie plus facile, achetez <b>Perceuse \u00e0 Percussion BOSCH 0615A50037<\/b> au meilleur prix.<\/p>\n<p>Le <b>perceuse \u00e0 percussion BOSCH mod\u00e8le 0615A50037<\/b> est un outil \u00e9lectrique con\u00e7u pour les professionnels et les amateurs recherchant un \u00e9quipement robuste et efficace pour les travaux de per\u00e7age avec impact. Cette perceuse fonctionne avec une <b>alimentation par c\u00e2ble \u00e9lectrique<\/b> et une connexion standard <b>prise europ\u00e9enne (EU)<\/b>, garantissant un apport d\u2019\u00e9nergie constant pour des utilisations prolong\u00e9es sans interruption li\u00e9e \u00e0 la batterie. Son design int\u00e8gre la fonction percussion, id\u00e9ale pour percer des mat\u00e9riaux durs comme le b\u00e9ton, la brique et la pierre, facilitant ainsi les travaux de construction et de r\u00e9novation avec un effort r\u00e9duit. La pr\u00e9cision et la puissance de la perceuse Bosch s\u2019allient \u00e0 sa facilit\u00e9 d\u2019utilisation, permettant des per\u00e7ages propres et efficaces, tandis que l\u2019alimentation par c\u00e2ble assure une performance optimale sans limite d\u2019autonomie. Ce pack inclut \u00e9galement une meuleuse, offrant un compl\u00e9ment polyvalent pour couper, \u00e9barber ou polir diff\u00e9rents mat\u00e9riaux, proposant une solution compl\u00e8te pour divers besoins de bricolage ou usage professionnel. La qualit\u00e9 et la fiabilit\u00e9 propres \u00e0 la marque <b>BOSCH<\/b> se traduisent par un produit \u00e9quilibrant puissance, durabilit\u00e9 et fonctionnalit\u00e9, destin\u00e9 \u00e0 ceux qui recherchent un outil solide, simple d\u2019usage et avec une source d\u2019\u00e9nergie stable. En r\u00e9sum\u00e9, cet ensemble r\u00e9unit deux outils essentiels pour les travaux de per\u00e7age et de traitement de surfaces, se positionnant comme une option pratique et r\u00e9sistante dans la gamme des perceuses \u00e0 alimentation \u00e9lectrique.<\/p>\n<ul>\n<li>Produit \u00e0 brancher: Oui<\/li>\n<li>Type de prise: Prise EU<\/li>\n<li>Type:\n<ul>\n<li>Perceuse<\/li>\n<li>Perceuse \u00e0 Percussion<\/li>\n<\/ul>\n<\/li>\n<li>Bloc d\u2019Alimentation:\n<ul>\n<li>r\u00e9seau \u00e9lectrique<\/li>\n<li>C\u00e2ble \u00e9lectrique<\/li>\n<\/ul>\n<\/li>\n<\/ul>","protected":false},"excerpt":{"rendered":"<p>Si vous aimez prendre soin de chaque d\u00e9tail de votre maison et d&#8217;\u00eatre \u00e0 la derni\u00e8re mode en mati\u00e8re de produits qui vous rendront la vie plus facile, achetez Perceuse \u00e0 Percussion BOSCH 0615A50037 au meilleur prix. Le perceuse \u00e0 percussion BOSCH mod\u00e8le 0615A50037 est un outil \u00e9lectrique con\u00e7u pour les professionnels et les amateurs [&hellip;]<\/p>\n","protected":false},"featured_media":30504,"comment_status":"open","ping_status":"closed","template":"","meta":[],"product_brand":[162],"product_cat":[613,239],"product_tag":[59,210],"class_list":{"0":"post-30505","1":"product","2":"type-product","3":"status-publish","4":"has-post-thumbnail","6":"product_brand-brandp_959","7":"product_cat-bricolage-et-materiel","8":"product_cat-maison-jardin","9":"product_tag-tag_1304","10":"product_tag-tag_25","12":"first","13":"instock","14":"taxable","15":"shipping-taxable","16":"purchasable","17":"product-type-simple"},"_links":{"self":[{"href":"https:\/\/bigbuy.tupique.com\/es\/wp-json\/wp\/v2\/product\/30505","targetHints":{"allow":["GET"]}}],"collection":[{"href":"https:\/\/bigbuy.tupique.com\/es\/wp-json\/wp\/v2\/product"}],"about":[{"href":"https:\/\/bigbuy.tupique.com\/es\/wp-json\/wp\/v2\/types\/product"}],"replies":[{"embeddable":true,"href":"https:\/\/bigbuy.tupique.com\/es\/wp-json\/wp\/v2\/comments?post=30505"}],"wp:featuredmedia":[{"embeddable":true,"href":"https:\/\/bigbuy.tupique.com\/es\/wp-json\/wp\/v2\/media\/30504"}],"wp:attachment":[{"href":"https:\/\/bigbuy.tupique.com\/es\/wp-json\/wp\/v2\/media?parent=30505"}],"wp:term":[{"taxonomy":"product_brand","embeddable":true,"href":"https:\/\/bigbuy.tupique.com\/es\/wp-json\/wp\/v2\/product_brand?post=30505"},{"taxonomy":"product_cat","embeddable":true,"href":"https:\/\/bigbuy.tupique.com\/es\/wp-json\/wp\/v2\/product_cat?post=30505"},{"taxonomy":"product_tag","embeddable":true,"href":"https:\/\/bigbuy.tupique.com\/es\/wp-json\/wp\/v2\/product_tag?post=30505"}],"curies":[{"name":"wp","href":"https:\/\/api.w.org\/{rel}","templated":true}]}}