{"id":30468,"date":"2026-03-30T02:18:54","date_gmt":"2026-03-30T01:18:54","guid":{"rendered":"https:\/\/bigbuy.tupique.com\/produto\/smart-tv-lg-50um662h4lc-aeu-4k-ultra-hd-50-hdr\/"},"modified":"2026-04-15T04:46:31","modified_gmt":"2026-04-15T03:46:31","slug":"smart-tv-lg-50um662h4lc-aeu-4k-ultra-hd-50-hdr","status":"publish","type":"product","link":"https:\/\/bigbuy.tupique.com\/es\/produto\/smart-tv-lg-50um662h4lc-aeu-4k-ultra-hd-50-hdr\/","title":{"rendered":"TV intelligente LG 50UM662H4LC.AEU 4K Ultra HD 50&#8243; HDR"},"content":{"rendered":"<p>Si vous \u00eates passionn\u00e9 d&#8217;<b>informatique et d&#8217;\u00e9lectronique<\/b>, si vous \u00eates \u00e0 la pointe de la technologie et qu&#8217;aucun d\u00e9tail ne vous \u00e9chappe, achetez <b>TV intelligente LG 50UM662H4LC.AEU 4K Ultra HD 50&#8243; HDR<\/b> au meilleur prix.<\/p>\n<p>Le <b>Smart TV LG 50UM662H4LC.AEU<\/b> est un t\u00e9l\u00e9viseur de <b>50 pouces<\/b> qui allie une qualit\u00e9 d\u2019image avanc\u00e9e \u00e0 une large compatibilit\u00e9 de syntonisation pour s\u2019adapter \u00e0 diverses sources de signal. Son \u00e9cran <b>IPS<\/b> offre une r\u00e9solution <b>4K Ultra HD de 3840 x 2160 pixels<\/b>, garantissant une image nette et d\u00e9taill\u00e9e avec un format <b>16:9<\/b> et une luminosit\u00e9 de <b>330 NIT<\/b> assurant une bonne visibilit\u00e9 m\u00eame en environnements lumineux. Il int\u00e8gre \u00e9galement la technologie <b>HDR<\/b> pour am\u00e9liorer le contraste et la fid\u00e9lit\u00e9 des couleurs, offrant une exp\u00e9rience visuelle plus r\u00e9aliste. Son design \u00e9l\u00e9gant en couleur <b>gris<\/b> apporte une finition moderne qui s\u2019int\u00e8gre facilement dans tout int\u00e9rieur. C\u00f4t\u00e9 r\u00e9ception, ce t\u00e9l\u00e9viseur dispose d\u2019un syst\u00e8me de syntonisation double supportant <b>DVB-C, DVB-S2, DVB-T2<\/b>, couvrant la r\u00e9ception c\u00e2ble, satellite et terrestre, compatible avec les signaux analogiques et num\u00e9riques, ce qui \u00e9largit consid\u00e9rablement ses usages en offrant l\u2019acc\u00e8s \u00e0 de nombreuses cha\u00eenes sans \u00e9quipements externes. L\u2019efficacit\u00e9 \u00e9nerg\u00e9tique est class\u00e9e <b>F<\/b>, un \u00e9l\u00e9ment \u00e0 prendre en compte pour la consommation \u00e9lectrique habituelle de l\u2019appareil. En r\u00e9sum\u00e9, le LG 50UM662H4LC.AEU est une option fiable pour ceux qui recherchent un t\u00e9l\u00e9viseur avec une excellente r\u00e9solution 4K, une grande polyvalence de r\u00e9ception et un design sobre, adapt\u00e9 aux environnements domestiques valorisant la qualit\u00e9 d\u2019image et la connectivit\u00e9 compl\u00e8te.<\/p>\n<ul>\n<li>Couleur: Gris<\/li>\n<li>Caract\u00e9ristiques:\n<ul>\n<li>Navigation web<\/li>\n<li>ECO<\/li>\n<li>TV intelligente<\/li>\n<li>T\u00e9l\u00e9texte<\/li>\n<li>Visualisation des images JPEG<\/li>\n<li>Apple AirPlay 2<\/li>\n<li>Canal de retour audio (ARC)<\/li>\n<li>Mode h\u00f4tel<\/li>\n<li>\u00c9cran plat<\/li>\n<\/ul>\n<\/li>\n<li>Connexions:\n<ul>\n<li>USB 2.0<\/li>\n<li>RJ45<\/li>\n<li>Ethernet LAN<\/li>\n<li>CI+<\/li>\n<li>CI+ 1.4 x 1<\/li>\n<li>HDMI 1.4<\/li>\n<\/ul>\n<\/li>\n<li>Rapport d&#8217;aspect: 16:9<\/li>\n<li>Connectivit\u00e9:\n<ul>\n<li>Bluetooth<\/li>\n<li>Wi-Fi<\/li>\n<li>Interface commune<\/li>\n<li>eARC<\/li>\n<\/ul>\n<\/li>\n<li>Classification \u00e9nerg\u00e9tique: F<\/li>\n<li>Syst\u00e8me d&#8217;exploitation: webOS<\/li>\n<li>Bloc d\u2019Alimentation: Cordon d&#8217;alimentation CA<\/li>\n<li>Puissance RMS: 20W<\/li>\n<li>TV intelligente: Oui<\/li>\n<li>Ecran: 50&#8243;<\/li>\n<li>Inclut:\n<ul>\n<li>T\u00e9l\u00e9commande<\/li>\n<li>Netflix<\/li>\n<\/ul>\n<\/li>\n<li>VESA: 20 x 20 cm<\/li>\n<li>R\u00e9cepteur:\n<ul>\n<li>DVB-C,DVB-S2,DVB-T2<\/li>\n<li>Analogique et num\u00e9rique<\/li>\n<\/ul>\n<\/li>\n<li>Technologie: HDR<\/li>\n<li>R\u00e9solution: 4K Ultra HD<\/li>\n<li>Tension: 100 &#8211; 240 V<\/li>\n<li>Fr\u00e9quence d&#8217;entr\u00e9e AC: 50-60 Hz<\/li>\n<li>Connecteurs: Kensington<\/li>\n<li>Montage: VESA<\/li>\n<li>R\u00e9solution (px): 3840 x 2160 px<\/li>\n<\/ul>","protected":false},"excerpt":{"rendered":"<p>Si vous \u00eates passionn\u00e9 d&#8217;informatique et d&#8217;\u00e9lectronique, si vous \u00eates \u00e0 la pointe de la technologie et qu&#8217;aucun d\u00e9tail ne vous \u00e9chappe, achetez TV intelligente LG 50UM662H4LC.AEU 4K Ultra HD 50&#8243; HDR au meilleur prix. Le Smart TV LG 50UM662H4LC.AEU est un t\u00e9l\u00e9viseur de 50 pouces qui allie une qualit\u00e9 d\u2019image avanc\u00e9e \u00e0 une large [&hellip;]<\/p>\n","protected":false},"featured_media":30464,"comment_status":"open","ping_status":"closed","template":"","meta":[],"product_brand":[662],"product_cat":[589,65,957],"product_tag":[213,106],"class_list":{"0":"post-30468","1":"product","2":"type-product","3":"status-publish","4":"has-post-thumbnail","6":"product_brand-brandp_559","7":"product_cat-electronique-television","8":"product_cat-informatique-electronique","9":"product_cat-televisions-et-smart-tv","10":"product_tag-tag_933","11":"product_tag-tag_1295","13":"first","14":"instock","15":"taxable","16":"shipping-taxable","17":"purchasable","18":"product-type-simple"},"_links":{"self":[{"href":"https:\/\/bigbuy.tupique.com\/es\/wp-json\/wp\/v2\/product\/30468","targetHints":{"allow":["GET"]}}],"collection":[{"href":"https:\/\/bigbuy.tupique.com\/es\/wp-json\/wp\/v2\/product"}],"about":[{"href":"https:\/\/bigbuy.tupique.com\/es\/wp-json\/wp\/v2\/types\/product"}],"replies":[{"embeddable":true,"href":"https:\/\/bigbuy.tupique.com\/es\/wp-json\/wp\/v2\/comments?post=30468"}],"wp:featuredmedia":[{"embeddable":true,"href":"https:\/\/bigbuy.tupique.com\/es\/wp-json\/wp\/v2\/media\/30464"}],"wp:attachment":[{"href":"https:\/\/bigbuy.tupique.com\/es\/wp-json\/wp\/v2\/media?parent=30468"}],"wp:term":[{"taxonomy":"product_brand","embeddable":true,"href":"https:\/\/bigbuy.tupique.com\/es\/wp-json\/wp\/v2\/product_brand?post=30468"},{"taxonomy":"product_cat","embeddable":true,"href":"https:\/\/bigbuy.tupique.com\/es\/wp-json\/wp\/v2\/product_cat?post=30468"},{"taxonomy":"product_tag","embeddable":true,"href":"https:\/\/bigbuy.tupique.com\/es\/wp-json\/wp\/v2\/product_tag?post=30468"}],"curies":[{"name":"wp","href":"https:\/\/api.w.org\/{rel}","templated":true}]}}