{"id":30302,"date":"2026-03-30T02:05:34","date_gmt":"2026-03-30T01:05:34","guid":{"rendered":"https:\/\/bigbuy.tupique.com\/produto\/tablet-samsung-x920n-146-octa-core-16-gb-ram-1-tb-grey\/"},"modified":"2026-05-11T19:55:27","modified_gmt":"2026-05-11T17:55:27","slug":"tablet-samsung-x920n-146-octa-core-16-gb-ram-1-tb-grey","status":"publish","type":"product","link":"https:\/\/bigbuy.tupique.com\/es\/produto\/tablet-samsung-x920n-146-octa-core-16-gb-ram-1-tb-grey\/","title":{"rendered":"Tablette Samsung X920N 14,6&#8243; Octa Core 16 GB RAM 1 TB Gris"},"content":{"rendered":"<p>Si vous \u00eates passionn\u00e9 d&#8217;<b>informatique et d&#8217;\u00e9lectronique<\/b>, si vous \u00eates \u00e0 la pointe de la technologie et qu&#8217;aucun d\u00e9tail ne vous \u00e9chappe, achetez <b>Tablette Samsung X920N 14,6&#8243; Octa Core 16 GB RAM 1 TB Gris<\/b> au meilleur prix.<\/p>\n<p>La <b>Galaxy Tab S10 Ultra<\/b> de Samsung est une <b>tablette<\/b> haut de gamme con\u00e7ue pour les utilisateurs exigeant des performances exceptionnelles et une exp\u00e9rience visuelle remarquable. Elle dispose d\u2019un large <b>\u00e9cran de 14,6 pouces<\/b>, offrant un grand espace d\u2019affichage de haute qualit\u00e9, id\u00e9al pour la productivit\u00e9, le divertissement et le travail cr\u00e9atif. Cette tablette est disponible avec des configurations de <b>8 Go ou 12 Go de RAM<\/b>, garantissant un fonctionnement fluide m\u00eame lors de l\u2019ex\u00e9cution simultan\u00e9e de plusieurs applications ou t\u00e2ches lourdes. C\u00f4t\u00e9 stockage, elle propose des options allant de <b>16 Go \u00e0 1 To<\/b>, s\u2019adaptant aussi bien aux utilisateurs recherchant un appareil l\u00e9ger et basique qu\u2019\u00e0 ceux ayant besoin d\u2019une grande capacit\u00e9 pour fichiers, applications et contenus multim\u00e9dias. Son design en couleur <b>gris<\/b> lui conf\u00e8re une apparence moderne et professionnelle, en accord avec son caract\u00e8re premium. La Galaxy Tab S10 Ultra int\u00e8gre des technologies avanc\u00e9es propres \u00e0 Samsung qui optimisent la productivit\u00e9 et l\u2019exp\u00e9rience audiovisuelle, faisant d\u2019elle un outil polyvalent pour les professionnels et utilisateurs appr\u00e9ciant l\u2019\u00e9quilibre entre puissance et grand \u00e9cran. Dans l\u2019ensemble, ce mod\u00e8le repr\u00e9sente une solution technologique avanc\u00e9e dans le segment des tablettes grand format et haute performance.<\/p>\n<ul>\n<li>Type: Tablette<\/li>\n<li>Type de prise: Prise EU<\/li>\n<li>Diagonale de l&#8217;\u00e9cran (cm): 37,1 cm<\/li>\n<li>Produit \u00e0 brancher: Oui<\/li>\n<li>Bloc d\u2019Alimentation: r\u00e9seau \u00e9lectrique<\/li>\n<li>Capacit\u00e9 de la batterie: 11200 mAh<\/li>\n<li>Syst\u00e8me d&#8217;exploitation: Android<\/li>\n<li>Connectivit\u00e9:\n<ul>\n<li>Wi-Fi<\/li>\n<li>Bluetooth<\/li>\n<li>GPS<\/li>\n<li>Galileo<\/li>\n<li>Bluetooth 5.3<\/li>\n<\/ul>\n<\/li>\n<li>Cam\u00e9ra\/Appareil Photo:\n<ul>\n<li>12 mpx<\/li>\n<li>13 mpx<\/li>\n<li>Dual<\/li>\n<li>8 MP<\/li>\n<li>13 MP<\/li>\n<\/ul>\n<\/li>\n<li>Connexions:\n<ul>\n<li>USB-C<\/li>\n<li>USB-C 3.2 Gen 1 (3.1 Gen 1)<\/li>\n<\/ul>\n<\/li>\n<li>Ecran: 14,6&#8243;<\/li>\n<li>Processeur: Octa Core<\/li>\n<li>M\u00e9moire RAM:\n<ul>\n<li>16 GB RAM<\/li>\n<li>8 GB RAM<\/li>\n<li>12 GB RAM<\/li>\n<\/ul>\n<\/li>\n<li>M\u00e9moire interne: 1 TB<\/li>\n<li>Couleur: Gris<\/li>\n<li>Caract\u00e9ristiques:\n<ul>\n<li>Cam\u00e9ra frontale<\/li>\n<li>Autofocus<\/li>\n<li>Pile incluse<\/li>\n<li>Lecteur de Cartes<\/li>\n<li>Lecteur d&#8217;empreintes<\/li>\n<\/ul>\n<\/li>\n<li>Technologie:\n<ul>\n<li>LED<\/li>\n<li>AMOLED<\/li>\n<\/ul>\n<\/li>\n<li>Fonctions: Acc\u00e9l\u00e9rom\u00e8tre<\/li>\n<li>vitesse:\n<ul>\n<li>30 fps<\/li>\n<li>2.8 GHz<\/li>\n<li>3.4 GHz<\/li>\n<\/ul>\n<\/li>\n<li>Cartes M\u00e9moire Compatibles: MicroSD (TransFlash)<\/li>\n<li>Non Inclus: Connexion au r\u00e9seau mobile<\/li>\n<li>R\u00e9solution:\n<ul>\n<li>WQXGA+<\/li>\n<li>2960 x 1848 px<\/li>\n<\/ul>\n<\/li>\n<li>Inclut: Crayon tactile<\/li>\n<li>Type de batterie: Batterie au lithium rechargeable<\/li>\n<li>Noyaux: 8 Noyaux<\/li>\n<li>R\u00e9solution (px):\n<ul>\n<li>3840 x 2160 px<\/li>\n<li>2160 px<\/li>\n<\/ul>\n<\/li>\n<li>Autonomie approx.: 10 heures<\/li>\n<\/ul>","protected":false},"excerpt":{"rendered":"<p>Si vous \u00eates passionn\u00e9 d&#8217;informatique et d&#8217;\u00e9lectronique, si vous \u00eates \u00e0 la pointe de la technologie et qu&#8217;aucun d\u00e9tail ne vous \u00e9chappe, achetez Tablette Samsung X920N 14,6&#8243; Octa Core 16 GB RAM 1 TB Gris au meilleur prix. La Galaxy Tab S10 Ultra de Samsung est une tablette haut de gamme con\u00e7ue pour les utilisateurs [&hellip;]<\/p>\n","protected":false},"featured_media":30297,"comment_status":"open","ping_status":"closed","template":"","meta":[],"product_brand":[183],"product_cat":[575,65,1052],"product_tag":[566,106],"class_list":{"0":"post-30302","1":"product","2":"type-product","3":"status-publish","4":"has-post-thumbnail","6":"product_brand-brandp_576","7":"product_cat-electronique-telephonie-et-tablettes","8":"product_cat-informatique-electronique","9":"product_cat-tablettes","10":"product_tag-tag_547","11":"product_tag-tag_1295","13":"first","14":"instock","15":"taxable","16":"shipping-taxable","17":"purchasable","18":"product-type-simple"},"_links":{"self":[{"href":"https:\/\/bigbuy.tupique.com\/es\/wp-json\/wp\/v2\/product\/30302","targetHints":{"allow":["GET"]}}],"collection":[{"href":"https:\/\/bigbuy.tupique.com\/es\/wp-json\/wp\/v2\/product"}],"about":[{"href":"https:\/\/bigbuy.tupique.com\/es\/wp-json\/wp\/v2\/types\/product"}],"replies":[{"embeddable":true,"href":"https:\/\/bigbuy.tupique.com\/es\/wp-json\/wp\/v2\/comments?post=30302"}],"wp:featuredmedia":[{"embeddable":true,"href":"https:\/\/bigbuy.tupique.com\/es\/wp-json\/wp\/v2\/media\/30297"}],"wp:attachment":[{"href":"https:\/\/bigbuy.tupique.com\/es\/wp-json\/wp\/v2\/media?parent=30302"}],"wp:term":[{"taxonomy":"product_brand","embeddable":true,"href":"https:\/\/bigbuy.tupique.com\/es\/wp-json\/wp\/v2\/product_brand?post=30302"},{"taxonomy":"product_cat","embeddable":true,"href":"https:\/\/bigbuy.tupique.com\/es\/wp-json\/wp\/v2\/product_cat?post=30302"},{"taxonomy":"product_tag","embeddable":true,"href":"https:\/\/bigbuy.tupique.com\/es\/wp-json\/wp\/v2\/product_tag?post=30302"}],"curies":[{"name":"wp","href":"https:\/\/api.w.org\/{rel}","templated":true}]}}