{"id":30253,"date":"2026-03-30T02:04:09","date_gmt":"2026-03-30T01:04:09","guid":{"rendered":"https:\/\/bigbuy.tupique.com\/produto\/kvm-switch-startech-ih2006-kvm-extender\/"},"modified":"2026-04-15T04:46:22","modified_gmt":"2026-04-15T03:46:22","slug":"kvm-switch-startech-ih2006-kvm-extender","status":"publish","type":"product","link":"https:\/\/bigbuy.tupique.com\/es\/produto\/kvm-switch-startech-ih2006-kvm-extender\/","title":{"rendered":"Switch KVM Startech IH2006-KVM-EXTENDER"},"content":{"rendered":"<p>Si vous \u00eates \u00e0 la recherche de nouvelles tendances sur le march\u00e9, nous vous pr\u00e9sentons <b>Switch KVM Startech IH2006-KVM-EXTENDER<\/b> !<\/p>\n<ul>\n<li>Couleur: Noir<\/li>\n<li>Connexions:\n<ul>\n<li>HDMI<\/li>\n<li>USB-C<\/li>\n<li>USB 2.0<\/li>\n<li>HDMI 2.0<\/li>\n<li>PC Audio-in x 1<\/li>\n<\/ul>\n<\/li>\n<li>Tension de sortie: 5 V<\/li>\n<li>Courant nominal: 0,3 A<\/li>\n<li>Caract\u00e9ristiques: T\u00e9moin de fonctionnement LED<\/li>\n<li>Tension: 100 &#8211; 240 V<\/li>\n<li>Non Inclus: Adaptateur AC<\/li>\n<li>Amp\u00e9rage: 2 A<\/li>\n<li>Pr\u00e9cision (humidit\u00e9 relative): 0 % &#8211; 90 %<\/li>\n<li>Inclut: Supports de montage<\/li>\n<\/ul>","protected":false},"excerpt":{"rendered":"<p>Si vous \u00eates \u00e0 la recherche de nouvelles tendances sur le march\u00e9, nous vous pr\u00e9sentons Switch KVM Startech IH2006-KVM-EXTENDER ! Couleur: Noir Connexions: HDMI USB-C USB 2.0 HDMI 2.0 PC Audio-in x 1 Tension de sortie: 5 V Courant nominal: 0,3 A Caract\u00e9ristiques: T\u00e9moin de fonctionnement LED Tension: 100 &#8211; 240 V Non Inclus: Adaptateur [&hellip;]<\/p>\n","protected":false},"featured_media":30241,"comment_status":"open","ping_status":"closed","template":"","meta":[],"product_brand":[634],"product_cat":[598,65,608],"product_tag":[106],"class_list":{"0":"post-30253","1":"product","2":"type-product","3":"status-publish","4":"has-post-thumbnail","6":"product_brand-brandp_4771","7":"product_cat-informatique-cables-et-adaptateurs","8":"product_cat-informatique-electronique","9":"product_cat-switch-kvm","10":"product_tag-tag_1295","12":"first","13":"instock","14":"taxable","15":"shipping-taxable","16":"purchasable","17":"product-type-simple"},"_links":{"self":[{"href":"https:\/\/bigbuy.tupique.com\/es\/wp-json\/wp\/v2\/product\/30253","targetHints":{"allow":["GET"]}}],"collection":[{"href":"https:\/\/bigbuy.tupique.com\/es\/wp-json\/wp\/v2\/product"}],"about":[{"href":"https:\/\/bigbuy.tupique.com\/es\/wp-json\/wp\/v2\/types\/product"}],"replies":[{"embeddable":true,"href":"https:\/\/bigbuy.tupique.com\/es\/wp-json\/wp\/v2\/comments?post=30253"}],"wp:featuredmedia":[{"embeddable":true,"href":"https:\/\/bigbuy.tupique.com\/es\/wp-json\/wp\/v2\/media\/30241"}],"wp:attachment":[{"href":"https:\/\/bigbuy.tupique.com\/es\/wp-json\/wp\/v2\/media?parent=30253"}],"wp:term":[{"taxonomy":"product_brand","embeddable":true,"href":"https:\/\/bigbuy.tupique.com\/es\/wp-json\/wp\/v2\/product_brand?post=30253"},{"taxonomy":"product_cat","embeddable":true,"href":"https:\/\/bigbuy.tupique.com\/es\/wp-json\/wp\/v2\/product_cat?post=30253"},{"taxonomy":"product_tag","embeddable":true,"href":"https:\/\/bigbuy.tupique.com\/es\/wp-json\/wp\/v2\/product_tag?post=30253"}],"curies":[{"name":"wp","href":"https:\/\/api.w.org\/{rel}","templated":true}]}}