{"id":30034,"date":"2026-03-30T01:48:58","date_gmt":"2026-03-30T00:48:58","guid":{"rendered":"https:\/\/bigbuy.tupique.com\/produto\/hard-drive-crucial-4-tb-ssd\/"},"modified":"2026-04-16T17:00:20","modified_gmt":"2026-04-16T16:00:20","slug":"hard-drive-crucial-4-tb-ssd","status":"publish","type":"product","link":"https:\/\/bigbuy.tupique.com\/es\/produto\/hard-drive-crucial-4-tb-ssd\/","title":{"rendered":"Disque dur Crucial 4 TB SSD"},"content":{"rendered":"<p>Si vous \u00eates \u00e0 la recherche de nouvelles tendances sur le march\u00e9, nous vous pr\u00e9sentons <b>Disque dur Crucial 4 TB SSD<\/b> !<\/p>\n<p>Le <b>Crucial CT4000P310SSD8<\/b> est un <b>disque dur SSD<\/b> haute capacit\u00e9 et performance, con\u00e7u pour les utilisateurs n\u00e9cessitant un stockage rapide et fiable au format <b>M.2 2280<\/b>. \u00c9quip\u00e9 de la technologie <b>NVMe PCIe Gen 4 x4<\/b>, ce SSD offre des vitesses de transfert exceptionnelles avec une <b>lecture s\u00e9quentielle jusqu\u2019\u00e0 7100 Mo\/s<\/b> et une <b>\u00e9criture s\u00e9quentielle jusqu\u2019\u00e0 6000 Mo\/s<\/b>, permettant de charger applications, jeux et fichiers lourds en quelques secondes. Il assure \u00e9galement des performances solides en op\u00e9rations al\u00e9atoires, atteignant jusqu\u2019\u00e0 <b>1000K IOPS en lecture et \u00e9criture al\u00e9atoires<\/b>, id\u00e9al pour am\u00e9liorer la r\u00e9activit\u00e9 du syst\u00e8me en multit\u00e2che et t\u00e2ches exigeantes. Avec une capacit\u00e9 de <b>4 To<\/b>, il permet de stocker de grands volumes de donn\u00e9es sans sacrifier la vitesse. Ce SSD se distingue aussi par sa durabilit\u00e9, supportant une endurance TBW (Total Bytes Written) de <b>800 To<\/b>, garantissant une longue dur\u00e9e de vie m\u00eame sous charges intensives. Sa compatibilit\u00e9 avec l\u2019interface <b>SATA<\/b>, <b>PCIe 4.0<\/b> et son format standard <b>M.2 2280<\/b> facilitent une int\u00e9gration optimale dans les syst\u00e8mes modernes, que ce soit pour une mise \u00e0 jour ou une installation dans de nouveaux \u00e9quipements n\u00e9cessitant haute performance et capacit\u00e9. Son design noir apporte discr\u00e9tion et style \u00e0 toute configuration. En r\u00e9sum\u00e9, le <b>Crucial CT4000P310SSD8<\/b> se positionne comme une solution de stockage professionnelle alliant vitesse, capacit\u00e9 et fiabilit\u00e9 pour utilisateurs avanc\u00e9s et environnements exigeants.<\/p>\n<ul>\n<li>Disque dur:\n<ul>\n<li>4 TB<\/li>\n<li>4 TB SSD<\/li>\n<\/ul>\n<\/li>\n<li>Compatible:\n<ul>\n<li>SSD NVMe<\/li>\n<li>PC\/Notebook<\/li>\n<\/ul>\n<\/li>\n<li>Connexions:\n<ul>\n<li>M.2<\/li>\n<li>PCI Express 4.0<\/li>\n<\/ul>\n<\/li>\n<li>vitesse:\n<ul>\n<li>6000 MB\/s<\/li>\n<li>7100 mb\/s<\/li>\n<\/ul>\n<\/li>\n<\/ul>","protected":false},"excerpt":{"rendered":"<p>Si vous \u00eates \u00e0 la recherche de nouvelles tendances sur le march\u00e9, nous vous pr\u00e9sentons Disque dur Crucial 4 TB SSD ! Le Crucial CT4000P310SSD8 est un disque dur SSD haute capacit\u00e9 et performance, con\u00e7u pour les utilisateurs n\u00e9cessitant un stockage rapide et fiable au format M.2 2280. \u00c9quip\u00e9 de la technologie NVMe PCIe Gen [&hellip;]<\/p>\n","protected":false},"featured_media":30025,"comment_status":"open","ping_status":"closed","template":"","meta":[],"product_brand":[1100],"product_cat":[588,65,584],"product_tag":[59,106],"class_list":{"0":"post-30034","1":"product","2":"type-product","3":"status-publish","4":"has-post-thumbnail","6":"product_brand-brandp_594","7":"product_cat-disques-durs","8":"product_cat-informatique-electronique","9":"product_cat-informatique-reseaux-et-composants","10":"product_tag-tag_1304","11":"product_tag-tag_1295","13":"first","14":"instock","15":"taxable","16":"shipping-taxable","17":"purchasable","18":"product-type-simple"},"_links":{"self":[{"href":"https:\/\/bigbuy.tupique.com\/es\/wp-json\/wp\/v2\/product\/30034","targetHints":{"allow":["GET"]}}],"collection":[{"href":"https:\/\/bigbuy.tupique.com\/es\/wp-json\/wp\/v2\/product"}],"about":[{"href":"https:\/\/bigbuy.tupique.com\/es\/wp-json\/wp\/v2\/types\/product"}],"replies":[{"embeddable":true,"href":"https:\/\/bigbuy.tupique.com\/es\/wp-json\/wp\/v2\/comments?post=30034"}],"wp:featuredmedia":[{"embeddable":true,"href":"https:\/\/bigbuy.tupique.com\/es\/wp-json\/wp\/v2\/media\/30025"}],"wp:attachment":[{"href":"https:\/\/bigbuy.tupique.com\/es\/wp-json\/wp\/v2\/media?parent=30034"}],"wp:term":[{"taxonomy":"product_brand","embeddable":true,"href":"https:\/\/bigbuy.tupique.com\/es\/wp-json\/wp\/v2\/product_brand?post=30034"},{"taxonomy":"product_cat","embeddable":true,"href":"https:\/\/bigbuy.tupique.com\/es\/wp-json\/wp\/v2\/product_cat?post=30034"},{"taxonomy":"product_tag","embeddable":true,"href":"https:\/\/bigbuy.tupique.com\/es\/wp-json\/wp\/v2\/product_tag?post=30034"}],"curies":[{"name":"wp","href":"https:\/\/api.w.org\/{rel}","templated":true}]}}