{"id":29938,"date":"2026-03-30T01:46:29","date_gmt":"2026-03-30T00:46:29","guid":{"rendered":"https:\/\/bigbuy.tupique.com\/produto\/graphics-card-pny-geforce-rtx-5060-ti-8-gb-gddr7\/"},"modified":"2026-04-16T20:20:22","modified_gmt":"2026-04-16T19:20:22","slug":"graphics-card-pny-geforce-rtx-5060-ti-8-gb-gddr7","status":"publish","type":"product","link":"https:\/\/bigbuy.tupique.com\/es\/produto\/graphics-card-pny-geforce-rtx-5060-ti-8-gb-gddr7\/","title":{"rendered":"Carte Graphique PNY geforce rtx 5060 ti 8 GB GDDR7"},"content":{"rendered":"<p>Si vous \u00eates \u00e0 la recherche de nouvelles tendances sur le march\u00e9, nous vous pr\u00e9sentons <b>Carte Graphique PNY geforce rtx 5060 ti 8 GB GDDR7<\/b> !<\/p>\n<ul>\n<li>Type: Carte graphique (GPU)<\/li>\n<li>Couleur: Noir<\/li>\n<li>Caract\u00e9ristiques:\n<ul>\n<li>R\u00e9alit\u00e9 virtuelle<\/li>\n<li>Guide d&#8217;installation inclus<\/li>\n<li>OpenGL 4.6<\/li>\n<li>HDCP 2,3<\/li>\n<\/ul>\n<\/li>\n<li>Connexions:\n<ul>\n<li>HDMI<\/li>\n<li>DisplayPort x 3<\/li>\n<li>8-pin x 1<\/li>\n<li>HDCP<\/li>\n<\/ul>\n<\/li>\n<li>Ventillateur: 2<\/li>\n<li>Compatible: Linux<\/li>\n<li>puissance: 180 W<\/li>\n<li>Interface: DirectX 12.0<\/li>\n<li>vitesse: 448 GB\/s<\/li>\n<li>R\u00e9solution (px): 7680 x 4320 px<\/li>\n<li>\u00c9crans support\u00e9s: x 4<\/li>\n<li>Capacit\u00e9 m\u00e9moire graphique: 8 GB<\/li>\n<li>Chipset: geforce rtx 5060 ti<\/li>\n<li>Type de m\u00e9moire: GDDR7<\/li>\n<\/ul>","protected":false},"excerpt":{"rendered":"<p>Si vous \u00eates \u00e0 la recherche de nouvelles tendances sur le march\u00e9, nous vous pr\u00e9sentons Carte Graphique PNY geforce rtx 5060 ti 8 GB GDDR7 ! Type: Carte graphique (GPU) Couleur: Noir Caract\u00e9ristiques: R\u00e9alit\u00e9 virtuelle Guide d&#8217;installation inclus OpenGL 4.6 HDCP 2,3 Connexions: HDMI DisplayPort x 3 8-pin x 1 HDCP Ventillateur: 2 Compatible: Linux [&hellip;]<\/p>\n","protected":false},"featured_media":29928,"comment_status":"open","ping_status":"closed","template":"","meta":[],"product_brand":[800],"product_cat":[1223,65,584],"product_tag":[59,106],"class_list":{"0":"post-29938","1":"product","2":"type-product","3":"status-publish","4":"has-post-thumbnail","6":"product_brand-brandp_2357","7":"product_cat-cartes-graphiques","8":"product_cat-informatique-electronique","9":"product_cat-informatique-reseaux-et-composants","10":"product_tag-tag_1304","11":"product_tag-tag_1295","13":"first","14":"instock","15":"taxable","16":"shipping-taxable","17":"purchasable","18":"product-type-simple"},"_links":{"self":[{"href":"https:\/\/bigbuy.tupique.com\/es\/wp-json\/wp\/v2\/product\/29938","targetHints":{"allow":["GET"]}}],"collection":[{"href":"https:\/\/bigbuy.tupique.com\/es\/wp-json\/wp\/v2\/product"}],"about":[{"href":"https:\/\/bigbuy.tupique.com\/es\/wp-json\/wp\/v2\/types\/product"}],"replies":[{"embeddable":true,"href":"https:\/\/bigbuy.tupique.com\/es\/wp-json\/wp\/v2\/comments?post=29938"}],"wp:featuredmedia":[{"embeddable":true,"href":"https:\/\/bigbuy.tupique.com\/es\/wp-json\/wp\/v2\/media\/29928"}],"wp:attachment":[{"href":"https:\/\/bigbuy.tupique.com\/es\/wp-json\/wp\/v2\/media?parent=29938"}],"wp:term":[{"taxonomy":"product_brand","embeddable":true,"href":"https:\/\/bigbuy.tupique.com\/es\/wp-json\/wp\/v2\/product_brand?post=29938"},{"taxonomy":"product_cat","embeddable":true,"href":"https:\/\/bigbuy.tupique.com\/es\/wp-json\/wp\/v2\/product_cat?post=29938"},{"taxonomy":"product_tag","embeddable":true,"href":"https:\/\/bigbuy.tupique.com\/es\/wp-json\/wp\/v2\/product_tag?post=29938"}],"curies":[{"name":"wp","href":"https:\/\/api.w.org\/{rel}","templated":true}]}}