{"id":29918,"date":"2026-03-30T01:45:56","date_gmt":"2026-03-30T00:45:56","guid":{"rendered":"https:\/\/bigbuy.tupique.com\/produto\/tablet-xiaomi-pad-7-pro-112-octa-core-12-gb-ram-512-gb-grey\/"},"modified":"2026-05-11T19:55:37","modified_gmt":"2026-05-11T17:55:37","slug":"tablet-xiaomi-pad-7-pro-112-octa-core-12-gb-ram-512-gb-grey","status":"publish","type":"product","link":"https:\/\/bigbuy.tupique.com\/es\/produto\/tablet-xiaomi-pad-7-pro-112-octa-core-12-gb-ram-512-gb-grey\/","title":{"rendered":"Tablette Xiaomi Pad 7 Pro 11,2&#8243; Octa Core 12 GB RAM 512 GB Gris"},"content":{"rendered":"<p>Si vous \u00eates \u00e0 la recherche de nouvelles tendances sur le march\u00e9, nous vous pr\u00e9sentons <b>Tablette Xiaomi Pad 7 Pro 11,2&#8243; Octa Core 12 GB RAM 512 GB Gris<\/b> !<\/p>\n<p>La <b>Xiaomi Pad 7 Pro<\/b> est une <b>tablette<\/b> avanc\u00e9e con\u00e7ue pour ceux qui recherchent puissance, polyvalence et qualit\u00e9 visuelle dans un appareil portable. Son <b>\u00e9cran LCD panoramique de 11,2 pouces<\/b> offre une exp\u00e9rience immersive id\u00e9ale pour le divertissement comme pour la productivit\u00e9, affichant des images nettes et des couleurs \u00e9quilibr\u00e9es, facilitant la lecture, la navigation ou le visionnage de vid\u00e9os en haute d\u00e9finition. Dot\u00e9e de <b>12 Go de RAM<\/b> et d\u2019une <b>capacit\u00e9 de stockage interne de 512 Go<\/b>, cette tablette permet de faire tourner des applications exigeantes, de g\u00e9rer le multit\u00e2che sans effort et de stocker une grande vari\u00e9t\u00e9 de fichiers et contenus sans contrainte d\u2019espace, s\u2019adaptant aux rythmes de travail ou d\u2019\u00e9tude les plus soutenus. Le design en <b>gris<\/b> lui conf\u00e8re une allure moderne et discr\u00e8te, tandis que l\u2019int\u00e9gration d\u2019<b>Android<\/b> comme syst\u00e8me d\u2019exploitation garantit l\u2019acc\u00e8s \u00e0 un vaste \u00e9cosyst\u00e8me d\u2019applications, de mises \u00e0 jour et de personnalisation, offrant une navigation intuitive et s\u00e9curis\u00e9e pour tous les utilisateurs. La <b>connectivit\u00e9 USB-C<\/b> \u00e9largit les possibilit\u00e9s de connexion avec d\u2019autres appareils et facilite la charge rapide, et gr\u00e2ce \u00e0 la prise en charge du <b>Wi-Fi<\/b>, la connexion sans fil reste stable et efficace \u00e0 la maison comme au bureau. La Xiaomi Pad 7 Pro, avec son ensemble solide de caract\u00e9ristiques techniques, se positionne comme un choix comp\u00e9titif pour ceux qui exigent de hautes performances et une grande capacit\u00e9 de stockage dans le segment des tablettes Android avanc\u00e9es.<\/p>\n<ul>\n<li>Type: Tablette<\/li>\n<li>Produit \u00e0 brancher: Oui<\/li>\n<li>Type de prise: Prise EU<\/li>\n<li>Diagonale de l&#8217;\u00e9cran (cm):\n<ul>\n<li>28,4 cm<\/li>\n<li>27,9 cm<\/li>\n<\/ul>\n<\/li>\n<li>Connectivit\u00e9:\n<ul>\n<li>Bluetooth<\/li>\n<li>Wi-Fi<\/li>\n<\/ul>\n<\/li>\n<li>Bloc d\u2019Alimentation: r\u00e9seau \u00e9lectrique<\/li>\n<li>Classification \u00e9nerg\u00e9tique: F<\/li>\n<li>Technologie:\n<ul>\n<li>IPS<\/li>\n<li>IPS LCD<\/li>\n<\/ul>\n<\/li>\n<li>Processeur:\n<ul>\n<li>Qualcomm Snapdragon<\/li>\n<li>Octa Core<\/li>\n<\/ul>\n<\/li>\n<li>Ecran:\n<ul>\n<li>11&#8243;<\/li>\n<li>11,2&#8243;<\/li>\n<\/ul>\n<\/li>\n<li>Indice de r\u00e9parabilit\u00e9: 8.1<\/li>\n<li>Connexions: USB-C<\/li>\n<li>Syst\u00e8me d&#8217;exploitation: Android<\/li>\n<li>M\u00e9moire RAM: 12 GB RAM<\/li>\n<li>M\u00e9moire interne: 512 GB<\/li>\n<li>Couleur: Gris<\/li>\n<li>Caract\u00e9ristiques: \u00c9cran LCD<\/li>\n<li>Type de batterie:\n<ul>\n<li>Litio Ion<\/li>\n<li>Batterie au lithium rechargeable<\/li>\n<\/ul>\n<\/li>\n<\/ul>","protected":false},"excerpt":{"rendered":"<p>Si vous \u00eates \u00e0 la recherche de nouvelles tendances sur le march\u00e9, nous vous pr\u00e9sentons Tablette Xiaomi Pad 7 Pro 11,2&#8243; Octa Core 12 GB RAM 512 GB Gris ! La Xiaomi Pad 7 Pro est une tablette avanc\u00e9e con\u00e7ue pour ceux qui recherchent puissance, polyvalence et qualit\u00e9 visuelle dans un appareil portable. Son \u00e9cran [&hellip;]<\/p>\n","protected":false},"featured_media":29913,"comment_status":"open","ping_status":"closed","template":"","meta":[],"product_brand":[525],"product_cat":[575,65,1052],"product_tag":[566,106],"class_list":{"0":"post-29918","1":"product","2":"type-product","3":"status-publish","4":"has-post-thumbnail","6":"product_brand-brandp_1269","7":"product_cat-electronique-telephonie-et-tablettes","8":"product_cat-informatique-electronique","9":"product_cat-tablettes","10":"product_tag-tag_547","11":"product_tag-tag_1295","13":"first","14":"instock","15":"taxable","16":"shipping-taxable","17":"purchasable","18":"product-type-simple"},"_links":{"self":[{"href":"https:\/\/bigbuy.tupique.com\/es\/wp-json\/wp\/v2\/product\/29918","targetHints":{"allow":["GET"]}}],"collection":[{"href":"https:\/\/bigbuy.tupique.com\/es\/wp-json\/wp\/v2\/product"}],"about":[{"href":"https:\/\/bigbuy.tupique.com\/es\/wp-json\/wp\/v2\/types\/product"}],"replies":[{"embeddable":true,"href":"https:\/\/bigbuy.tupique.com\/es\/wp-json\/wp\/v2\/comments?post=29918"}],"wp:featuredmedia":[{"embeddable":true,"href":"https:\/\/bigbuy.tupique.com\/es\/wp-json\/wp\/v2\/media\/29913"}],"wp:attachment":[{"href":"https:\/\/bigbuy.tupique.com\/es\/wp-json\/wp\/v2\/media?parent=29918"}],"wp:term":[{"taxonomy":"product_brand","embeddable":true,"href":"https:\/\/bigbuy.tupique.com\/es\/wp-json\/wp\/v2\/product_brand?post=29918"},{"taxonomy":"product_cat","embeddable":true,"href":"https:\/\/bigbuy.tupique.com\/es\/wp-json\/wp\/v2\/product_cat?post=29918"},{"taxonomy":"product_tag","embeddable":true,"href":"https:\/\/bigbuy.tupique.com\/es\/wp-json\/wp\/v2\/product_tag?post=29918"}],"curies":[{"name":"wp","href":"https:\/\/api.w.org\/{rel}","templated":true}]}}