{"id":29023,"date":"2026-03-30T00:42:44","date_gmt":"2026-03-29T23:42:44","guid":{"rendered":"https:\/\/bigbuy.tupique.com\/produto\/water-pump-sfa-saniaccess-3\/"},"modified":"2026-05-11T20:00:49","modified_gmt":"2026-05-11T18:00:49","slug":"water-pump-sfa-saniaccess-3","status":"publish","type":"product","link":"https:\/\/bigbuy.tupique.com\/es\/produto\/water-pump-sfa-saniaccess-3\/","title":{"rendered":"Pompe \u00e0 eau SFA Saniaccess 3"},"content":{"rendered":"<p>Si vous aimez prendre soin de chaque d\u00e9tail de votre maison et d&#8217;\u00eatre \u00e0 la derni\u00e8re mode en mati\u00e8re de produits qui vous rendront la vie plus facile, achetez <b>Pompe \u00e0 eau SFA Saniaccess 3<\/b> au meilleur prix.<\/p>\n<p>La <b>bomba elevadora SFA Saniaccess 3<\/b> est un \u00e9quipement sp\u00e9cialement con\u00e7u pour faciliter l\u2019\u00e9vacuation efficace des eaux us\u00e9es dans les environnements domestiques ou commerciaux, id\u00e9al pour l\u2019installation dans des <b>bidets sanitaires<\/b> ou des zones de lavage n\u00e9cessitant un syst\u00e8me d\u2019\u00e9vacuation fiable. Fabriqu\u00e9e en <b>plastique blanc et transparent<\/b>, elle allie durabilit\u00e9 et esth\u00e9tique discr\u00e8te, s\u2019int\u00e9grant facilement \u00e0 diff\u00e9rents styles de salle de bains ou buanderies. Cette pompe se distingue par ses <b>quatre entr\u00e9es<\/b> offrant une grande polyvalence pour la connexion des tuyaux et accessoires, permettant un sch\u00e9ma d\u2019installation flexible et personnalis\u00e9 selon les besoins de l\u2019espace. Son moteur puissant peut \u00e9vacuer l\u2019eau jusqu\u2019\u00e0 <b>5 m\u00e8tres en vertical et 100 m\u00e8tres en horizontal<\/b>, ce qui en fait une solution efficace pour \u00e9viter inondations ou bouchons, m\u00eame dans des installations complexes. De plus, son fonctionnement se caract\u00e9rise par un niveau sonore tr\u00e8s faible, d\u2019environ <b>46 dB(A)<\/b>, garantissant une performance silencieuse et confortable dans tout environnement. La SFA Saniaccess 3 int\u00e8gre un design intelligent facilitant l\u2019entretien et le nettoyage, avec un acc\u00e8s simple pour d\u00e9bloquer d\u2019\u00e9ventuelles obstructions sans d\u00e9montages compliqu\u00e9s. Son installation et son fonctionnement en font un dispositif robuste et fiable pour la gestion des eaux us\u00e9es, offrant un \u00e9quilibre entre puissance, praticit\u00e9 et discr\u00e9tion. En r\u00e9sum\u00e9, ce mod\u00e8le est une solution technique avanc\u00e9e dans le segment des pompes de relevage pour eaux us\u00e9es, r\u00e9pondant \u00e0 la demande de flexibilit\u00e9 et de facilit\u00e9 d\u2019entretien dans les syst\u00e8mes sanitaires et de lavage.<\/p>\n<ul>\n<li>Couleur:\n<ul>\n<li>Blanc<\/li>\n<li>Transparent<\/li>\n<\/ul>\n<\/li>\n<li>Mati\u00e8re: Plastique<\/li>\n<\/ul>","protected":false},"excerpt":{"rendered":"<p>Si vous aimez prendre soin de chaque d\u00e9tail de votre maison et d&#8217;\u00eatre \u00e0 la derni\u00e8re mode en mati\u00e8re de produits qui vous rendront la vie plus facile, achetez Pompe \u00e0 eau SFA Saniaccess 3 au meilleur prix. La bomba elevadora SFA Saniaccess 3 est un \u00e9quipement sp\u00e9cialement con\u00e7u pour faciliter l\u2019\u00e9vacuation efficace des eaux [&hellip;]<\/p>\n","protected":false},"featured_media":29016,"comment_status":"open","ping_status":"closed","template":"","meta":[],"product_brand":[405],"product_cat":[613,239],"product_tag":[59,210],"class_list":{"0":"post-29023","1":"product","2":"type-product","3":"status-publish","4":"has-post-thumbnail","6":"product_brand-brandp_8511","7":"product_cat-bricolage-et-materiel","8":"product_cat-maison-jardin","9":"product_tag-tag_1304","10":"product_tag-tag_25","12":"first","13":"instock","14":"taxable","15":"shipping-taxable","16":"purchasable","17":"product-type-simple"},"_links":{"self":[{"href":"https:\/\/bigbuy.tupique.com\/es\/wp-json\/wp\/v2\/product\/29023","targetHints":{"allow":["GET"]}}],"collection":[{"href":"https:\/\/bigbuy.tupique.com\/es\/wp-json\/wp\/v2\/product"}],"about":[{"href":"https:\/\/bigbuy.tupique.com\/es\/wp-json\/wp\/v2\/types\/product"}],"replies":[{"embeddable":true,"href":"https:\/\/bigbuy.tupique.com\/es\/wp-json\/wp\/v2\/comments?post=29023"}],"wp:featuredmedia":[{"embeddable":true,"href":"https:\/\/bigbuy.tupique.com\/es\/wp-json\/wp\/v2\/media\/29016"}],"wp:attachment":[{"href":"https:\/\/bigbuy.tupique.com\/es\/wp-json\/wp\/v2\/media?parent=29023"}],"wp:term":[{"taxonomy":"product_brand","embeddable":true,"href":"https:\/\/bigbuy.tupique.com\/es\/wp-json\/wp\/v2\/product_brand?post=29023"},{"taxonomy":"product_cat","embeddable":true,"href":"https:\/\/bigbuy.tupique.com\/es\/wp-json\/wp\/v2\/product_cat?post=29023"},{"taxonomy":"product_tag","embeddable":true,"href":"https:\/\/bigbuy.tupique.com\/es\/wp-json\/wp\/v2\/product_tag?post=29023"}],"curies":[{"name":"wp","href":"https:\/\/api.w.org\/{rel}","templated":true}]}}