{"id":28722,"date":"2026-03-30T00:24:54","date_gmt":"2026-03-29T23:24:54","guid":{"rendered":"https:\/\/bigbuy.tupique.com\/produto\/microwave-electrolux-cms4253tmx-steel\/"},"modified":"2026-04-16T17:36:00","modified_gmt":"2026-04-16T16:36:00","slug":"microwave-electrolux-cms4253tmx-steel","status":"publish","type":"product","link":"https:\/\/bigbuy.tupique.com\/es\/produto\/microwave-electrolux-cms4253tmx-steel\/","title":{"rendered":"Micro-ondes Electrolux CMS4253TMX Acier"},"content":{"rendered":"<p>Si vous \u00eates \u00e0 la recherche de nouvelles tendances sur le march\u00e9, nous vous pr\u00e9sentons <b>Micro-ondes Electrolux CMS4253TMX Acier<\/b> !<\/p>\n<p>Le <b>micro-ondes<\/b> encastrable Electrolux mod\u00e8le <b>CMS4253TMX<\/b> allie \u00e9l\u00e9gance et fonctionnalit\u00e9 dans une solution moderne con\u00e7ue pour s\u2019int\u00e9grer parfaitement aux cuisines contemporaines. Fabriqu\u00e9 en <b>acier inoxydable<\/b> de haute qualit\u00e9 avec une finition <b>acier anti-traces<\/b>, cet appareil offre durabilit\u00e9 et r\u00e9sistance aux taches tout en conservant un aspect propre et sophistiqu\u00e9 avec un entretien minimal. Ses dimensions de <b>388 mm de hauteur, 595 mm de largeur et 400 mm de profondeur<\/b> conviennent aux espaces d\u2019encastrement standards, optimisant l\u2019agencement du mobilier sans sacrifier capacit\u00e9 ni performance. Le micro-ondes dispose d\u2019un syst\u00e8me de <b>commande digitale<\/b> intuitif facilitant la s\u00e9lection pr\u00e9cise des temps et puissances, garantissant des r\u00e9sultats homog\u00e8nes \u00e0 chaque utilisation, adapt\u00e9 aussi bien \u00e0 la d\u00e9cong\u00e9lation qu\u2019\u00e0 la cuisson ou au r\u00e9chauffage des aliments. De plus, ce mod\u00e8le inclut un <b>manuel d\u2019instructions<\/b> pour une prise en main rapide de ses fonctions et de son entretien. Sa construction en acier inoxydable assure une protection suppl\u00e9mentaire contre la corrosion, tandis que le design anti-traces contribue \u00e0 pr\u00e9server une finition impeccable au quotidien. L\u2019installation encastrable de ce micro-ondes le rend discret et parfaitement int\u00e9gr\u00e9 \u00e0 tout environnement de cuisine, id\u00e9al pour ceux qui recherchent une solution efficace et discr\u00e8te sans renoncer \u00e0 une touche de modernit\u00e9. En r\u00e9sum\u00e9, l\u2019Electrolux CMS4253TMX repr\u00e9sente un micro-ondes encastrable \u00e9quilibrant design, fonctionnalit\u00e9 et qualit\u00e9 de fabrication, pens\u00e9 pour les utilisateurs qui appr\u00e9cient la combinaison d\u2019une technologie pratique et de finitions durables dans leur \u00e9quipement culinaire.<\/p>\n<ul>\n<li>Produit \u00e0 brancher: Oui<\/li>\n<li>Type d&#8217;installation: Int\u00e9grable<\/li>\n<li>Type de prise: Prise EU<\/li>\n<li>Bloc d\u2019Alimentation: r\u00e9seau \u00e9lectrique<\/li>\n<li>Couleur:\n<ul>\n<li>Gris<\/li>\n<li>Acier<\/li>\n<\/ul>\n<\/li>\n<li>Longueur du c\u00e2ble: 1,3 m<\/li>\n<li>Tension: 230 V \/ 50 Hz<\/li>\n<li>Plateau tournant: 31,5 cm<\/li>\n<li>\u00c9lev\u00e9:\n<ul>\n<li>38 cm<\/li>\n<li>20,6 cm<\/li>\n<\/ul>\n<\/li>\n<li>puissance:\n<ul>\n<li>1000 W<\/li>\n<li>1450 W<\/li>\n<\/ul>\n<\/li>\n<li>Largeur: 56 cm<\/li>\n<li>Dimensions approx.:\n<ul>\n<li>50 cm<\/li>\n<li>36,8 cm<\/li>\n<\/ul>\n<\/li>\n<li>Capacit\u00e9: 23 L<\/li>\n<li>Mati\u00e8re: Acier inoxydable<\/li>\n<li>Caract\u00e9ristiques:\n<ul>\n<li>Anti-trace<\/li>\n<li>Int\u00e9gr\u00e9<\/li>\n<\/ul>\n<\/li>\n<li>Type de commande: Num\u00e9rique<\/li>\n<li>Inclut:\n<ul>\n<li>Manuel d\u2019utilisation<\/li>\n<li>Plateau micro-ondes<\/li>\n<\/ul>\n<\/li>\n<\/ul>","protected":false},"excerpt":{"rendered":"<p><span class=\"unit-info\">21.1735 &euro; \/ 1 l<\/span><\/p>","protected":false},"featured_media":28716,"comment_status":"open","ping_status":"closed","template":"","meta":[],"product_brand":[1249],"product_cat":[60,727,77],"product_tag":[55,59,56],"class_list":{"0":"post-28722","1":"product","2":"type-product","3":"status-publish","4":"has-post-thumbnail","6":"product_brand-brandp_907","7":"product_cat-cuisine-gourmet","8":"product_cat-micro-ondes","9":"product_cat-petit-electromenager","10":"product_tag-tag_926","11":"product_tag-tag_1304","12":"product_tag-tag_930","14":"first","15":"instock","16":"taxable","17":"shipping-taxable","18":"purchasable","19":"product-type-simple"},"_links":{"self":[{"href":"https:\/\/bigbuy.tupique.com\/es\/wp-json\/wp\/v2\/product\/28722","targetHints":{"allow":["GET"]}}],"collection":[{"href":"https:\/\/bigbuy.tupique.com\/es\/wp-json\/wp\/v2\/product"}],"about":[{"href":"https:\/\/bigbuy.tupique.com\/es\/wp-json\/wp\/v2\/types\/product"}],"replies":[{"embeddable":true,"href":"https:\/\/bigbuy.tupique.com\/es\/wp-json\/wp\/v2\/comments?post=28722"}],"wp:featuredmedia":[{"embeddable":true,"href":"https:\/\/bigbuy.tupique.com\/es\/wp-json\/wp\/v2\/media\/28716"}],"wp:attachment":[{"href":"https:\/\/bigbuy.tupique.com\/es\/wp-json\/wp\/v2\/media?parent=28722"}],"wp:term":[{"taxonomy":"product_brand","embeddable":true,"href":"https:\/\/bigbuy.tupique.com\/es\/wp-json\/wp\/v2\/product_brand?post=28722"},{"taxonomy":"product_cat","embeddable":true,"href":"https:\/\/bigbuy.tupique.com\/es\/wp-json\/wp\/v2\/product_cat?post=28722"},{"taxonomy":"product_tag","embeddable":true,"href":"https:\/\/bigbuy.tupique.com\/es\/wp-json\/wp\/v2\/product_tag?post=28722"}],"curies":[{"name":"wp","href":"https:\/\/api.w.org\/{rel}","templated":true}]}}