{"id":28524,"date":"2026-03-30T00:19:41","date_gmt":"2026-03-29T23:19:41","guid":{"rendered":"https:\/\/bigbuy.tupique.com\/produto\/car-speakers-mtx-audio-kit-3-vias-2-pieces\/"},"modified":"2026-05-11T20:01:37","modified_gmt":"2026-05-11T18:01:37","slug":"car-speakers-mtx-audio-kit-3-vias-2-pieces","status":"publish","type":"product","link":"https:\/\/bigbuy.tupique.com\/es\/produto\/car-speakers-mtx-audio-kit-3-vias-2-pieces\/","title":{"rendered":"Enceintes pour Voiture Mtx Audio Kit 3 v\u00edas 2 Pi\u00e8ces"},"content":{"rendered":"<p>Si vous \u00eates \u00e0 la recherche de nouvelles tendances sur le march\u00e9, nous vous pr\u00e9sentons <b>Enceintes pour Voiture Mtx Audio Kit 3 v\u00edas 2 Pi\u00e8ces<\/b> !<\/p>\n<ul>\n<li>Nombre de pi\u00e8ces: 2 Pi\u00e8ces<\/li>\n<li>puissance: 150 W<\/li>\n<\/ul>","protected":false},"excerpt":{"rendered":"<p>Si vous \u00eates \u00e0 la recherche de nouvelles tendances sur le march\u00e9, nous vous pr\u00e9sentons Enceintes pour Voiture Mtx Audio Kit 3 v\u00edas 2 Pi\u00e8ces ! Nombre de pi\u00e8ces: 2 Pi\u00e8ces puissance: 150 W<\/p>","protected":false},"featured_media":28519,"comment_status":"open","ping_status":"closed","template":"","meta":[],"product_brand":[1097],"product_cat":[623,1224,65],"product_tag":[59],"class_list":{"0":"post-28524","1":"product","2":"type-product","3":"status-publish","4":"has-post-thumbnail","6":"product_brand-brandp_5967","7":"product_cat-electronique-gps-et-automobile","8":"product_cat-enceintes-pour-voiture","9":"product_cat-informatique-electronique","10":"product_tag-tag_1304","12":"first","13":"instock","14":"taxable","15":"shipping-taxable","16":"purchasable","17":"product-type-simple"},"_links":{"self":[{"href":"https:\/\/bigbuy.tupique.com\/es\/wp-json\/wp\/v2\/product\/28524","targetHints":{"allow":["GET"]}}],"collection":[{"href":"https:\/\/bigbuy.tupique.com\/es\/wp-json\/wp\/v2\/product"}],"about":[{"href":"https:\/\/bigbuy.tupique.com\/es\/wp-json\/wp\/v2\/types\/product"}],"replies":[{"embeddable":true,"href":"https:\/\/bigbuy.tupique.com\/es\/wp-json\/wp\/v2\/comments?post=28524"}],"wp:featuredmedia":[{"embeddable":true,"href":"https:\/\/bigbuy.tupique.com\/es\/wp-json\/wp\/v2\/media\/28519"}],"wp:attachment":[{"href":"https:\/\/bigbuy.tupique.com\/es\/wp-json\/wp\/v2\/media?parent=28524"}],"wp:term":[{"taxonomy":"product_brand","embeddable":true,"href":"https:\/\/bigbuy.tupique.com\/es\/wp-json\/wp\/v2\/product_brand?post=28524"},{"taxonomy":"product_cat","embeddable":true,"href":"https:\/\/bigbuy.tupique.com\/es\/wp-json\/wp\/v2\/product_cat?post=28524"},{"taxonomy":"product_tag","embeddable":true,"href":"https:\/\/bigbuy.tupique.com\/es\/wp-json\/wp\/v2\/product_tag?post=28524"}],"curies":[{"name":"wp","href":"https:\/\/api.w.org\/{rel}","templated":true}]}}