{"id":28518,"date":"2026-03-30T00:19:31","date_gmt":"2026-03-29T23:19:31","guid":{"rendered":"https:\/\/bigbuy.tupique.com\/produto\/smartwatch-apple-apple-watch-series-10-46-mm-195-grey-o-46-mm\/"},"modified":"2026-04-16T21:30:42","modified_gmt":"2026-04-16T20:30:42","slug":"smartwatch-apple-apple-watch-series-10-46-mm-195-grey-o-46-mm","status":"publish","type":"product","link":"https:\/\/bigbuy.tupique.com\/es\/produto\/smartwatch-apple-apple-watch-series-10-46-mm-195-grey-o-46-mm\/","title":{"rendered":"Montre intelligente Apple Apple Watch Series 10 46 mm 1,95&#8243; Gris \u00d8 46 mm"},"content":{"rendered":"<p>Si vous \u00eates \u00e0 la recherche de nouvelles tendances sur le march\u00e9, nous vous pr\u00e9sentons <b>Montre intelligente Apple Apple Watch Series 10 46 mm 1,95&#8243; Gris \u00d8 46 mm<\/b> !<\/p>\n<p>La <b>Apple Watch Series 10<\/b> est une <b>smartwatch<\/b> de derni\u00e8re g\u00e9n\u00e9ration qui allie un design robuste \u00e0 des fonctionnalit\u00e9s technologiques avanc\u00e9es. Cette version pr\u00e9sente un <b>bo\u00eetier en titane couleur ardoise<\/b>, un mat\u00e9riau reconnu pour sa r\u00e9sistance et sa l\u00e9g\u00e8ret\u00e9, offrant un aspect moderne et sophistiqu\u00e9. Son format de <b>46 mm<\/b> propose un \u00e9cran large et confortable pour consulter notifications, donn\u00e9es de sant\u00e9 et applications, facilitant l\u2019interaction tout en conservant une bonne ergonomie. Pour compl\u00e9ter l\u2019esth\u00e9tique, elle int\u00e8gre un <b>bracelet Milanese Loop couleur ardoise<\/b>, en acier inoxydable, garantissant durabilit\u00e9 et ajustement pr\u00e9cis au poignet gr\u00e2ce \u00e0 une fermeture magn\u00e9tique adaptable. C\u00f4t\u00e9 connectivit\u00e9, l\u2019Apple Watch Series 10 dispose d\u2019options <b>GPS + Cellular<\/b>, permettant une connexion autonome via r\u00e9seaux mobiles pour appels et donn\u00e9es sans besoin d\u2019iPhone \u00e0 proximit\u00e9, ainsi que du <b>Bluetooth<\/b> pour synchroniser avec d\u2019autres appareils compatibles. Gr\u00e2ce \u00e0 son syst\u00e8me d\u2019exploitation watchOS polyvalent, elle offre un suivi avanc\u00e9 de l\u2019activit\u00e9 physique, une surveillance cardiaque, un contr\u00f4le du sommeil et l\u2019acc\u00e8s \u00e0 une large gamme d\u2019applications d\u00e9di\u00e9es au bien-\u00eatre et \u00e0 la productivit\u00e9. Cette smartwatch repr\u00e9sente une solution compl\u00e8te pour ceux qui recherchent un appareil fiable, r\u00e9sistant et dot\u00e9 de capacit\u00e9s de connectivit\u00e9 mobile optimis\u00e9es, le tout dans un format parfaitement adapt\u00e9 \u00e0 un style de vie actif et connect\u00e9.<\/p>\n<ul>\n<li>Type de montre: Montre intelligente<\/li>\n<li>Produit \u00e0 brancher: Oui<\/li>\n<li>Type de prise: Prise EU<\/li>\n<li>Bloc d\u2019Alimentation: r\u00e9seau \u00e9lectrique<\/li>\n<li>Couleur:\n<ul>\n<li>Noir<\/li>\n<li>Gris<\/li>\n<\/ul>\n<\/li>\n<li>Taille:\n<ul>\n<li>M<\/li>\n<li>46 mm<\/li>\n<\/ul>\n<\/li>\n<li>Mati\u00e8re: Acier inoxydable<\/li>\n<li>Caract\u00e9ristiques:\n<ul>\n<li>Acc\u00e9l\u00e9rom\u00e8tre<\/li>\n<li>Haut-parleurs int\u00e9gr\u00e9s<\/li>\n<li>Ecran tactile<\/li>\n<li>Capteur de lumi\u00e8re ambiante<\/li>\n<li>Gyroscope<\/li>\n<li>Altim\u00e8tre<\/li>\n<li>Microphone int\u00e9gr\u00e9<\/li>\n<li>Moniteur de Sommeil<\/li>\n<li>Connexion au r\u00e9seau mobile<\/li>\n<li>Charge magn\u00e9tique<\/li>\n<li>\u00c9cran avec coins arrondis<\/li>\n<\/ul>\n<\/li>\n<li>Connexions: 4G<\/li>\n<li>Type de batterie:\n<ul>\n<li>Int\u00e9gr\u00e9e<\/li>\n<li>Litio Ion<\/li>\n<\/ul>\n<\/li>\n<li>Connectivit\u00e9:\n<ul>\n<li>Bluetooth<\/li>\n<li>Wi-Fi<\/li>\n<li>GPS<\/li>\n<li>NFC<\/li>\n<li>BeiDou<\/li>\n<li>Galileo<\/li>\n<li>LTE<\/li>\n<li>Bluetooth 5.3<\/li>\n<\/ul>\n<\/li>\n<li>Compatible:\n<ul>\n<li>Siri<\/li>\n<li>iOS<\/li>\n<\/ul>\n<\/li>\n<li>Caisse: 46 mm<\/li>\n<li>Couleur du bracelet: Gris<\/li>\n<li>Forme: Rectangulaire<\/li>\n<li>Couleur du bo\u00eetier de l&#8217;horloge: Gris<\/li>\n<li>Genre: Adultes unisexes<\/li>\n<li>GPS: Oui<\/li>\n<li>Cam\u00e9ra\/Appareil Photo: Non<\/li>\n<li>Fonctions:\n<ul>\n<li>Moniteur de Sommeil<\/li>\n<li>Moniteur de fr\u00e9quence cardiaque<\/li>\n<\/ul>\n<\/li>\n<li>Chargeur sans fil: Oui<\/li>\n<li>Diam\u00e8tre du bo\u00eetier: \u00d8 46 mm<\/li>\n<li>Radio FM: Non<\/li>\n<li>R\u00e9sistant \u00e0 l&#8217;eau: 50 m<\/li>\n<li>Couleur du cadran: Gris fonc\u00e9<\/li>\n<li>Technologie: OLED<\/li>\n<li>Connexion USB: Non<\/li>\n<li>Inclut: Chargeur<\/li>\n<li>Sangle: Amovible<\/li>\n<li>Syst\u00e8me d&#8217;exploitation: watchOS 7<\/li>\n<li>M\u00e9moire Flash: 64 MB<\/li>\n<li>Diam\u00e8tre du bo\u00eetier de la montre: \u00d8 46 mm<\/li>\n<li>Mat\u00e9riau du bracelet: Legging<\/li>\n<li>Ecran: 1,95&#8243;<\/li>\n<\/ul>","protected":false},"excerpt":{"rendered":"<p><span class=\"unit-info\">24456.3043 &euro; \/ 1 m<\/span><\/p>","protected":false},"featured_media":28512,"comment_status":"open","ping_status":"closed","template":"","meta":[],"product_brand":[979],"product_cat":[575,65,748],"product_tag":[103,59,566,106],"class_list":{"0":"post-28518","1":"product","2":"type-product","3":"status-publish","4":"has-post-thumbnail","6":"product_brand-brandp_533","7":"product_cat-electronique-telephonie-et-tablettes","8":"product_cat-informatique-electronique","9":"product_cat-smartwatches","10":"product_tag-tag_1261","11":"product_tag-tag_1304","12":"product_tag-tag_547","13":"product_tag-tag_1295","15":"first","16":"instock","17":"taxable","18":"shipping-taxable","19":"purchasable","20":"product-type-simple"},"_links":{"self":[{"href":"https:\/\/bigbuy.tupique.com\/es\/wp-json\/wp\/v2\/product\/28518","targetHints":{"allow":["GET"]}}],"collection":[{"href":"https:\/\/bigbuy.tupique.com\/es\/wp-json\/wp\/v2\/product"}],"about":[{"href":"https:\/\/bigbuy.tupique.com\/es\/wp-json\/wp\/v2\/types\/product"}],"replies":[{"embeddable":true,"href":"https:\/\/bigbuy.tupique.com\/es\/wp-json\/wp\/v2\/comments?post=28518"}],"wp:featuredmedia":[{"embeddable":true,"href":"https:\/\/bigbuy.tupique.com\/es\/wp-json\/wp\/v2\/media\/28512"}],"wp:attachment":[{"href":"https:\/\/bigbuy.tupique.com\/es\/wp-json\/wp\/v2\/media?parent=28518"}],"wp:term":[{"taxonomy":"product_brand","embeddable":true,"href":"https:\/\/bigbuy.tupique.com\/es\/wp-json\/wp\/v2\/product_brand?post=28518"},{"taxonomy":"product_cat","embeddable":true,"href":"https:\/\/bigbuy.tupique.com\/es\/wp-json\/wp\/v2\/product_cat?post=28518"},{"taxonomy":"product_tag","embeddable":true,"href":"https:\/\/bigbuy.tupique.com\/es\/wp-json\/wp\/v2\/product_tag?post=28518"}],"curies":[{"name":"wp","href":"https:\/\/api.w.org\/{rel}","templated":true}]}}