{"id":28495,"date":"2026-03-30T00:11:03","date_gmt":"2026-03-29T23:11:03","guid":{"rendered":"https:\/\/bigbuy.tupique.com\/produto\/meat-slicer-hkoenig-msx252-black-240-w\/"},"modified":"2026-05-11T20:01:27","modified_gmt":"2026-05-11T18:01:27","slug":"meat-slicer-hkoenig-msx252-black-240-w","status":"publish","type":"product","link":"https:\/\/bigbuy.tupique.com\/es\/produto\/meat-slicer-hkoenig-msx252-black-240-w\/","title":{"rendered":"Trancheuse de viande Hkoenig MSX252 Noir 240 W"},"content":{"rendered":"<p>Si vous \u00eates \u00e0 la recherche de nouvelles tendances sur le march\u00e9, nous vous pr\u00e9sentons <b>Trancheuse de viande Hkoenig MSX252 Noir 240 W<\/b> !<\/p>\n<p>La <b>MSX252 de Hkoenig<\/b> est une <b>trancheuse<\/b> con\u00e7ue pour offrir pr\u00e9cision, robustesse et facilit\u00e9 d\u2019utilisation aussi bien \u00e0 la maison qu\u2019en milieu professionnel. Fabriqu\u00e9e en <b>acier inoxydable<\/b>, cette trancheuse assure une hygi\u00e8ne optimale et une durabilit\u00e9 sup\u00e9rieure face \u00e0 une utilisation intensive et \u00e0 des nettoyages fr\u00e9quents, des qualit\u00e9s essentielles pour la manipulation des aliments. Son <b>moteur puissant de 240 W<\/b> permet de trancher sans effort charcuteries, fromages, viandes et autres aliments avec efficacit\u00e9, tout en garantissant une coupe uniforme et professionnelle. Le design en <b>noir et gris<\/b> (noir), associ\u00e9 \u00e0 sa finition m\u00e9tallique, apporte une touche moderne et s\u2019int\u00e8gre facilement dans toutes les cuisines. La MSX252 se distingue par sa structure solide et stable, r\u00e9duisant les vibrations et am\u00e9liorant la s\u00e9curit\u00e9 lors de l\u2019utilisation. Dot\u00e9e de commandes intuitives et de surfaces lisses, elle facilite le r\u00e9glage de l\u2019\u00e9paisseur ainsi que le nettoyage apr\u00e8s chaque usage. Cette solution de d\u00e9coupe, pens\u00e9e pour ceux qui recherchent pr\u00e9cision et fiabilit\u00e9 dans leurs t\u00e2ches culinaires, r\u00e9pond parfaitement aux exigences quotidiennes et garantit des r\u00e9sultats constants. Ainsi, la trancheuse Hkoenig MSX252 s\u2019impose comme un outil essentiel pour ceux qui privil\u00e9gient efficacit\u00e9, durabilit\u00e9 et design dans la d\u00e9coupe des aliments.<\/p>\n<ul>\n<li>Type: Trancheuse de viande<\/li>\n<li>Couleur: Noir<\/li>\n<li>puissance: 240 W<\/li>\n<li>Mati\u00e8re: Acier inoxydable<\/li>\n<li>Poids: 15 kg<\/li>\n<\/ul>","protected":false},"excerpt":{"rendered":"<p>Si vous \u00eates \u00e0 la recherche de nouvelles tendances sur le march\u00e9, nous vous pr\u00e9sentons Trancheuse de viande Hkoenig MSX252 Noir 240 W ! La MSX252 de Hkoenig est une trancheuse con\u00e7ue pour offrir pr\u00e9cision, robustesse et facilit\u00e9 d\u2019utilisation aussi bien \u00e0 la maison qu\u2019en milieu professionnel. Fabriqu\u00e9e en acier inoxydable, cette trancheuse assure une [&hellip;]<\/p>\n","protected":false},"featured_media":28491,"comment_status":"open","ping_status":"closed","template":"","meta":[],"product_brand":[288],"product_cat":[393,60,77],"product_tag":[59,56],"class_list":{"0":"post-28495","1":"product","2":"type-product","3":"status-publish","4":"has-post-thumbnail","6":"product_brand-brandp_5611","7":"product_cat-autres-appareils-de-cuisines","8":"product_cat-cuisine-gourmet","9":"product_cat-petit-electromenager","10":"product_tag-tag_1304","11":"product_tag-tag_930","13":"first","14":"instock","15":"taxable","16":"shipping-taxable","17":"purchasable","18":"product-type-simple"},"_links":{"self":[{"href":"https:\/\/bigbuy.tupique.com\/es\/wp-json\/wp\/v2\/product\/28495","targetHints":{"allow":["GET"]}}],"collection":[{"href":"https:\/\/bigbuy.tupique.com\/es\/wp-json\/wp\/v2\/product"}],"about":[{"href":"https:\/\/bigbuy.tupique.com\/es\/wp-json\/wp\/v2\/types\/product"}],"replies":[{"embeddable":true,"href":"https:\/\/bigbuy.tupique.com\/es\/wp-json\/wp\/v2\/comments?post=28495"}],"wp:featuredmedia":[{"embeddable":true,"href":"https:\/\/bigbuy.tupique.com\/es\/wp-json\/wp\/v2\/media\/28491"}],"wp:attachment":[{"href":"https:\/\/bigbuy.tupique.com\/es\/wp-json\/wp\/v2\/media?parent=28495"}],"wp:term":[{"taxonomy":"product_brand","embeddable":true,"href":"https:\/\/bigbuy.tupique.com\/es\/wp-json\/wp\/v2\/product_brand?post=28495"},{"taxonomy":"product_cat","embeddable":true,"href":"https:\/\/bigbuy.tupique.com\/es\/wp-json\/wp\/v2\/product_cat?post=28495"},{"taxonomy":"product_tag","embeddable":true,"href":"https:\/\/bigbuy.tupique.com\/es\/wp-json\/wp\/v2\/product_tag?post=28495"}],"curies":[{"name":"wp","href":"https:\/\/api.w.org\/{rel}","templated":true}]}}