{"id":28419,"date":"2026-03-30T00:08:54","date_gmt":"2026-03-29T23:08:54","guid":{"rendered":"https:\/\/bigbuy.tupique.com\/produto\/keyboard-steelseries\/"},"modified":"2026-04-16T21:30:43","modified_gmt":"2026-04-16T20:30:43","slug":"keyboard-steelseries","status":"publish","type":"product","link":"https:\/\/bigbuy.tupique.com\/es\/produto\/keyboard-steelseries\/","title":{"rendered":"Clavier SteelSeries"},"content":{"rendered":"<p>Si vous \u00eates \u00e0 la recherche de nouvelles tendances sur le march\u00e9, nous vous pr\u00e9sentons <b>Clavier SteelSeries<\/b> !<\/p>\n<p>Le <b>clavier<\/b> SteelSeries blanc offre une combinaison de design moderne et de fonctionnalit\u00e9, id\u00e9ale pour ceux qui recherchent pr\u00e9cision et durabilit\u00e9 lors de l\u2019utilisation, que ce soit au travail ou pour le gaming. Ce mod\u00e8le dispose d\u2019un <b>layout AZERTY fran\u00e7ais<\/b>, parfait pour les utilisateurs ayant besoin de la disposition sp\u00e9cifique \u00e0 la langue fran\u00e7aise ou travaillant r\u00e9guli\u00e8rement avec ce format. Fabriqu\u00e9 avec des mat\u00e9riaux de qualit\u00e9 et produit en <b>Chine<\/b>, il garantit robustesse et r\u00e9sistance \u00e0 une utilisation intensive. La connexion se fait via <b>USB<\/b>, assurant une transmission de donn\u00e9es rapide et stable, compatible avec <b>PC<\/b> pour une int\u00e9gration facile sur tout ordinateur de bureau ou portable. Avec ses dimensions compactes de <b>18,1 cm<\/b>, ce clavier convient aux bureaux \u00e0 espace r\u00e9duit ou \u00e0 ceux qui souhaitent une solution portable sans compromettre la fonctionnalit\u00e9. Sa finition <b>blanche<\/b> apporte une touche \u00e9l\u00e9gante \u00e0 tout environnement et s\u2019int\u00e8gre facilement \u00e0 diff\u00e9rents styles de setup. C\u2019est une option \u00e0 consid\u00e9rer pour ceux qui recherchent un clavier fiable avec des caract\u00e9ristiques adapt\u00e9es aux besoins sp\u00e9cifiques de langue et de connectivit\u00e9.<\/p>\n<ul>\n<li>Type: Clavier<\/li>\n<li>Clavier: Azerty Fran\u00e7ais<\/li>\n<li>Couleur: Blanc<\/li>\n<li>Interface: USB<\/li>\n<li>Compatible: PC<\/li>\n<\/ul>","protected":false},"excerpt":{"rendered":"<p>Si vous \u00eates \u00e0 la recherche de nouvelles tendances sur le march\u00e9, nous vous pr\u00e9sentons Clavier SteelSeries ! Le clavier SteelSeries blanc offre une combinaison de design moderne et de fonctionnalit\u00e9, id\u00e9ale pour ceux qui recherchent pr\u00e9cision et durabilit\u00e9 lors de l\u2019utilisation, que ce soit au travail ou pour le gaming. Ce mod\u00e8le dispose d\u2019un [&hellip;]<\/p>\n","protected":false},"featured_media":28413,"comment_status":"open","ping_status":"closed","template":"","meta":[],"product_brand":[791],"product_cat":[729,65,581],"product_tag":[213,59,106],"class_list":{"0":"post-28419","1":"product","2":"type-product","3":"status-publish","4":"has-post-thumbnail","6":"product_brand-brandp_625","7":"product_cat-claviers","8":"product_cat-informatique-electronique","9":"product_cat-informatique-peripheriques-et-consommables","10":"product_tag-tag_933","11":"product_tag-tag_1304","12":"product_tag-tag_1295","14":"first","15":"instock","16":"taxable","17":"shipping-taxable","18":"purchasable","19":"product-type-simple"},"_links":{"self":[{"href":"https:\/\/bigbuy.tupique.com\/es\/wp-json\/wp\/v2\/product\/28419","targetHints":{"allow":["GET"]}}],"collection":[{"href":"https:\/\/bigbuy.tupique.com\/es\/wp-json\/wp\/v2\/product"}],"about":[{"href":"https:\/\/bigbuy.tupique.com\/es\/wp-json\/wp\/v2\/types\/product"}],"replies":[{"embeddable":true,"href":"https:\/\/bigbuy.tupique.com\/es\/wp-json\/wp\/v2\/comments?post=28419"}],"wp:featuredmedia":[{"embeddable":true,"href":"https:\/\/bigbuy.tupique.com\/es\/wp-json\/wp\/v2\/media\/28413"}],"wp:attachment":[{"href":"https:\/\/bigbuy.tupique.com\/es\/wp-json\/wp\/v2\/media?parent=28419"}],"wp:term":[{"taxonomy":"product_brand","embeddable":true,"href":"https:\/\/bigbuy.tupique.com\/es\/wp-json\/wp\/v2\/product_brand?post=28419"},{"taxonomy":"product_cat","embeddable":true,"href":"https:\/\/bigbuy.tupique.com\/es\/wp-json\/wp\/v2\/product_cat?post=28419"},{"taxonomy":"product_tag","embeddable":true,"href":"https:\/\/bigbuy.tupique.com\/es\/wp-json\/wp\/v2\/product_tag?post=28419"}],"curies":[{"name":"wp","href":"https:\/\/api.w.org\/{rel}","templated":true}]}}