{"id":28371,"date":"2026-03-30T00:07:38","date_gmt":"2026-03-29T23:07:38","guid":{"rendered":"https:\/\/bigbuy.tupique.com\/produto\/electric-toothbrush-philips\/"},"modified":"2026-04-16T20:26:26","modified_gmt":"2026-04-16T19:26:26","slug":"electric-toothbrush-philips","status":"publish","type":"product","link":"https:\/\/bigbuy.tupique.com\/es\/produto\/electric-toothbrush-philips\/","title":{"rendered":"Brosse \u00e0 dents \u00e9lectrique Philips"},"content":{"rendered":"<p>Si vous \u00eates \u00e0 la recherche de nouvelles tendances sur le march\u00e9, nous vous pr\u00e9sentons <b>Brosse \u00e0 dents \u00e9lectrique Philips<\/b> !<\/p>\n<p>La <b>brosse \u00e0 dents \u00e9lectrique Philips Sonicare HX7429\/02<\/b> de la <b>s\u00e9rie 7100<\/b> allie technologie avanc\u00e9e et design pratique pour une hygi\u00e8ne bucco-dentaire optimale. Cet appareil dispose d\u2019un <b>manche ergonomique<\/b> offrant une prise en main confortable et s\u00fbre, adapt\u00e9 \u00e0 la forme naturelle de la main pour un meilleur contr\u00f4le et une pr\u00e9cision accrue. Son design bicolore en <b>blanc et noir<\/b> apporte une touche moderne et discr\u00e8te, id\u00e9ale pour toute salle de bain. La brosse est enti\u00e8rement <b>\u00e9lectrique<\/b>, avec des mouvements soniques qui \u00e9liminent efficacement la plaque dentaire et am\u00e9liorent la sant\u00e9 des gencives par rapport au brossage manuel classique. Elle int\u00e8gre un <b>minuteur int\u00e9gr\u00e9<\/b> qui aide \u00e0 respecter le temps recommand\u00e9 par les dentistes, garantissant un brossage homog\u00e8ne et complet dans toutes les zones de la bouche. De plus, elle est fournie avec une <b>base de charge<\/b> pour garder la brosse toujours pr\u00eate \u00e0 l\u2019emploi, ainsi qu\u2019un <b>c\u00e2ble USB<\/b> pour une recharge polyvalente et pratique, permettant la connexion \u00e0 diff\u00e9rents ports sans besoin d\u2019un chargeur sp\u00e9cifique. Philips, leader reconnu dans le soin dentaire, propose avec ce mod\u00e8le un produit combinant efficacit\u00e9, confort et facilit\u00e9 d\u2019utilisation, r\u00e9pondant aux exigences quotidiennes d\u2019hygi\u00e8ne orale. Cette brosse est une option \u00e9quilibr\u00e9e pour ceux qui souhaitent am\u00e9liorer leur routine de soin buccal gr\u00e2ce \u00e0 la technologie sonique avanc\u00e9e et des accessoires con\u00e7us pour le confort et la fonctionnalit\u00e9.<\/p>\n<ul>\n<li>Produit \u00e0 brancher: Oui<\/li>\n<li>Type de prise: Prise EU<\/li>\n<li>Bloc d\u2019Alimentation:\n<ul>\n<li>r\u00e9seau \u00e9lectrique<\/li>\n<li>Batterie<\/li>\n<\/ul>\n<\/li>\n<li>Type:\n<ul>\n<li>Brosse \u00e0 dents \u00e9lectrique<\/li>\n<li>Capteur de pression<\/li>\n<li>Brosse \u00e0 dents sonique<\/li>\n<\/ul>\n<\/li>\n<li>Couleur: Blanc<\/li>\n<li>Dimensions approx.: 18 x 12 x 24 cm<\/li>\n<li>Caract\u00e9ristiques:\n<ul>\n<li>\u00c9tui<\/li>\n<li>Minuterie<\/li>\n<li>Poign\u00e9e ergonomique<\/li>\n<li>Base de charge<\/li>\n<\/ul>\n<\/li>\n<li>Fonctions: Indicateur de batterie faible<\/li>\n<li>Type de batterie:\n<ul>\n<li>Int\u00e9gr\u00e9e<\/li>\n<li>Rechargeable<\/li>\n<li>Litio Ion<\/li>\n<\/ul>\n<\/li>\n<li>Connectivit\u00e9: Bluetooth<\/li>\n<li>Inclut:\n<ul>\n<li>C\u00e2ble USB<\/li>\n<li>T\u00eates x 2<\/li>\n<li>Voyant lumineux<\/li>\n<li>Chargeur<\/li>\n<\/ul>\n<\/li>\n<li>Utilisation recommand\u00e9e: Adulte<\/li>\n<li>Autonomie approx.: 500 heures<\/li>\n<li>Vitesse: 3 vitesses<\/li>\n<\/ul>","protected":false},"excerpt":{"rendered":"<p>Si vous \u00eates \u00e0 la recherche de nouvelles tendances sur le march\u00e9, nous vous pr\u00e9sentons Brosse \u00e0 dents \u00e9lectrique Philips ! La brosse \u00e0 dents \u00e9lectrique Philips Sonicare HX7429\/02 de la s\u00e9rie 7100 allie technologie avanc\u00e9e et design pratique pour une hygi\u00e8ne bucco-dentaire optimale. Cet appareil dispose d\u2019un manche ergonomique offrant une prise en main [&hellip;]<\/p>\n","protected":false},"featured_media":28366,"comment_status":"open","ping_status":"closed","template":"","meta":[],"product_brand":[315],"product_cat":[771,769,770],"product_tag":[59,56],"class_list":{"0":"post-28371","1":"product","2":"type-product","3":"status-publish","4":"has-post-thumbnail","6":"product_brand-brandp_571","7":"product_cat-hygiene-buccale","8":"product_cat-parfum-cosmetique","9":"product_cat-soin-corporel","10":"product_tag-tag_1304","11":"product_tag-tag_930","13":"first","14":"instock","15":"taxable","16":"shipping-taxable","17":"purchasable","18":"product-type-simple"},"_links":{"self":[{"href":"https:\/\/bigbuy.tupique.com\/es\/wp-json\/wp\/v2\/product\/28371","targetHints":{"allow":["GET"]}}],"collection":[{"href":"https:\/\/bigbuy.tupique.com\/es\/wp-json\/wp\/v2\/product"}],"about":[{"href":"https:\/\/bigbuy.tupique.com\/es\/wp-json\/wp\/v2\/types\/product"}],"replies":[{"embeddable":true,"href":"https:\/\/bigbuy.tupique.com\/es\/wp-json\/wp\/v2\/comments?post=28371"}],"wp:featuredmedia":[{"embeddable":true,"href":"https:\/\/bigbuy.tupique.com\/es\/wp-json\/wp\/v2\/media\/28366"}],"wp:attachment":[{"href":"https:\/\/bigbuy.tupique.com\/es\/wp-json\/wp\/v2\/media?parent=28371"}],"wp:term":[{"taxonomy":"product_brand","embeddable":true,"href":"https:\/\/bigbuy.tupique.com\/es\/wp-json\/wp\/v2\/product_brand?post=28371"},{"taxonomy":"product_cat","embeddable":true,"href":"https:\/\/bigbuy.tupique.com\/es\/wp-json\/wp\/v2\/product_cat?post=28371"},{"taxonomy":"product_tag","embeddable":true,"href":"https:\/\/bigbuy.tupique.com\/es\/wp-json\/wp\/v2\/product_tag?post=28371"}],"curies":[{"name":"wp","href":"https:\/\/api.w.org\/{rel}","templated":true}]}}