{"id":28351,"date":"2026-03-30T00:07:06","date_gmt":"2026-03-29T23:07:06","guid":{"rendered":"https:\/\/bigbuy.tupique.com\/produto\/mini-pc-apple-512-gb-ssd\/"},"modified":"2026-04-16T19:51:31","modified_gmt":"2026-04-16T18:51:31","slug":"mini-pc-apple-512-gb-ssd","status":"publish","type":"product","link":"https:\/\/bigbuy.tupique.com\/es\/produto\/mini-pc-apple-512-gb-ssd\/","title":{"rendered":"Mini PC Apple 512 GB SSD"},"content":{"rendered":"<p>Si vous \u00eates \u00e0 la recherche de nouvelles tendances sur le march\u00e9, nous vous pr\u00e9sentons <b>Mini PC Apple 512 GB SSD<\/b> !<\/p>\n<p>Le <b>Mac Studio<\/b> d\u2019Apple est un <b>mini PC<\/b> con\u00e7u pour les professionnels n\u00e9cessitant des performances extr\u00eames dans un espace r\u00e9duit, alliant efficacit\u00e9 et puissance dans un design compact avec une finition <b>gris argent\u00e9<\/b>. \u00c9quip\u00e9 du puissant <b>chip M4 Max<\/b>, il offre un <b>CPU 32 c\u0153urs<\/b> et un <b>GPU 36 c\u0153urs<\/b>, garantissant une capacit\u00e9 de traitement et graphique exceptionnelle pour des t\u00e2ches complexes telles que le montage vid\u00e9o 8K, le rendu 3D et le d\u00e9veloppement logiciel avanc\u00e9. Il int\u00e8gre une m\u00e9moire RAM de <b>36 Go<\/b> assurant un multit\u00e2che fluide et une performance stable sous charges lourdes, tandis que son <b>SSD de 512 Go<\/b> fournit un stockage ultra-rapide am\u00e9liorant les temps de chargement et de transfert de donn\u00e9es. C\u00f4t\u00e9 connectivit\u00e9, le Mac Studio int\u00e8gre le <b>Bluetooth<\/b> pour la connexion sans fil des p\u00e9riph\u00e9riques et appareils audio, ainsi que la prise en charge du <b>Wi-Fi et Wi-Fi 6 GHz<\/b>, permettant des connexions r\u00e9seau rapides, stables et optimales pour les environnements professionnels o\u00f9 le transfert de fichiers et la connexion continue sont essentiels. Son design compact et \u00e9l\u00e9gant en tons gris et argent\u00e9s s\u2019adapte parfaitement aux espaces de travail modernes, offrant une exp\u00e9rience technologique avanc\u00e9e sans compromettre l\u2019espace ni l\u2019esth\u00e9tique. Le Mac Studio d\u2019Apple repr\u00e9sente une solution technologique haut de gamme, con\u00e7ue pour r\u00e9pondre aux exigences des utilisateurs cr\u00e9atifs et professionnels recherchant une puissance maximale dans un format r\u00e9duit et stylis\u00e9.<\/p>\n<ul>\n<li>Type: Mini PC<\/li>\n<li>Produit \u00e0 brancher: Oui<\/li>\n<li>Type de prise: Prise EU<\/li>\n<li>Bloc d\u2019Alimentation:\n<ul>\n<li>r\u00e9seau \u00e9lectrique<\/li>\n<li>Cordon d&#8217;alimentation CA<\/li>\n<li>CC<\/li>\n<\/ul>\n<\/li>\n<li>Couleur:\n<ul>\n<li>Gris<\/li>\n<li>Argent\u00e9<\/li>\n<\/ul>\n<\/li>\n<li>Mod\u00e8le: PC<\/li>\n<li>Connexions:\n<ul>\n<li>HDMI<\/li>\n<li>RJ45<\/li>\n<li>HDMI 2.1 x 1<\/li>\n<li>USB-C 3.2 Gen 2 (3.1 Gen 2)<\/li>\n<li>USB-A 3.2<\/li>\n<\/ul>\n<\/li>\n<li>Connectivit\u00e9:\n<ul>\n<li>Bluetooth<\/li>\n<li>Gigabit Ethernet<\/li>\n<li>10 Gigabit Ethernet<\/li>\n<li>Wi-Fi<\/li>\n<li>Ethernet LAN<\/li>\n<li>Wi-Fi 6 GHz<\/li>\n<li>Bluetooth 5.3<\/li>\n<\/ul>\n<\/li>\n<li>Type de stockage: SSD<\/li>\n<li>Syst\u00e8me d&#8217;exploitation: macOS<\/li>\n<li>Mati\u00e8re: Aluminium<\/li>\n<li>Caract\u00e9ristiques:\n<ul>\n<li>Haut-parleurs int\u00e9gr\u00e9s<\/li>\n<li>Lecteur de Cartes<\/li>\n<li>Adaptateur graphique int\u00e9gr\u00e9<\/li>\n<\/ul>\n<\/li>\n<li>Cartes M\u00e9moire Compatibles: SDXC<\/li>\n<li>Disque dur: 512 GB SSD<\/li>\n<li>Fr\u00e9quence: 50 &#8211; 60 Hz<\/li>\n<li>Tension: 100 &#8211; 240 V<\/li>\n<li>Non Inclus:\n<ul>\n<li>Type d&#8217;unit\u00e9 optique<\/li>\n<li>Adaptateur graphique discret<\/li>\n<\/ul>\n<\/li>\n<li>Certificat: Certification ENERGY STAR<\/li>\n<li>Inclut: SSD x 1<\/li>\n<li>Noyaux:\n<ul>\n<li>16 Noyaux<\/li>\n<li>14 Noyaux<\/li>\n<\/ul>\n<\/li>\n<li>Dispositif intelligent: Apple Intelligence<\/li>\n<\/ul>","protected":false},"excerpt":{"rendered":"<p>Si vous \u00eates \u00e0 la recherche de nouvelles tendances sur le march\u00e9, nous vous pr\u00e9sentons Mini PC Apple 512 GB SSD ! Le Mac Studio d\u2019Apple est un mini PC con\u00e7u pour les professionnels n\u00e9cessitant des performances extr\u00eames dans un espace r\u00e9duit, alliant efficacit\u00e9 et puissance dans un design compact avec une finition gris argent\u00e9. [&hellip;]<\/p>\n","protected":false},"featured_media":191120,"comment_status":"open","ping_status":"closed","template":"","meta":[],"product_brand":[979],"product_cat":[65,958,1140],"product_tag":[213,59,106],"class_list":{"0":"post-28351","1":"product","2":"type-product","3":"status-publish","4":"has-post-thumbnail","6":"product_brand-brandp_533","7":"product_cat-informatique-electronique","8":"product_cat-informatique-ordinateurs","9":"product_cat-mini-pc","10":"product_tag-tag_933","11":"product_tag-tag_1304","12":"product_tag-tag_1295","14":"first","15":"instock","16":"taxable","17":"shipping-taxable","18":"purchasable","19":"product-type-simple"},"_links":{"self":[{"href":"https:\/\/bigbuy.tupique.com\/es\/wp-json\/wp\/v2\/product\/28351","targetHints":{"allow":["GET"]}}],"collection":[{"href":"https:\/\/bigbuy.tupique.com\/es\/wp-json\/wp\/v2\/product"}],"about":[{"href":"https:\/\/bigbuy.tupique.com\/es\/wp-json\/wp\/v2\/types\/product"}],"replies":[{"embeddable":true,"href":"https:\/\/bigbuy.tupique.com\/es\/wp-json\/wp\/v2\/comments?post=28351"}],"wp:featuredmedia":[{"embeddable":true,"href":"https:\/\/bigbuy.tupique.com\/es\/wp-json\/wp\/v2\/media\/191120"}],"wp:attachment":[{"href":"https:\/\/bigbuy.tupique.com\/es\/wp-json\/wp\/v2\/media?parent=28351"}],"wp:term":[{"taxonomy":"product_brand","embeddable":true,"href":"https:\/\/bigbuy.tupique.com\/es\/wp-json\/wp\/v2\/product_brand?post=28351"},{"taxonomy":"product_cat","embeddable":true,"href":"https:\/\/bigbuy.tupique.com\/es\/wp-json\/wp\/v2\/product_cat?post=28351"},{"taxonomy":"product_tag","embeddable":true,"href":"https:\/\/bigbuy.tupique.com\/es\/wp-json\/wp\/v2\/product_tag?post=28351"}],"curies":[{"name":"wp","href":"https:\/\/api.w.org\/{rel}","templated":true}]}}