{"id":28289,"date":"2026-03-30T00:05:28","date_gmt":"2026-03-29T23:05:28","guid":{"rendered":"https:\/\/bigbuy.tupique.com\/produto\/projector-epson-v11hb62040-full-hd-3700-lm\/"},"modified":"2026-04-15T04:32:41","modified_gmt":"2026-04-15T03:32:41","slug":"projector-epson-v11hb62040-full-hd-3700-lm","status":"publish","type":"product","link":"https:\/\/bigbuy.tupique.com\/es\/produto\/projector-epson-v11hb62040-full-hd-3700-lm\/","title":{"rendered":"Projecteur Epson V11HB62040 Full HD 3700 lm"},"content":{"rendered":"<p>Si vous \u00eates \u00e0 la recherche de nouvelles tendances sur le march\u00e9, nous vous pr\u00e9sentons <b>Projecteur Epson V11HB62040 Full HD 3700 lm<\/b> !<\/p>\n<ul>\n<li>Couleur: Blanc<\/li>\n<li>Connexions:\n<ul>\n<li>USB 2.0<\/li>\n<li>Ethernet LAN<\/li>\n<li>2<\/li>\n<li>HDMI x 2<\/li>\n<\/ul>\n<\/li>\n<li>Fr\u00e9quence: 50-60 Hz<\/li>\n<li>Connectivit\u00e9: Wi-Fi<\/li>\n<li>R\u00e9solution: Full HD<\/li>\n<li>Connexion d&#8217;entr\u00e9e: DVI<\/li>\n<li>Piles incluses: Oui<\/li>\n<li>Inclut: T\u00e9l\u00e9commande<\/li>\n<li>Tension: 100 &#8211; 240 V<\/li>\n<li>Lumens: 3700 lm<\/li>\n<li>Fr\u00e9quence d&#8217;entr\u00e9e AC: 50-60 Hz<\/li>\n<li>Caract\u00e9ristiques: Haut-parleurs int\u00e9gr\u00e9s<\/li>\n<\/ul>","protected":false},"excerpt":{"rendered":"<p>Si vous \u00eates \u00e0 la recherche de nouvelles tendances sur le march\u00e9, nous vous pr\u00e9sentons Projecteur Epson V11HB62040 Full HD 3700 lm ! Couleur: Blanc Connexions: USB 2.0 Ethernet LAN 2 HDMI x 2 Fr\u00e9quence: 50-60 Hz Connectivit\u00e9: Wi-Fi R\u00e9solution: Full HD Connexion d&#8217;entr\u00e9e: DVI Piles incluses: Oui Inclut: T\u00e9l\u00e9commande Tension: 100 &#8211; 240 V [&hellip;]<\/p>\n","protected":false},"featured_media":28284,"comment_status":"open","ping_status":"closed","template":"","meta":[],"product_brand":[632],"product_cat":[65,581,583],"product_tag":[],"class_list":{"0":"post-28289","1":"product","2":"type-product","3":"status-publish","4":"has-post-thumbnail","6":"product_brand-brandp_547","7":"product_cat-informatique-electronique","8":"product_cat-informatique-peripheriques-et-consommables","9":"product_cat-projecteurs","11":"first","12":"instock","13":"taxable","14":"shipping-taxable","15":"purchasable","16":"product-type-simple"},"_links":{"self":[{"href":"https:\/\/bigbuy.tupique.com\/es\/wp-json\/wp\/v2\/product\/28289","targetHints":{"allow":["GET"]}}],"collection":[{"href":"https:\/\/bigbuy.tupique.com\/es\/wp-json\/wp\/v2\/product"}],"about":[{"href":"https:\/\/bigbuy.tupique.com\/es\/wp-json\/wp\/v2\/types\/product"}],"replies":[{"embeddable":true,"href":"https:\/\/bigbuy.tupique.com\/es\/wp-json\/wp\/v2\/comments?post=28289"}],"wp:featuredmedia":[{"embeddable":true,"href":"https:\/\/bigbuy.tupique.com\/es\/wp-json\/wp\/v2\/media\/28284"}],"wp:attachment":[{"href":"https:\/\/bigbuy.tupique.com\/es\/wp-json\/wp\/v2\/media?parent=28289"}],"wp:term":[{"taxonomy":"product_brand","embeddable":true,"href":"https:\/\/bigbuy.tupique.com\/es\/wp-json\/wp\/v2\/product_brand?post=28289"},{"taxonomy":"product_cat","embeddable":true,"href":"https:\/\/bigbuy.tupique.com\/es\/wp-json\/wp\/v2\/product_cat?post=28289"},{"taxonomy":"product_tag","embeddable":true,"href":"https:\/\/bigbuy.tupique.com\/es\/wp-json\/wp\/v2\/product_tag?post=28289"}],"curies":[{"name":"wp","href":"https:\/\/api.w.org\/{rel}","templated":true}]}}