{"id":28234,"date":"2026-03-30T00:03:51","date_gmt":"2026-03-29T23:03:51","guid":{"rendered":"https:\/\/bigbuy.tupique.com\/produto\/baby-monitor-philips-2\/"},"modified":"2026-05-11T20:01:38","modified_gmt":"2026-05-11T18:01:38","slug":"baby-monitor-philips-2","status":"publish","type":"product","link":"https:\/\/bigbuy.tupique.com\/es\/produto\/baby-monitor-philips-2\/","title":{"rendered":"Interphone b\u00e9b\u00e9 Philips"},"content":{"rendered":"<p>Si vous \u00eates \u00e0 la recherche de nouvelles tendances sur le march\u00e9, nous vous pr\u00e9sentons <b>Interphone b\u00e9b\u00e9 Philips<\/b> !<\/p>\n<p>Le <b>vigilab\u00e9b\u00e9<\/b> <b>Philips Avent SCD953\/26<\/b> en couleur <b>blanc soie<\/b> est un moniteur vid\u00e9o connect\u00e9 con\u00e7u pour offrir aux parents une surveillance fiable et continue de leur b\u00e9b\u00e9, o\u00f9 qu\u2019ils soient. Cet appareil int\u00e8gre une technologie avanc\u00e9e permettant la transmission d\u2019images en temps r\u00e9el avec une grande nettet\u00e9, facilitant ainsi une supervision visuelle imm\u00e9diate. \u00c9quip\u00e9 d\u2019une connectivit\u00e9 qui permet le contr\u00f4le et la visualisation via des appareils mobiles, il offre flexibilit\u00e9 et confort pour surveiller le b\u00e9b\u00e9 sans \u00eatre dans la m\u00eame pi\u00e8ce. Son design en <b>blanc<\/b> apporte une finition propre et \u00e9l\u00e9gante, adapt\u00e9e \u00e0 tout environnement enfantin. Ce mod\u00e8le se distingue par une interface accessible et des fonctions essentielles pour la s\u00e9curit\u00e9 et le bien-\u00eatre du b\u00e9b\u00e9, telles que l\u2019audio bidirectionnel, la vision nocturne pour surveiller m\u00eame en faible luminosit\u00e9, et des alertes sonores signalant toute activit\u00e9 ou mouvement. La qualit\u00e9 d\u2019image et de son permet aux parents de b\u00e9n\u00e9ficier d\u2019une exp\u00e9rience compl\u00e8te et fiable \u00e0 chaque instant du soin du petit. Le <b>Philips Avent SCD953\/26<\/b> refl\u00e8te l\u2019engagement de la marque envers l\u2019innovation dans les produits d\u00e9di\u00e9s \u00e0 la s\u00e9curit\u00e9 infantile, offrant une solution pratique et technologiquement avanc\u00e9e pour le suivi quotidien du b\u00e9b\u00e9 \u00e0 distance et en toute s\u00e9curit\u00e9.<\/p>\n<ul>\n<li>Type: Interphone b\u00e9b\u00e9<\/li>\n<li>Produit \u00e0 brancher: Oui<\/li>\n<li>Type de prise: Prise EU<\/li>\n<li>Bloc d\u2019Alimentation: r\u00e9seau \u00e9lectrique<\/li>\n<li>Couleur: Blanc<\/li>\n<li>Caract\u00e9ristiques:\n<ul>\n<li>Lumi\u00e8re de nuit<\/li>\n<li>Microphone int\u00e9gr\u00e9<\/li>\n<li>Capteur de Mouvement<\/li>\n<\/ul>\n<\/li>\n<li>Tension:\n<ul>\n<li>5 V<\/li>\n<li>100 &#8211; 240 V<\/li>\n<\/ul>\n<\/li>\n<li>Fonctions: ECO<\/li>\n<li>Fr\u00e9quence d&#8217;entr\u00e9e AC: 50-60 Hz<\/li>\n<li>Non Inclus: Adaptateur AC<\/li>\n<li>Technologie: LCD<\/li>\n<li>Fr\u00e9quence: 2,4 GHz<\/li>\n<li>Autonomie approx.: 12 heures<\/li>\n<li>Diagonale de l&#8217;\u00e9cran (cm): 10,9 cm<\/li>\n<\/ul>","protected":false},"excerpt":{"rendered":"<p>Si vous \u00eates \u00e0 la recherche de nouvelles tendances sur le march\u00e9, nous vous pr\u00e9sentons Interphone b\u00e9b\u00e9 Philips ! Le vigilab\u00e9b\u00e9 Philips Avent SCD953\/26 en couleur blanc soie est un moniteur vid\u00e9o connect\u00e9 con\u00e7u pour offrir aux parents une surveillance fiable et continue de leur b\u00e9b\u00e9, o\u00f9 qu\u2019ils soient. Cet appareil int\u00e8gre une technologie avanc\u00e9e [&hellip;]<\/p>\n","protected":false},"featured_media":28231,"comment_status":"open","ping_status":"closed","template":"","meta":[],"product_brand":[315],"product_cat":[1221,239,579],"product_tag":[567,59],"class_list":{"0":"post-28234","1":"product","2":"type-product","3":"status-publish","4":"has-post-thumbnail","6":"product_brand-brandp_571","7":"product_cat-babyphone","8":"product_cat-maison-jardin","9":"product_cat-securite-a-la-maison","10":"product_tag-tag_556","11":"product_tag-tag_1304","13":"first","14":"instock","15":"taxable","16":"shipping-taxable","17":"purchasable","18":"product-type-simple"},"_links":{"self":[{"href":"https:\/\/bigbuy.tupique.com\/es\/wp-json\/wp\/v2\/product\/28234","targetHints":{"allow":["GET"]}}],"collection":[{"href":"https:\/\/bigbuy.tupique.com\/es\/wp-json\/wp\/v2\/product"}],"about":[{"href":"https:\/\/bigbuy.tupique.com\/es\/wp-json\/wp\/v2\/types\/product"}],"replies":[{"embeddable":true,"href":"https:\/\/bigbuy.tupique.com\/es\/wp-json\/wp\/v2\/comments?post=28234"}],"wp:featuredmedia":[{"embeddable":true,"href":"https:\/\/bigbuy.tupique.com\/es\/wp-json\/wp\/v2\/media\/28231"}],"wp:attachment":[{"href":"https:\/\/bigbuy.tupique.com\/es\/wp-json\/wp\/v2\/media?parent=28234"}],"wp:term":[{"taxonomy":"product_brand","embeddable":true,"href":"https:\/\/bigbuy.tupique.com\/es\/wp-json\/wp\/v2\/product_brand?post=28234"},{"taxonomy":"product_cat","embeddable":true,"href":"https:\/\/bigbuy.tupique.com\/es\/wp-json\/wp\/v2\/product_cat?post=28234"},{"taxonomy":"product_tag","embeddable":true,"href":"https:\/\/bigbuy.tupique.com\/es\/wp-json\/wp\/v2\/product_tag?post=28234"}],"curies":[{"name":"wp","href":"https:\/\/api.w.org\/{rel}","templated":true}]}}