{"id":28104,"date":"2026-03-29T23:50:34","date_gmt":"2026-03-29T22:50:34","guid":{"rendered":"https:\/\/bigbuy.tupique.com\/produto\/electric-hair-remover-braun\/"},"modified":"2026-04-16T16:32:22","modified_gmt":"2026-04-16T15:32:22","slug":"electric-hair-remover-braun","status":"publish","type":"product","link":"https:\/\/bigbuy.tupique.com\/es\/produto\/electric-hair-remover-braun\/","title":{"rendered":"\u00c9pilateur \u00e9lectrique Braun"},"content":{"rendered":"<p>\u00c9pilateur \u00e9lectrique Braun est un produit exclusif de qualit\u00e9 pour le soin du corps. Si vous recherchez les meilleurs produits d\u2019hygi\u00e8ne personnelle, les produits Braun 100 % originaux sont exactement ce dont vous avez besoin.<\/p>\n<ul>\n<li>Type: \u00c9pilateur<\/li>\n<li>Type de prise: Prise EU<\/li>\n<li>Produit \u00e0 brancher: Oui<\/li>\n<li>Vitesse: 10 vitesses<\/li>\n<li>Couleur: Blanc<\/li>\n<li>Caract\u00e9ristiques:\n<ul>\n<li>R\u00e9glable<\/li>\n<li>10 niveaux d&#8217;intensit\u00e9<\/li>\n<\/ul>\n<\/li>\n<li>Bloc d\u2019Alimentation: C\u00e2ble \u00e9lectrique<\/li>\n<li>Technologie: IPL<\/li>\n<li>Inclut: \u00c9tui<\/li>\n<\/ul>","protected":false},"excerpt":{"rendered":"<p>\u00c9pilateur \u00e9lectrique Braun est un produit exclusif de qualit\u00e9 pour le soin du corps. Si vous recherchez les meilleurs produits d\u2019hygi\u00e8ne personnelle, les produits Braun 100 % originaux sont exactement ce dont vous avez besoin. Type: \u00c9pilateur Type de prise: Prise EU Produit \u00e0 brancher: Oui Vitesse: 10 vitesses Couleur: Blanc Caract\u00e9ristiques: R\u00e9glable 10 niveaux [&hellip;]<\/p>\n","protected":false},"featured_media":28085,"comment_status":"open","ping_status":"closed","template":"","meta":[],"product_brand":[854],"product_cat":[1060,1059,752],"product_tag":[722,59],"class_list":{"0":"post-28104","1":"product","2":"type-product","3":"status-publish","4":"has-post-thumbnail","6":"product_brand-brandp_906","7":"product_cat-epilation-et-rasage","8":"product_cat-esthetique-et-traitements-corporels","9":"product_cat-sante-beaute","10":"product_tag-tag_923","11":"product_tag-tag_1304","13":"first","14":"instock","15":"taxable","16":"shipping-taxable","17":"purchasable","18":"product-type-simple"},"_links":{"self":[{"href":"https:\/\/bigbuy.tupique.com\/es\/wp-json\/wp\/v2\/product\/28104","targetHints":{"allow":["GET"]}}],"collection":[{"href":"https:\/\/bigbuy.tupique.com\/es\/wp-json\/wp\/v2\/product"}],"about":[{"href":"https:\/\/bigbuy.tupique.com\/es\/wp-json\/wp\/v2\/types\/product"}],"replies":[{"embeddable":true,"href":"https:\/\/bigbuy.tupique.com\/es\/wp-json\/wp\/v2\/comments?post=28104"}],"wp:featuredmedia":[{"embeddable":true,"href":"https:\/\/bigbuy.tupique.com\/es\/wp-json\/wp\/v2\/media\/28085"}],"wp:attachment":[{"href":"https:\/\/bigbuy.tupique.com\/es\/wp-json\/wp\/v2\/media?parent=28104"}],"wp:term":[{"taxonomy":"product_brand","embeddable":true,"href":"https:\/\/bigbuy.tupique.com\/es\/wp-json\/wp\/v2\/product_brand?post=28104"},{"taxonomy":"product_cat","embeddable":true,"href":"https:\/\/bigbuy.tupique.com\/es\/wp-json\/wp\/v2\/product_cat?post=28104"},{"taxonomy":"product_tag","embeddable":true,"href":"https:\/\/bigbuy.tupique.com\/es\/wp-json\/wp\/v2\/product_tag?post=28104"}],"curies":[{"name":"wp","href":"https:\/\/api.w.org\/{rel}","templated":true}]}}