{"id":28027,"date":"2026-03-29T23:48:21","date_gmt":"2026-03-29T22:48:21","guid":{"rendered":"https:\/\/bigbuy.tupique.com\/produto\/robot-vacuum-cleaner-dreame-6400-mah\/"},"modified":"2026-04-16T19:51:36","modified_gmt":"2026-04-16T18:51:36","slug":"robot-vacuum-cleaner-dreame-6400-mah","status":"publish","type":"product","link":"https:\/\/bigbuy.tupique.com\/es\/produto\/robot-vacuum-cleaner-dreame-6400-mah\/","title":{"rendered":"Aspirateur robot Dreame 6400 mAh"},"content":{"rendered":"<p>Si vous aimez prendre soin de chaque d\u00e9tail de votre maison et d&#8217;\u00eatre \u00e0 la derni\u00e8re mode en mati\u00e8re de produits qui vous rendront la vie plus facile, achetez <b>Aspirateur robot Dreame 6400 mAh<\/b> au meilleur prix.<\/p>\n<p>Le <b>robot aspirateur Dreame Z50 Ultra<\/b> en couleur <b>noir<\/b> est une solution avanc\u00e9e de nettoyage con\u00e7ue pour offrir une performance efficace et confortable \u00e0 la maison. Cet appareil combine une puissance d\u2019aspiration de <b>19 000 Pa<\/b> avec des serpilli\u00e8res rotatives doubles qui permettent un nettoyage en profondeur m\u00eame dans les zones difficiles d\u2019acc\u00e8s, garantissant un lavage plus complet et uniforme gr\u00e2ce \u00e0 la technologie thermostatique <b>HydroSync<\/b>, qui maintient la serpilli\u00e8re \u00e0 une temp\u00e9rature constante de <b>36\u00b0C<\/b> pour dissoudre efficacement les taches sans ab\u00eemer le sol. \u00c9quip\u00e9 d\u2019une navigation intelligente bas\u00e9e sur l\u2019intelligence artificielle (IA), le Z50 Ultra reconna\u00eet les obstacles, cartographie pr\u00e9cis\u00e9ment la disposition des pi\u00e8ces et optimise ses trajets de nettoyage pour couvrir rapidement et dynamiquement la maison. Son design <b>rond<\/b> facilite l\u2019acc\u00e8s aux coins et bords, tandis que sa <b>batterie de 6400 mAh<\/b> assure une autonomie prolong\u00e9e permettant de nettoyer plusieurs pi\u00e8ces avec une seule charge. De plus, l\u2019appareil est facile \u00e0 entretenir et est livr\u00e9 avec un <b>manuel d\u2019utilisation<\/b> qui facilite sa manipulation et sa configuration. Ce robot aspirateur int\u00e8gre des fonctionnalit\u00e9s qui en font un alli\u00e9 pratique pour garder la maison propre, avec une technologie avanc\u00e9e et un format compact adapt\u00e9 \u00e0 diff\u00e9rents environnements. En r\u00e9sum\u00e9, le Dreame Z50 Ultra repr\u00e9sente une option \u00e9quilibr\u00e9e, reconnue pour sa puissance, son innovation et sa facilit\u00e9 d\u2019usage pour ceux qui souhaitent automatiser efficacement le nettoyage.<\/p>\n<ul>\n<li>Type de prise: Prise EU<\/li>\n<li>Produit \u00e0 brancher: Oui<\/li>\n<li>Caract\u00e9ristiques:\n<ul>\n<li>Sans sac<\/li>\n<li>Facilit\u00e9 d&#8217;utilisation<\/li>\n<li>Facile \u00e0 nettoyer<\/li>\n<\/ul>\n<\/li>\n<li>Fonctions: Frott\u00e9<\/li>\n<li>Capacit\u00e9:\n<ul>\n<li>4 L<\/li>\n<li>300 ml<\/li>\n<li>4,5 L<\/li>\n<\/ul>\n<\/li>\n<li>diam\u00e8tre approx.: 35 cm<\/li>\n<li>roues: roues x 4<\/li>\n<li>Bloc d\u2019Alimentation: r\u00e9seau \u00e9lectrique<\/li>\n<li>Couleur:\n<ul>\n<li>Noir<\/li>\n<li>noir<\/li>\n<\/ul>\n<\/li>\n<li>Indice de r\u00e9parabilit\u00e9: 8.1<\/li>\n<li>Dimensions approx.: 35 cm<\/li>\n<li>Forme: Rond<\/li>\n<li>Inclut: Manuel de l&#8217;utilisateur<\/li>\n<li>Capacit\u00e9 de la batterie: 6400 mAh<\/li>\n<li>Aspiration: 19000 pa<\/li>\n<\/ul>","protected":false},"excerpt":{"rendered":"<p>Si vous aimez prendre soin de chaque d\u00e9tail de votre maison et d&#8217;\u00eatre \u00e0 la derni\u00e8re mode en mati\u00e8re de produits qui vous rendront la vie plus facile, achetez Aspirateur robot Dreame 6400 mAh au meilleur prix. Le robot aspirateur Dreame Z50 Ultra en couleur noir est une solution avanc\u00e9e de nettoyage con\u00e7ue pour offrir [&hellip;]<\/p>\n","protected":false},"featured_media":28002,"comment_status":"open","ping_status":"closed","template":"","meta":[],"product_brand":[860],"product_cat":[762,239,240],"product_tag":[59,56],"class_list":{"0":"post-28027","1":"product","2":"type-product","3":"status-publish","4":"has-post-thumbnail","6":"product_brand-brandp_4590","7":"product_cat-aspirateurs-et-robots","8":"product_cat-maison-jardin","9":"product_cat-nettoyage-aspirateur-et-repassage","10":"product_tag-tag_1304","11":"product_tag-tag_930","13":"first","14":"instock","15":"taxable","16":"shipping-taxable","17":"purchasable","18":"product-type-simple"},"_links":{"self":[{"href":"https:\/\/bigbuy.tupique.com\/es\/wp-json\/wp\/v2\/product\/28027","targetHints":{"allow":["GET"]}}],"collection":[{"href":"https:\/\/bigbuy.tupique.com\/es\/wp-json\/wp\/v2\/product"}],"about":[{"href":"https:\/\/bigbuy.tupique.com\/es\/wp-json\/wp\/v2\/types\/product"}],"replies":[{"embeddable":true,"href":"https:\/\/bigbuy.tupique.com\/es\/wp-json\/wp\/v2\/comments?post=28027"}],"wp:featuredmedia":[{"embeddable":true,"href":"https:\/\/bigbuy.tupique.com\/es\/wp-json\/wp\/v2\/media\/28002"}],"wp:attachment":[{"href":"https:\/\/bigbuy.tupique.com\/es\/wp-json\/wp\/v2\/media?parent=28027"}],"wp:term":[{"taxonomy":"product_brand","embeddable":true,"href":"https:\/\/bigbuy.tupique.com\/es\/wp-json\/wp\/v2\/product_brand?post=28027"},{"taxonomy":"product_cat","embeddable":true,"href":"https:\/\/bigbuy.tupique.com\/es\/wp-json\/wp\/v2\/product_cat?post=28027"},{"taxonomy":"product_tag","embeddable":true,"href":"https:\/\/bigbuy.tupique.com\/es\/wp-json\/wp\/v2\/product_tag?post=28027"}],"curies":[{"name":"wp","href":"https:\/\/api.w.org\/{rel}","templated":true}]}}