{"id":27896,"date":"2026-03-29T23:36:14","date_gmt":"2026-03-29T22:36:14","guid":{"rendered":"https:\/\/bigbuy.tupique.com\/produto\/robot-vacuum-cleaner-irobot-5\/"},"modified":"2026-04-16T18:45:44","modified_gmt":"2026-04-16T17:45:44","slug":"robot-vacuum-cleaner-irobot-5","status":"publish","type":"product","link":"https:\/\/bigbuy.tupique.com\/es\/produto\/robot-vacuum-cleaner-irobot-5\/","title":{"rendered":"Aspirateur robot iRobot"},"content":{"rendered":"<p>Si vous \u00eates \u00e0 la recherche de nouvelles tendances sur le march\u00e9, nous vous pr\u00e9sentons <b>Aspirateur robot iRobot<\/b> !<\/p>\n<p>Le <b>iRobot 405 PLUS COMBO<\/b> est un <b>robot aspirateur<\/b> avanc\u00e9 con\u00e7u pour faciliter le nettoyage domestique avec un haut degr\u00e9 d\u2019autonomie et de fonctionnalit\u00e9. Son design <b>rond<\/b> de couleur <b>blanche<\/b> favorise une navigation efficace adapt\u00e9e aux diff\u00e9rents espaces du foyer, permettant un nettoyage approfondi dans les zones difficiles d\u2019acc\u00e8s. Ce mod\u00e8le int\u00e8gre la technologie de balayage <b>LiDAR Clearview<\/b>, qui optimise la cartographie du logement pour des trac\u00e9s pr\u00e9cis et \u00e9vite les obstacles, garantissant une planification intelligente du parcours. La base multifonction avec syst\u00e8me <b>AutoWash<\/b> permet au robot non seulement d\u2019aspirer, mais aussi de <b>laver et s\u00e9cher<\/b> les sols, offrant une solution compl\u00e8te en un seul appareil, id\u00e9ale pour les foyers n\u00e9cessitant un entretien global et continu. Le robot offre une autonomie d\u2019environ <b>3 heures<\/b>, assurant de longs cycles de nettoyage sans interruptions fr\u00e9quentes pour la recharge. Sa facilit\u00e9 de nettoyage interne et externe en fait un appareil pratique et simple \u00e0 entretenir. De plus, il est compatible avec <b>Amazon Alexa<\/b> et <b>Google Home<\/b>, permettant son contr\u00f4le via assistants vocaux pour une gestion confortable et intuitive depuis n\u2019importe quelle pi\u00e8ce du domicile. En r\u00e9sum\u00e9, le iRobot 405 PLUS COMBO repr\u00e9sente une option technologique compl\u00e8te combinant aspiration et lavage dans un seul appareil, destin\u00e9 aux utilisateurs recherchant un robot intelligent, efficace et multifonction pour garder leurs espaces propres et soign\u00e9s avec un minimum d\u2019effort.<\/p>\n<ul>\n<li>Type de prise: Prise EU<\/li>\n<li>Produit \u00e0 brancher: Oui<\/li>\n<li>Bloc d\u2019Alimentation:\n<ul>\n<li>r\u00e9seau \u00e9lectrique<\/li>\n<li>Batterie<\/li>\n<\/ul>\n<\/li>\n<li>Couleur: Blanc<\/li>\n<li>Poids: 4,1 Kg<\/li>\n<li>Connectivit\u00e9: Wi-Fi<\/li>\n<li>Capacit\u00e9 de la batterie: 5000 mAh<\/li>\n<li>Compatible:\n<ul>\n<li>iRobot<\/li>\n<li>Amazon Alexa<\/li>\n<li>Google Home<\/li>\n<\/ul>\n<\/li>\n<li>Aspiration: 7000 pa<\/li>\n<li>Indice de r\u00e9parabilit\u00e9: 8.3<\/li>\n<li>Capacit\u00e9:\n<ul>\n<li>3 L<\/li>\n<li>295 ml<\/li>\n<li>0,3 L<\/li>\n<\/ul>\n<\/li>\n<li>Dimensions approx.:\n<ul>\n<li>46 cm<\/li>\n<li>38,1 cm<\/li>\n<li>10,6 cm<\/li>\n<\/ul>\n<\/li>\n<li>Caract\u00e9ristiques: Facile \u00e0 nettoyer<\/li>\n<li>Forme: Rond<\/li>\n<li>Autonomie approx.: 3 heures<\/li>\n<li>Filtre: HEPA<\/li>\n<\/ul>","protected":false},"excerpt":{"rendered":"<p>Si vous \u00eates \u00e0 la recherche de nouvelles tendances sur le march\u00e9, nous vous pr\u00e9sentons Aspirateur robot iRobot ! Le iRobot 405 PLUS COMBO est un robot aspirateur avanc\u00e9 con\u00e7u pour faciliter le nettoyage domestique avec un haut degr\u00e9 d\u2019autonomie et de fonctionnalit\u00e9. Son design rond de couleur blanche favorise une navigation efficace adapt\u00e9e aux [&hellip;]<\/p>\n","protected":false},"featured_media":27890,"comment_status":"open","ping_status":"closed","template":"","meta":[],"product_brand":[1239],"product_cat":[762,239,240],"product_tag":[59,56],"class_list":{"0":"post-27896","1":"product","2":"type-product","3":"status-publish","4":"has-post-thumbnail","6":"product_brand-brandp_6030","7":"product_cat-aspirateurs-et-robots","8":"product_cat-maison-jardin","9":"product_cat-nettoyage-aspirateur-et-repassage","10":"product_tag-tag_1304","11":"product_tag-tag_930","13":"first","14":"instock","15":"taxable","16":"shipping-taxable","17":"purchasable","18":"product-type-simple"},"_links":{"self":[{"href":"https:\/\/bigbuy.tupique.com\/es\/wp-json\/wp\/v2\/product\/27896","targetHints":{"allow":["GET"]}}],"collection":[{"href":"https:\/\/bigbuy.tupique.com\/es\/wp-json\/wp\/v2\/product"}],"about":[{"href":"https:\/\/bigbuy.tupique.com\/es\/wp-json\/wp\/v2\/types\/product"}],"replies":[{"embeddable":true,"href":"https:\/\/bigbuy.tupique.com\/es\/wp-json\/wp\/v2\/comments?post=27896"}],"wp:featuredmedia":[{"embeddable":true,"href":"https:\/\/bigbuy.tupique.com\/es\/wp-json\/wp\/v2\/media\/27890"}],"wp:attachment":[{"href":"https:\/\/bigbuy.tupique.com\/es\/wp-json\/wp\/v2\/media?parent=27896"}],"wp:term":[{"taxonomy":"product_brand","embeddable":true,"href":"https:\/\/bigbuy.tupique.com\/es\/wp-json\/wp\/v2\/product_brand?post=27896"},{"taxonomy":"product_cat","embeddable":true,"href":"https:\/\/bigbuy.tupique.com\/es\/wp-json\/wp\/v2\/product_cat?post=27896"},{"taxonomy":"product_tag","embeddable":true,"href":"https:\/\/bigbuy.tupique.com\/es\/wp-json\/wp\/v2\/product_tag?post=27896"}],"curies":[{"name":"wp","href":"https:\/\/api.w.org\/{rel}","templated":true}]}}