{"id":27741,"date":"2026-03-29T23:31:34","date_gmt":"2026-03-29T22:31:34","guid":{"rendered":"https:\/\/bigbuy.tupique.com\/produto\/surveillance-camcorder-ring-automotive-2\/"},"modified":"2026-04-16T20:56:37","modified_gmt":"2026-04-16T19:56:37","slug":"surveillance-camcorder-ring-automotive-2","status":"publish","type":"product","link":"https:\/\/bigbuy.tupique.com\/es\/produto\/surveillance-camcorder-ring-automotive-2\/","title":{"rendered":"Camescope de surveillance Ring Automotive"},"content":{"rendered":"<p>Si vous aimez prendre soin de chaque d\u00e9tail de votre maison et d&#8217;\u00eatre \u00e0 la derni\u00e8re mode en mati\u00e8re de produits qui vous rendront la vie plus facile, achetez <b>Camescope de surveillance Ring Automotive<\/b> au meilleur prix.<\/p>\n<ul>\n<li>Type:\n<ul>\n<li>Cam\u00e9scope<\/li>\n<li>Cam\u00e9ra de s\u00e9curit\u00e9 IP<\/li>\n<\/ul>\n<\/li>\n<li>Couleur: Noir<\/li>\n<li>Caract\u00e9ristiques:\n<ul>\n<li>Vision nocturne<\/li>\n<li>Haut-parleurs int\u00e9gr\u00e9s<\/li>\n<li>Microphone int\u00e9gr\u00e9<\/li>\n<\/ul>\n<\/li>\n<li>Type de batterie:\n<ul>\n<li>Batterie rechargeable<\/li>\n<li>Litio Ion<\/li>\n<\/ul>\n<\/li>\n<li>Connectivit\u00e9:\n<ul>\n<li>Wi-Fi<\/li>\n<li>Wi-Fi 5 GHz<\/li>\n<\/ul>\n<\/li>\n<li>Nombre de cam\u00e9ras: 1<\/li>\n<li>Classification IP: IP65<\/li>\n<li>Inclut:\n<ul>\n<li>C\u00e2ble USB<\/li>\n<li>Vis<\/li>\n<li>Batterie au lithium rechargeable<\/li>\n<li>Supports de montage<\/li>\n<li>Manuel de l&#8217;utilisateur<\/li>\n<\/ul>\n<\/li>\n<li>Fonctions: Vision nocturne<\/li>\n<li>Technologie:\n<ul>\n<li>Sans fil<\/li>\n<li>HDD<\/li>\n<li>2-Way CrossFireX<\/li>\n<\/ul>\n<\/li>\n<li>Ethernet: Non<\/li>\n<li>Vid\u00e9o: 1080 p<\/li>\n<li>Facteur de forme: Caisse<\/li>\n<li>Non Inclus: Bluetooth<\/li>\n<li>R\u00e9solution (px): 1920 x 1080 px<\/li>\n<\/ul>","protected":false},"excerpt":{"rendered":"<p><span class=\"unit-info\">3787.3750 &euro; \/ 1 m<\/span><\/p>","protected":false},"featured_media":27725,"comment_status":"open","ping_status":"closed","template":"","meta":[],"product_brand":[832],"product_cat":[580,239,579],"product_tag":[567,59,210],"class_list":{"0":"post-27741","1":"product","2":"type-product","3":"status-publish","4":"has-post-thumbnail","6":"product_brand-brandp_7888","7":"product_cat-cameras-de-surveillance-video","8":"product_cat-maison-jardin","9":"product_cat-securite-a-la-maison","10":"product_tag-tag_556","11":"product_tag-tag_1304","12":"product_tag-tag_25","14":"first","15":"instock","16":"taxable","17":"shipping-taxable","18":"purchasable","19":"product-type-simple"},"_links":{"self":[{"href":"https:\/\/bigbuy.tupique.com\/es\/wp-json\/wp\/v2\/product\/27741","targetHints":{"allow":["GET"]}}],"collection":[{"href":"https:\/\/bigbuy.tupique.com\/es\/wp-json\/wp\/v2\/product"}],"about":[{"href":"https:\/\/bigbuy.tupique.com\/es\/wp-json\/wp\/v2\/types\/product"}],"replies":[{"embeddable":true,"href":"https:\/\/bigbuy.tupique.com\/es\/wp-json\/wp\/v2\/comments?post=27741"}],"wp:featuredmedia":[{"embeddable":true,"href":"https:\/\/bigbuy.tupique.com\/es\/wp-json\/wp\/v2\/media\/27725"}],"wp:attachment":[{"href":"https:\/\/bigbuy.tupique.com\/es\/wp-json\/wp\/v2\/media?parent=27741"}],"wp:term":[{"taxonomy":"product_brand","embeddable":true,"href":"https:\/\/bigbuy.tupique.com\/es\/wp-json\/wp\/v2\/product_brand?post=27741"},{"taxonomy":"product_cat","embeddable":true,"href":"https:\/\/bigbuy.tupique.com\/es\/wp-json\/wp\/v2\/product_cat?post=27741"},{"taxonomy":"product_tag","embeddable":true,"href":"https:\/\/bigbuy.tupique.com\/es\/wp-json\/wp\/v2\/product_tag?post=27741"}],"curies":[{"name":"wp","href":"https:\/\/api.w.org\/{rel}","templated":true}]}}