{"id":27635,"date":"2026-03-29T23:21:41","date_gmt":"2026-03-29T22:21:41","guid":{"rendered":"https:\/\/bigbuy.tupique.com\/produto\/tablet-apple-starlight-13-m3-8-gb-ram-1-tb\/"},"modified":"2026-04-16T19:51:37","modified_gmt":"2026-04-16T18:51:37","slug":"tablet-apple-starlight-13-m3-8-gb-ram-1-tb","status":"publish","type":"product","link":"https:\/\/bigbuy.tupique.com\/es\/produto\/tablet-apple-starlight-13-m3-8-gb-ram-1-tb\/","title":{"rendered":"Tablette Apple starlight 13&#8243; M3 8 GB RAM 1 TB"},"content":{"rendered":"<p>Si vous \u00eates passionn\u00e9 d&#8217;<b>informatique et d&#8217;\u00e9lectronique<\/b>, si vous \u00eates \u00e0 la pointe de la technologie et qu&#8217;aucun d\u00e9tail ne vous \u00e9chappe, achetez <b>Tablette Apple starlight 13&#8243; M3 8 GB RAM 1 TB<\/b> au meilleur prix.<\/p>\n<p>L\u2019<b>iPad Air M3 (2025)<\/b> d\u2019Apple est une <b>tablette<\/b> haute performance con\u00e7ue pour offrir polyvalence et productivit\u00e9 dans un format l\u00e9ger et \u00e9l\u00e9gant. Il dispose d\u2019un superbe <b>\u00e9cran de 13 pouces<\/b>, offrant un large espace visuel id\u00e9al pour les t\u00e2ches professionnelles, cr\u00e9atives et multim\u00e9dias. Avec une capacit\u00e9 g\u00e9n\u00e9reuse de <b>8 Go de m\u00e9moire RAM<\/b>, cet appareil assure une exp\u00e9rience fluide m\u00eame lors de l\u2019ex\u00e9cution de plusieurs applications et processus exigeants. Il propose un stockage interne cons\u00e9quent, ici pr\u00e9sent\u00e9 dans sa version de <b>1 To<\/b>, adapt\u00e9 pour conserver de nombreux fichiers, applications ou contenus audiovisuels sans avoir besoin de stockage externe. Sa finition en <b>aluminium<\/b> apporte l\u00e9g\u00e8ret\u00e9 et robustesse, tandis que les options de couleur telles que <b>blanc, beige, gris et starlight<\/b> permettent de choisir selon les pr\u00e9f\u00e9rences esth\u00e9tiques sans renoncer \u00e0 un design moderne et sophistiqu\u00e9. La connectivit\u00e9 Wi-Fi et cellulaire int\u00e9gr\u00e9e facilite l\u2019acc\u00e8s permanent \u00e0 Internet, renfor\u00e7ant mobilit\u00e9 et connectivit\u00e9 partout. Int\u00e9gr\u00e9 \u00e0 l\u2019\u00e9cosyst\u00e8me Apple, ce mod\u00e8le garantit une compatibilit\u00e9 totale avec les applications exclusives et accessoires compatibles, tout en offrant la qualit\u00e9 et la fiabilit\u00e9 caract\u00e9ristiques de la marque. Cet iPad est con\u00e7u pour ceux qui recherchent \u00e0 allier performance avanc\u00e9e et design premium dans un appareil capable de s\u2019adapter aussi bien aux activit\u00e9s professionnelles qu\u2019aux loisirs num\u00e9riques.<\/p>\n<ul>\n<li>Type:\n<ul>\n<li>Tablette<\/li>\n<li>Flash<\/li>\n<\/ul>\n<\/li>\n<li>Type de prise: Prise EU<\/li>\n<li>Produit \u00e0 brancher: Oui<\/li>\n<li>Diagonale de l&#8217;\u00e9cran (cm): 33 cm<\/li>\n<li>Connectivit\u00e9:\n<ul>\n<li>Wi-Fi<\/li>\n<li>Bluetooth<\/li>\n<li>GPS<\/li>\n<li>5G<\/li>\n<li>eSIM<\/li>\n<li>Wi-Fi 6 GHz<\/li>\n<li>Bluetooth 5.3<\/li>\n<\/ul>\n<\/li>\n<li>Syst\u00e8me d&#8217;exploitation: iPadOS<\/li>\n<li>Couleur:\n<ul>\n<li>Gris<\/li>\n<li>Blanc<\/li>\n<li>starlight<\/li>\n<li>Beige<\/li>\n<\/ul>\n<\/li>\n<li>Formats: AAC<\/li>\n<li>Bloc d\u2019Alimentation:\n<ul>\n<li>r\u00e9seau \u00e9lectrique<\/li>\n<li>USB<\/li>\n<\/ul>\n<\/li>\n<li>Cam\u00e9ra\/Appareil Photo:\n<ul>\n<li>12 MP<\/li>\n<li>Arri\u00e8re<\/li>\n<\/ul>\n<\/li>\n<li>R\u00e9solution:\n<ul>\n<li>12 MP<\/li>\n<li>2732 x 2048 px<\/li>\n<\/ul>\n<\/li>\n<li>Classification \u00e9nerg\u00e9tique: G<\/li>\n<li>Technologie:\n<ul>\n<li>IPS<\/li>\n<li>LED<\/li>\n<li>Mime<\/li>\n<\/ul>\n<\/li>\n<li>Mati\u00e8re: Aluminium<\/li>\n<li>Caract\u00e9ristiques:\n<ul>\n<li>Cam\u00e9ra frontale<\/li>\n<li>Microphone int\u00e9gr\u00e9<\/li>\n<li>Autofocus<\/li>\n<li>2 Haut-parleurs<\/li>\n<li>4 Haut-parleurs<\/li>\n<li>Lecteur d&#8217;empreintes<\/li>\n<li>Connexion au r\u00e9seau mobile<\/li>\n<li>Boussole \u00e9lectronique<\/li>\n<li>\u00c9cran avec coins arrondis<\/li>\n<\/ul>\n<\/li>\n<li>Connexions:\n<ul>\n<li>USB-C<\/li>\n<li>USB-C 3.2 Gen 2 (3.1 Gen 2)<\/li>\n<\/ul>\n<\/li>\n<li>Fonctions:\n<ul>\n<li>Barom\u00e8tre<\/li>\n<li>Acc\u00e9l\u00e9rom\u00e8tre<\/li>\n<li>G\u00e9olocalisation<\/li>\n<\/ul>\n<\/li>\n<li>Ouverture: F\/1,8<\/li>\n<li>M\u00e9moire RAM: 8 GB RAM<\/li>\n<li>Ecran: 13&#8243;<\/li>\n<li>Non Inclus: Adaptateur AC<\/li>\n<li>M\u00e9moire interne: 1 TB<\/li>\n<li>Certificat: Certification ENERGY STAR<\/li>\n<li>Compatible: iPadOS<\/li>\n<li>Type de batterie: Litio Ion<\/li>\n<li>Noyaux:\n<ul>\n<li>8 Noyaux<\/li>\n<li>16 Noyaux<\/li>\n<\/ul>\n<\/li>\n<li>R\u00e9solution (px):\n<ul>\n<li>3840 x 2160 px<\/li>\n<li>2160 px<\/li>\n<\/ul>\n<\/li>\n<li>Autonomie approx.: 10 heures<\/li>\n<li>Processeur: M3<\/li>\n<li>Dispositif intelligent: Apple Intelligence<\/li>\n<\/ul>","protected":false},"excerpt":{"rendered":"<p>Si vous \u00eates passionn\u00e9 d&#8217;informatique et d&#8217;\u00e9lectronique, si vous \u00eates \u00e0 la pointe de la technologie et qu&#8217;aucun d\u00e9tail ne vous \u00e9chappe, achetez Tablette Apple starlight 13&#8243; M3 8 GB RAM 1 TB au meilleur prix. L\u2019iPad Air M3 (2025) d\u2019Apple est une tablette haute performance con\u00e7ue pour offrir polyvalence et productivit\u00e9 dans un format [&hellip;]<\/p>\n","protected":false},"featured_media":148861,"comment_status":"open","ping_status":"closed","template":"","meta":[],"product_brand":[979],"product_cat":[575,65,1052],"product_tag":[59,566,106],"class_list":{"0":"post-27635","1":"product","2":"type-product","3":"status-publish","4":"has-post-thumbnail","6":"product_brand-brandp_533","7":"product_cat-electronique-telephonie-et-tablettes","8":"product_cat-informatique-electronique","9":"product_cat-tablettes","10":"product_tag-tag_1304","11":"product_tag-tag_547","12":"product_tag-tag_1295","14":"first","15":"instock","16":"taxable","17":"shipping-taxable","18":"purchasable","19":"product-type-simple"},"_links":{"self":[{"href":"https:\/\/bigbuy.tupique.com\/es\/wp-json\/wp\/v2\/product\/27635","targetHints":{"allow":["GET"]}}],"collection":[{"href":"https:\/\/bigbuy.tupique.com\/es\/wp-json\/wp\/v2\/product"}],"about":[{"href":"https:\/\/bigbuy.tupique.com\/es\/wp-json\/wp\/v2\/types\/product"}],"replies":[{"embeddable":true,"href":"https:\/\/bigbuy.tupique.com\/es\/wp-json\/wp\/v2\/comments?post=27635"}],"wp:featuredmedia":[{"embeddable":true,"href":"https:\/\/bigbuy.tupique.com\/es\/wp-json\/wp\/v2\/media\/148861"}],"wp:attachment":[{"href":"https:\/\/bigbuy.tupique.com\/es\/wp-json\/wp\/v2\/media?parent=27635"}],"wp:term":[{"taxonomy":"product_brand","embeddable":true,"href":"https:\/\/bigbuy.tupique.com\/es\/wp-json\/wp\/v2\/product_brand?post=27635"},{"taxonomy":"product_cat","embeddable":true,"href":"https:\/\/bigbuy.tupique.com\/es\/wp-json\/wp\/v2\/product_cat?post=27635"},{"taxonomy":"product_tag","embeddable":true,"href":"https:\/\/bigbuy.tupique.com\/es\/wp-json\/wp\/v2\/product_tag?post=27635"}],"curies":[{"name":"wp","href":"https:\/\/api.w.org\/{rel}","templated":true}]}}