{"id":27513,"date":"2026-03-29T23:17:56","date_gmt":"2026-03-29T22:17:56","guid":{"rendered":"https:\/\/bigbuy.tupique.com\/produto\/anti-loss-localiser-petsafe-stay-play\/"},"modified":"2026-04-16T20:26:29","modified_gmt":"2026-04-16T19:26:29","slug":"anti-loss-localiser-petsafe-stay-play","status":"publish","type":"product","link":"https:\/\/bigbuy.tupique.com\/es\/produto\/anti-loss-localiser-petsafe-stay-play\/","title":{"rendered":"Localisateur Anti-perte PetSafe STAY &amp; PLAY"},"content":{"rendered":"<p>Si vous envisagez de renouveler votre garde-robe, achetez <b>Localisateur Anti-perte PetSafe STAY &amp; PLAY<\/b> et d\u2019autres<b>produits PetSafe<\/b>! La meilleure qualit\u00e9 au meilleur prix est \u00e0 votre port\u00e9e!<\/p>\n<ul>\n<li>Caract\u00e9ristiques: Sans fil<\/li>\n<li>Animal de compagnie: Chien<\/li>\n<\/ul>","protected":false},"excerpt":{"rendered":"<p>Si vous envisagez de renouveler votre garde-robe, achetez Localisateur Anti-perte PetSafe STAY &amp; PLAY et d\u2019autresproduits PetSafe! La meilleure qualit\u00e9 au meilleur prix est \u00e0 votre port\u00e9e! Caract\u00e9ristiques: Sans fil Animal de compagnie: Chien<\/p>","protected":false},"featured_media":27511,"comment_status":"open","ping_status":"closed","template":"","meta":[],"product_brand":[859],"product_cat":[621,239,622],"product_tag":[59],"class_list":{"0":"post-27513","1":"product","2":"type-product","3":"status-publish","4":"has-post-thumbnail","6":"product_brand-brandp_3129","7":"product_cat-animaux-de-compagnie","8":"product_cat-maison-jardin","9":"product_cat-sante-et-hygiene","10":"product_tag-tag_1304","12":"first","13":"instock","14":"taxable","15":"shipping-taxable","16":"purchasable","17":"product-type-simple"},"_links":{"self":[{"href":"https:\/\/bigbuy.tupique.com\/es\/wp-json\/wp\/v2\/product\/27513","targetHints":{"allow":["GET"]}}],"collection":[{"href":"https:\/\/bigbuy.tupique.com\/es\/wp-json\/wp\/v2\/product"}],"about":[{"href":"https:\/\/bigbuy.tupique.com\/es\/wp-json\/wp\/v2\/types\/product"}],"replies":[{"embeddable":true,"href":"https:\/\/bigbuy.tupique.com\/es\/wp-json\/wp\/v2\/comments?post=27513"}],"wp:featuredmedia":[{"embeddable":true,"href":"https:\/\/bigbuy.tupique.com\/es\/wp-json\/wp\/v2\/media\/27511"}],"wp:attachment":[{"href":"https:\/\/bigbuy.tupique.com\/es\/wp-json\/wp\/v2\/media?parent=27513"}],"wp:term":[{"taxonomy":"product_brand","embeddable":true,"href":"https:\/\/bigbuy.tupique.com\/es\/wp-json\/wp\/v2\/product_brand?post=27513"},{"taxonomy":"product_cat","embeddable":true,"href":"https:\/\/bigbuy.tupique.com\/es\/wp-json\/wp\/v2\/product_cat?post=27513"},{"taxonomy":"product_tag","embeddable":true,"href":"https:\/\/bigbuy.tupique.com\/es\/wp-json\/wp\/v2\/product_tag?post=27513"}],"curies":[{"name":"wp","href":"https:\/\/api.w.org\/{rel}","templated":true}]}}