{"id":27348,"date":"2026-03-29T23:03:34","date_gmt":"2026-03-29T22:03:34","guid":{"rendered":"https:\/\/bigbuy.tupique.com\/produto\/monitor-philips-25m2n5200u-00-full-hd-245\/"},"modified":"2026-04-15T04:09:29","modified_gmt":"2026-04-15T03:09:29","slug":"monitor-philips-25m2n5200u-00-full-hd-245","status":"publish","type":"product","link":"https:\/\/bigbuy.tupique.com\/es\/produto\/monitor-philips-25m2n5200u-00-full-hd-245\/","title":{"rendered":"\u00c9cran Philips 25M2N5200U\/00 Full HD 24,5&#8243;"},"content":{"rendered":"<p>Si vous \u00eates passionn\u00e9 d&#8217;<b>informatique et d&#8217;\u00e9lectronique<\/b>, si vous \u00eates \u00e0 la pointe de la technologie et qu&#8217;aucun d\u00e9tail ne vous \u00e9chappe, achetez <b>\u00c9cran Philips 25M2N5200U\/00 Full HD 24,5&#8243;<\/b> au meilleur prix.<\/p>\n<p>Le <b>moniteur Philips 25M2N5200U\/00<\/b> est une option avanc\u00e9e con\u00e7ue pour les utilisateurs exigeant haute vitesse et qualit\u00e9 d\u2019image sur un \u00e9cran de <b>24,5 pouces (62,2 cm)<\/b> avec technologie <b>IPS LCD<\/b>, garantissant des couleurs pr\u00e9cises et des angles de vision larges de <b>178\u00b0<\/b> \u00e0 l\u2019horizontale comme \u00e0 la verticale. Ce mod\u00e8le offre une r\u00e9solution <b>Full HD de 1920 x 1080 pixels<\/b>, id\u00e9ale pour des images nettes et un bon niveau de d\u00e9tail dans les applications multim\u00e9dias et jeux vid\u00e9o. Gr\u00e2ce \u00e0 son exceptionnel <b>temps de r\u00e9ponse de 1 ms<\/b> et une fr\u00e9quence de rafra\u00eechissement impressionnante jusqu\u2019\u00e0 <b>390 Hz en overclocking<\/b>, ce moniteur cible sp\u00e9cifiquement les joueurs professionnels et passionn\u00e9s cherchant \u00e0 r\u00e9duire le flou et les images fant\u00f4mes pour une exp\u00e9rience fluide et comp\u00e9titive. Il respecte \u00e9galement la norme <b>DisplayHDR 400<\/b>, assurant une plage dynamique am\u00e9lior\u00e9e et une luminosit\u00e9 suffisante pour des images vives et d\u00e9taill\u00e9es sur contenus compatibles. Son design gris allie fonctionnalit\u00e9 et sobri\u00e9t\u00e9, tandis que les r\u00e9glages ergonomiques comme l\u2019<b>ajustement en hauteur<\/b> et la compatibilit\u00e9 avec le montage <b>VESA<\/b> facilitent son int\u00e9gration et personnalisation dans divers espaces de travail ou setups gaming. Le moniteur dispose aussi d\u2019un <b>port USB 3.2 Gen 1<\/b> offrant rapidit\u00e9 et polyvalence pour connecter p\u00e9riph\u00e9riques ou appareils externes sans compromettre les performances. Avec un format natif <b>16:9<\/b>, ce moniteur s\u2019adapte parfaitement \u00e0 la majorit\u00e9 des contenus actuels, offrant un bon \u00e9quilibre entre surface visible et confort visuel. En r\u00e9sum\u00e9, le Philips 25M2N5200U\/00 repr\u00e9sente une solution professionnelle pour les utilisateurs exigeants qui souhaitent allier haute fr\u00e9quence d\u2019image, pr\u00e9cision visuelle et technologie avanc\u00e9e dans un \u00e9quipement polyvalent et ergonomique.<\/p>\n<ul>\n<li>Diagonale de l&#8217;\u00e9cran (cm):\n<ul>\n<li>62,2 cm<\/li>\n<li>61 cm<\/li>\n<\/ul>\n<\/li>\n<li>Type:\n<ul>\n<li>\u00c9cran<\/li>\n<li>Axe<\/li>\n<\/ul>\n<\/li>\n<li>Produit \u00e0 brancher: Oui<\/li>\n<li>Bloc d\u2019Alimentation: r\u00e9seau \u00e9lectrique<\/li>\n<li>Couleur:\n<ul>\n<li>Gris<\/li>\n<li>Noir<\/li>\n<\/ul>\n<\/li>\n<li>Temps de r\u00e9ponse:\n<ul>\n<li>1 ms<\/li>\n<li>0,5 ms<\/li>\n<\/ul>\n<\/li>\n<li>VESA: 10 x 10 cm<\/li>\n<li>Brille: 400 cd\/m\u00b2<\/li>\n<li>Tension:\n<ul>\n<li>100-240 V<\/li>\n<li>100 &#8211; 240 V<\/li>\n<\/ul>\n<\/li>\n<li>Ecran: 24,5&#8243;<\/li>\n<li>Classification \u00e9nerg\u00e9tique: E<\/li>\n<li>R\u00e9solution: Full HD<\/li>\n<li>Rapport d&#8217;aspect: 16:9<\/li>\n<li>Connexions:\n<ul>\n<li>HDMI<\/li>\n<li>USB<\/li>\n<li>DisplayPort<\/li>\n<li>HDMI 2.0<\/li>\n<li>HDMI x 2<\/li>\n<li>HDCP<\/li>\n<li>USB A x 4<\/li>\n<li>DisplayPort 1.4<\/li>\n<li>DisplayPort x 1<\/li>\n<\/ul>\n<\/li>\n<li>Caract\u00e9ristiques:\n<ul>\n<li>Plaque Tournante<\/li>\n<li>Mat<\/li>\n<li>R\u00e9glable<\/li>\n<li>HDR<\/li>\n<li>Avec stand<\/li>\n<li>Inclinaison r\u00e9glable<\/li>\n<li>Plug &amp; Play<\/li>\n<li>\u00c9cran plat<\/li>\n<\/ul>\n<\/li>\n<li>R\u00e9solution (px): 1920 x 1080 px<\/li>\n<li>Technologie:\n<ul>\n<li>IPS<\/li>\n<li>LCD<\/li>\n<li>LED<\/li>\n<li>Flicker free<\/li>\n<\/ul>\n<\/li>\n<li>Fr\u00e9quence:\n<ul>\n<li>50 &#8211; 60 Hz<\/li>\n<li>240 Hz<\/li>\n<\/ul>\n<\/li>\n<li>Rapport de contraste: 1000:1<\/li>\n<li>Ports: 1<\/li>\n<li>Inclinaison:\n<ul>\n<li>-90 \/ 90\u00b0<\/li>\n<li>-5\u00ba \/ 20\u00ba<\/li>\n<\/ul>\n<\/li>\n<li>Utilisation recommand\u00e9e: Jeux<\/li>\n<li>Fr\u00e9quence d&#8217;entr\u00e9e AC: 50-60 Hz<\/li>\n<li>consommation d&#8217;\u00e9nergie: 32 kWh<\/li>\n<li>Ecran tactile: Non<\/li>\n<li>Inclut:\n<ul>\n<li>Sortie d&#8217;\u00e9couteurs<\/li>\n<li>Manuel de l&#8217;utilisateur<\/li>\n<\/ul>\n<\/li>\n<li>Emballage respectueux de l\u2019environnement: 100 % recyclable<\/li>\n<li>Angle: 178\u00ba<\/li>\n<li>Pr\u00e9cision (humidit\u00e9 relative): 20 % &#8211; 80 %<\/li>\n<li>Connecteurs: Kensington<\/li>\n<li>Non Inclus: AMD FreeSync<\/li>\n<li>Montage: VESA<\/li>\n<li>Rotation: -30\u00ba \/ 30\u00b0<\/li>\n<\/ul>","protected":false},"excerpt":{"rendered":"<p>Si vous \u00eates passionn\u00e9 d&#8217;informatique et d&#8217;\u00e9lectronique, si vous \u00eates \u00e0 la pointe de la technologie et qu&#8217;aucun d\u00e9tail ne vous \u00e9chappe, achetez \u00c9cran Philips 25M2N5200U\/00 Full HD 24,5&#8243; au meilleur prix. Le moniteur Philips 25M2N5200U\/00 est une option avanc\u00e9e con\u00e7ue pour les utilisateurs exigeant haute vitesse et qualit\u00e9 d\u2019image sur un \u00e9cran de 24,5 [&hellip;]<\/p>\n","protected":false},"featured_media":27332,"comment_status":"open","ping_status":"closed","template":"","meta":[],"product_brand":[315],"product_cat":[65,581,616],"product_tag":[213,106],"class_list":{"0":"post-27348","1":"product","2":"type-product","3":"status-publish","4":"has-post-thumbnail","6":"product_brand-brandp_571","7":"product_cat-informatique-electronique","8":"product_cat-informatique-peripheriques-et-consommables","9":"product_cat-moniteurs","10":"product_tag-tag_933","11":"product_tag-tag_1295","13":"first","14":"instock","15":"taxable","16":"shipping-taxable","17":"purchasable","18":"product-type-simple"},"_links":{"self":[{"href":"https:\/\/bigbuy.tupique.com\/es\/wp-json\/wp\/v2\/product\/27348","targetHints":{"allow":["GET"]}}],"collection":[{"href":"https:\/\/bigbuy.tupique.com\/es\/wp-json\/wp\/v2\/product"}],"about":[{"href":"https:\/\/bigbuy.tupique.com\/es\/wp-json\/wp\/v2\/types\/product"}],"replies":[{"embeddable":true,"href":"https:\/\/bigbuy.tupique.com\/es\/wp-json\/wp\/v2\/comments?post=27348"}],"wp:featuredmedia":[{"embeddable":true,"href":"https:\/\/bigbuy.tupique.com\/es\/wp-json\/wp\/v2\/media\/27332"}],"wp:attachment":[{"href":"https:\/\/bigbuy.tupique.com\/es\/wp-json\/wp\/v2\/media?parent=27348"}],"wp:term":[{"taxonomy":"product_brand","embeddable":true,"href":"https:\/\/bigbuy.tupique.com\/es\/wp-json\/wp\/v2\/product_brand?post=27348"},{"taxonomy":"product_cat","embeddable":true,"href":"https:\/\/bigbuy.tupique.com\/es\/wp-json\/wp\/v2\/product_cat?post=27348"},{"taxonomy":"product_tag","embeddable":true,"href":"https:\/\/bigbuy.tupique.com\/es\/wp-json\/wp\/v2\/product_tag?post=27348"}],"curies":[{"name":"wp","href":"https:\/\/api.w.org\/{rel}","templated":true}]}}