{"id":27237,"date":"2026-03-29T23:00:38","date_gmt":"2026-03-29T22:00:38","guid":{"rendered":"https:\/\/bigbuy.tupique.com\/produto\/headphones-logitech-939-002230-white\/"},"modified":"2026-04-15T04:09:24","modified_gmt":"2026-04-15T03:09:24","slug":"headphones-logitech-939-002230-white","status":"publish","type":"product","link":"https:\/\/bigbuy.tupique.com\/es\/produto\/headphones-logitech-939-002230-white\/","title":{"rendered":"Casque Logitech 939-002230 Blanc"},"content":{"rendered":"<p>Si vous \u00eates passionn\u00e9 d&#8217;<b>informatique et d&#8217;\u00e9lectronique<\/b>, si vous \u00eates \u00e0 la pointe de la technologie et qu&#8217;aucun d\u00e9tail ne vous \u00e9chappe, achetez <b>Casque Logitech 939-002230 Blanc<\/b> au meilleur prix.<\/p>\n<p>Les <b>casques<\/b> sans fil <b>Astro A50 Lightspeed Pro-G Graphene<\/b> de Logitech repr\u00e9sentent une solution avanc\u00e9e pour les joueurs recherchant une qualit\u00e9 sonore professionnelle et une grande polyvalence de connexion. Ces casques sont con\u00e7us avec une structure robuste en <b>plastique blanc<\/b>, alliant l\u00e9g\u00e8ret\u00e9 et durabilit\u00e9, id\u00e9ale pour de longues sessions de jeu. Ils int\u00e8grent un syst\u00e8me de connectivit\u00e9 multiple incluant le <b>Bluetooth 5.0<\/b> pour un appairage rapide et stable avec les appareils modernes, ainsi qu\u2019une connexion par <b>radiofr\u00e9quence<\/b> propre \u00e0 la technologie Lightspeed, garantissant une faible latence et une exp\u00e9rience sans fil sans interf\u00e9rences, essentielle pour le gaming sur PC, Mac, consoles Xbox, PS5 et Nintendo Switch. Ils disposent \u00e9galement d\u2019une connexion <b>USB<\/b>, facilitant leur utilisation sur diff\u00e9rentes plateformes et assurant compatibilit\u00e9 et polyvalence. \u00c9quip\u00e9s d\u2019un microphone int\u00e9gr\u00e9, ces casques permettent des communications claires et nettes, indispensables pour le jeu en \u00e9quipe ou les visioconf\u00e9rences. La technologie des haut-parleurs Pro-G avec membranes en graph\u00e8ne optimise la fid\u00e9lit\u00e9 audio, offrant des basses profondes, des aigus pr\u00e9cis et une large spatialisation sonore, am\u00e9liorant significativement l\u2019immersion. Le design sans fil favorise confort et libert\u00e9 de mouvement, sans perte de qualit\u00e9 ni de stabilit\u00e9 de connexion. Dans l\u2019ensemble, les <b>Astro A50 Lightspeed Pro-G Graphene<\/b> se distinguent par leur \u00e9quilibre entre confort, technologie avanc\u00e9e et compatibilit\u00e9 multiplateforme, constituant un choix adapt\u00e9 aux joueurs exigeant des performances professionnelles et une exp\u00e9rience sans fil sans compromis sur la qualit\u00e9 sonore ni la pr\u00e9cision des communications.<\/p>\n<ul>\n<li>Type:\n<ul>\n<li>Casque<\/li>\n<li>\u00c9couteur<\/li>\n<li>Sans fil<\/li>\n<li>Casque audio<\/li>\n<\/ul>\n<\/li>\n<li>Couleur: Blanc<\/li>\n<li>Caract\u00e9ristiques: Batterie int\u00e9gr\u00e9e<\/li>\n<li>Connexions: USB<\/li>\n<li>Connectivit\u00e9:\n<ul>\n<li>Bluetooth<\/li>\n<li>Bluetooth 5.0<\/li>\n<\/ul>\n<\/li>\n<li>Fr\u00e9quence: 20 &#8211; 20000 Hz<\/li>\n<li>Utilisation recommand\u00e9e: Jeu<\/li>\n<li>Type de casque: Externe supra-aural<\/li>\n<li>Inclut:\n<ul>\n<li>Casques avec Microphone<\/li>\n<li>Base de charge<\/li>\n<li>C\u00e2ble USB-C<\/li>\n<li>Manuel de l&#8217;utilisateur<\/li>\n<\/ul>\n<\/li>\n<\/ul>","protected":false},"excerpt":{"rendered":"<p>Si vous \u00eates passionn\u00e9 d&#8217;informatique et d&#8217;\u00e9lectronique, si vous \u00eates \u00e0 la pointe de la technologie et qu&#8217;aucun d\u00e9tail ne vous \u00e9chappe, achetez Casque Logitech 939-002230 Blanc au meilleur prix. Les casques sans fil Astro A50 Lightspeed Pro-G Graphene de Logitech repr\u00e9sentent une solution avanc\u00e9e pour les joueurs recherchant une qualit\u00e9 sonore professionnelle et une [&hellip;]<\/p>\n","protected":false},"featured_media":27236,"comment_status":"open","ping_status":"closed","template":"","meta":[],"product_brand":[647],"product_cat":[758,575,65],"product_tag":[566,106],"class_list":{"0":"post-27237","1":"product","2":"type-product","3":"status-publish","4":"has-post-thumbnail","6":"product_brand-brandp_561","7":"product_cat-casque-avec-microphone","8":"product_cat-electronique-telephonie-et-tablettes","9":"product_cat-informatique-electronique","10":"product_tag-tag_547","11":"product_tag-tag_1295","13":"first","14":"instock","15":"taxable","16":"shipping-taxable","17":"purchasable","18":"product-type-simple"},"_links":{"self":[{"href":"https:\/\/bigbuy.tupique.com\/es\/wp-json\/wp\/v2\/product\/27237","targetHints":{"allow":["GET"]}}],"collection":[{"href":"https:\/\/bigbuy.tupique.com\/es\/wp-json\/wp\/v2\/product"}],"about":[{"href":"https:\/\/bigbuy.tupique.com\/es\/wp-json\/wp\/v2\/types\/product"}],"replies":[{"embeddable":true,"href":"https:\/\/bigbuy.tupique.com\/es\/wp-json\/wp\/v2\/comments?post=27237"}],"wp:featuredmedia":[{"embeddable":true,"href":"https:\/\/bigbuy.tupique.com\/es\/wp-json\/wp\/v2\/media\/27236"}],"wp:attachment":[{"href":"https:\/\/bigbuy.tupique.com\/es\/wp-json\/wp\/v2\/media?parent=27237"}],"wp:term":[{"taxonomy":"product_brand","embeddable":true,"href":"https:\/\/bigbuy.tupique.com\/es\/wp-json\/wp\/v2\/product_brand?post=27237"},{"taxonomy":"product_cat","embeddable":true,"href":"https:\/\/bigbuy.tupique.com\/es\/wp-json\/wp\/v2\/product_cat?post=27237"},{"taxonomy":"product_tag","embeddable":true,"href":"https:\/\/bigbuy.tupique.com\/es\/wp-json\/wp\/v2\/product_tag?post=27237"}],"curies":[{"name":"wp","href":"https:\/\/api.w.org\/{rel}","templated":true}]}}