{"id":27101,"date":"2026-03-29T22:57:17","date_gmt":"2026-03-29T21:57:17","guid":{"rendered":"https:\/\/bigbuy.tupique.com\/produto\/server-hpe-p81786-425\/"},"modified":"2026-04-16T13:26:33","modified_gmt":"2026-04-16T12:26:33","slug":"server-hpe-p81786-425","status":"publish","type":"product","link":"https:\/\/bigbuy.tupique.com\/es\/produto\/server-hpe-p81786-425\/","title":{"rendered":"Serveur HPE P81786-425"},"content":{"rendered":"<p>Si vous \u00eates \u00e0 la recherche de nouvelles tendances sur le march\u00e9, nous vous pr\u00e9sentons <b>Serveur HPE P81786-425<\/b> !<\/p>\n<p>Le <b>serveur HPE ProLiant DL380 Gen11 P81786-425<\/b> est une solution professionnelle con\u00e7ue pour les environnements d\u2019entreprise n\u00e9cessitant haute performance et \u00e9volutivit\u00e9 dans les applications critiques d\u2019analyse de donn\u00e9es et de cloud hybride. Il s\u2019agit d\u2019un <b>serveur rack 2U \u00e0 double socket<\/b> int\u00e9grant des processeurs Intel Xeon Silver \u00e9volutifs de 4e et 5e g\u00e9n\u00e9ration, notamment le mod\u00e8le 4516Y+ avec une fr\u00e9quence de base de <b>2,2 GHz<\/b> et jusqu\u2019\u00e0 <b>64 c\u0153urs<\/b>, offrant une puissance de calcul robuste pour les charges intensives. Ce syst\u00e8me prend en charge jusqu\u2019\u00e0 <b>8 To de m\u00e9moire DDR5<\/b> r\u00e9partie sur <b>16 DIMM<\/b> \u00e0 des vitesses allant jusqu\u2019\u00e0 <b>5600 MHz<\/b>, am\u00e9liorant significativement performance et efficacit\u00e9 \u00e9nerg\u00e9tique. Dans la configuration pr\u00e9sent\u00e9e, il dispose de <b>64 Go de m\u00e9moire DDR5-SDRAM<\/b> en 2 x 32 Go pour acc\u00e9l\u00e9rer le multit\u00e2che et garantir la stabilit\u00e9. C\u00f4t\u00e9 stockage, il int\u00e8gre une capacit\u00e9 totale de <b>960 Go<\/b> avec deux SSD de 480 Go, associ\u00e9s \u00e0 un contr\u00f4leur RAID MR408i-o supportant le d\u00e9marrage RAID M.2 et la connexion hot-plug pour haute disponibilit\u00e9 et maintenance ais\u00e9e. Le design pr\u00e9voit jusqu\u2019\u00e0 20 unit\u00e9s EDSFF pour extensions futures. Sa connectivit\u00e9 repose sur <b>Ethernet LAN<\/b> avec alimentations redondantes de <b>1000 W<\/b>, assurant fiabilit\u00e9 et continuit\u00e9 en conditions critiques. Ce serveur est compatible PCIe Gen5, augmentant la bande passante et la vitesse de transfert, avec support pour jusqu\u2019\u00e0 huit GPU simple largeur ou trois double largeur, facilitant l\u2019acc\u00e9l\u00e9ration des applications graphiques et parall\u00e8les. Le syst\u00e8me inclut le puissant logiciel de gestion HPE Integrated Lights-Out 6 (iLO 6), permettant la surveillance, configuration et mise \u00e0 jour \u00e0 distance et en toute s\u00e9curit\u00e9, favorisant une administration centralis\u00e9e et un support efficace. Son ch\u00e2ssis noir et argent\u00e9 au format rack 2U refl\u00e8te un design optimis\u00e9 pour l\u2019int\u00e9gration dans les centres de donn\u00e9es modernes, offrant un \u00e9quilibre entre densit\u00e9, performance et \u00e9volutivit\u00e9. En r\u00e9sum\u00e9, ce serveur constitue une plateforme solide et avanc\u00e9e pour les entreprises n\u00e9cessitant une infrastructure informatique s\u00e9curis\u00e9e, flexible et capable de r\u00e9pondre aux exigences croissantes en calcul et virtualisation.<\/p>\n<ul>\n<li>Type: Serveur<\/li>\n<li>Produit \u00e0 brancher: Oui<\/li>\n<li>Type de prise: Prise EU<\/li>\n<li>Bloc d\u2019Alimentation:\n<ul>\n<li>r\u00e9seau \u00e9lectrique<\/li>\n<li>1000 W<\/li>\n<\/ul>\n<\/li>\n<li>Couleur:\n<ul>\n<li>Noir<\/li>\n<li>Argent\u00e9<\/li>\n<\/ul>\n<\/li>\n<li>Connexions:\n<ul>\n<li>Ethernet LAN<\/li>\n<li>2<\/li>\n<li>VGA D-sub<\/li>\n<\/ul>\n<\/li>\n<\/ul>","protected":false},"excerpt":{"rendered":"<p>Si vous \u00eates \u00e0 la recherche de nouvelles tendances sur le march\u00e9, nous vous pr\u00e9sentons Serveur HPE P81786-425 ! Le serveur HPE ProLiant DL380 Gen11 P81786-425 est une solution professionnelle con\u00e7ue pour les environnements d\u2019entreprise n\u00e9cessitant haute performance et \u00e9volutivit\u00e9 dans les applications critiques d\u2019analyse de donn\u00e9es et de cloud hybride. Il s\u2019agit d\u2019un serveur [&hellip;]<\/p>\n","protected":false},"featured_media":193575,"comment_status":"open","ping_status":"closed","template":"","meta":[],"product_brand":[644],"product_cat":[65,958,959],"product_tag":[106],"class_list":{"0":"post-27101","1":"product","2":"type-product","3":"status-publish","4":"has-post-thumbnail","6":"product_brand-brandp_662","7":"product_cat-informatique-electronique","8":"product_cat-informatique-ordinateurs","9":"product_cat-serveurs","10":"product_tag-tag_1295","12":"first","13":"instock","14":"taxable","15":"shipping-taxable","16":"purchasable","17":"product-type-simple"},"_links":{"self":[{"href":"https:\/\/bigbuy.tupique.com\/es\/wp-json\/wp\/v2\/product\/27101","targetHints":{"allow":["GET"]}}],"collection":[{"href":"https:\/\/bigbuy.tupique.com\/es\/wp-json\/wp\/v2\/product"}],"about":[{"href":"https:\/\/bigbuy.tupique.com\/es\/wp-json\/wp\/v2\/types\/product"}],"replies":[{"embeddable":true,"href":"https:\/\/bigbuy.tupique.com\/es\/wp-json\/wp\/v2\/comments?post=27101"}],"wp:featuredmedia":[{"embeddable":true,"href":"https:\/\/bigbuy.tupique.com\/es\/wp-json\/wp\/v2\/media\/193575"}],"wp:attachment":[{"href":"https:\/\/bigbuy.tupique.com\/es\/wp-json\/wp\/v2\/media?parent=27101"}],"wp:term":[{"taxonomy":"product_brand","embeddable":true,"href":"https:\/\/bigbuy.tupique.com\/es\/wp-json\/wp\/v2\/product_brand?post=27101"},{"taxonomy":"product_cat","embeddable":true,"href":"https:\/\/bigbuy.tupique.com\/es\/wp-json\/wp\/v2\/product_cat?post=27101"},{"taxonomy":"product_tag","embeddable":true,"href":"https:\/\/bigbuy.tupique.com\/es\/wp-json\/wp\/v2\/product_tag?post=27101"}],"curies":[{"name":"wp","href":"https:\/\/api.w.org\/{rel}","templated":true}]}}