{"id":26769,"date":"2026-03-29T22:40:07","date_gmt":"2026-03-29T21:40:07","guid":{"rendered":"https:\/\/bigbuy.tupique.com\/produto\/childrens-play-house-smoby\/"},"modified":"2026-04-15T04:08:34","modified_gmt":"2026-04-15T03:08:34","slug":"childrens-play-house-smoby","status":"publish","type":"product","link":"https:\/\/bigbuy.tupique.com\/es\/produto\/childrens-play-house-smoby\/","title":{"rendered":"Maison de jeux pour enfants Smoby"},"content":{"rendered":"<p>Si vous \u00eates \u00e0 la recherche de nouvelles tendances sur le march\u00e9, nous vous pr\u00e9sentons <b>Maison de jeux pour enfants Smoby<\/b> !<\/p>\n<ul>\n<li>Type:\n<ul>\n<li>Maison de jeux pour enfants<\/li>\n<li>\u00c0 pied<\/li>\n<\/ul>\n<\/li>\n<li>Inclut: Accessoires<\/li>\n<li>\u00c2ge recommand\u00e9:\n<ul>\n<li>+ 3 ans<\/li>\n<li>+ 2 Ans<\/li>\n<\/ul>\n<\/li>\n<li>N\u00e9cessite un montage: Non<\/li>\n<li>Manuel d\u2019utilisation: ES-PT<\/li>\n<li>Lumi\u00e8res: Non<\/li>\n<li>Son: Non<\/li>\n<li>Couleur: Multicouleur<\/li>\n<li>Mati\u00e8re: Plastique<\/li>\n<li>Compatible avec: Ext\u00e9rieur<\/li>\n<\/ul>\n<p>Avertissements: Convient pour un usage domestique.<\/p>","protected":false},"excerpt":{"rendered":"<p>Si vous \u00eates \u00e0 la recherche de nouvelles tendances sur le march\u00e9, nous vous pr\u00e9sentons Maison de jeux pour enfants Smoby ! Type: Maison de jeux pour enfants \u00c0 pied Inclut: Accessoires \u00c2ge recommand\u00e9: + 3 ans + 2 Ans N\u00e9cessite un montage: Non Manuel d\u2019utilisation: ES-PT Lumi\u00e8res: Non Son: Non Couleur: Multicouleur Mati\u00e8re: Plastique [&hellip;]<\/p>\n","protected":false},"featured_media":26758,"comment_status":"open","ping_status":"closed","template":"","meta":[],"product_brand":[1233],"product_cat":[1217,157,158],"product_tag":[57,211],"class_list":{"0":"post-26769","1":"product","2":"type-product","3":"status-publish","4":"has-post-thumbnail","6":"product_brand-brandp_1931","7":"product_cat-jouer-a-l-exterieur","8":"product_cat-jouets-deguisements","9":"product_cat-jouets-et-jeux","10":"product_tag-tag_1275","11":"product_tag-tag_3","13":"first","14":"instock","15":"taxable","16":"shipping-taxable","17":"purchasable","18":"product-type-simple"},"_links":{"self":[{"href":"https:\/\/bigbuy.tupique.com\/es\/wp-json\/wp\/v2\/product\/26769","targetHints":{"allow":["GET"]}}],"collection":[{"href":"https:\/\/bigbuy.tupique.com\/es\/wp-json\/wp\/v2\/product"}],"about":[{"href":"https:\/\/bigbuy.tupique.com\/es\/wp-json\/wp\/v2\/types\/product"}],"replies":[{"embeddable":true,"href":"https:\/\/bigbuy.tupique.com\/es\/wp-json\/wp\/v2\/comments?post=26769"}],"wp:featuredmedia":[{"embeddable":true,"href":"https:\/\/bigbuy.tupique.com\/es\/wp-json\/wp\/v2\/media\/26758"}],"wp:attachment":[{"href":"https:\/\/bigbuy.tupique.com\/es\/wp-json\/wp\/v2\/media?parent=26769"}],"wp:term":[{"taxonomy":"product_brand","embeddable":true,"href":"https:\/\/bigbuy.tupique.com\/es\/wp-json\/wp\/v2\/product_brand?post=26769"},{"taxonomy":"product_cat","embeddable":true,"href":"https:\/\/bigbuy.tupique.com\/es\/wp-json\/wp\/v2\/product_cat?post=26769"},{"taxonomy":"product_tag","embeddable":true,"href":"https:\/\/bigbuy.tupique.com\/es\/wp-json\/wp\/v2\/product_tag?post=26769"}],"curies":[{"name":"wp","href":"https:\/\/api.w.org\/{rel}","templated":true}]}}