{"id":26658,"date":"2026-03-29T22:26:48","date_gmt":"2026-03-29T21:26:48","guid":{"rendered":"https:\/\/bigbuy.tupique.com\/produto\/ladies-ring-lebebe-lbb703-13-golden-13\/"},"modified":"2026-04-15T04:08:16","modified_gmt":"2026-04-15T03:08:16","slug":"ladies-ring-lebebe-lbb703-13-golden-13","status":"publish","type":"product","link":"https:\/\/bigbuy.tupique.com\/es\/produto\/ladies-ring-lebebe-lbb703-13-golden-13\/","title":{"rendered":"Bague Femme leBebe LBB703-13 Dor\u00e9 13"},"content":{"rendered":"<p>Nous vons pr\u00e9sentons <b>Bague Femme leBebe LBB703-13 Dor\u00e9 13<\/b> et une vaste gamme de bagues, bracelets, boucles d&#8217;oreilles et pendentifs etc. \u00e0 bon prix. D\u00e9couvrez d&#8217;exclusifs et \u00e9l\u00e9gants articles de bijouterie et de bijouterie fantaisie pour tous les go\u00fbts.<\/p>\n<ul>\n<li>Couleur: Dor\u00e9<\/li>\n<li>Type: Bague<\/li>\n<li>Genre: Femme<\/li>\n<li>Taille: 13<\/li>\n<li>Mati\u00e8re: Or 9 carat<\/li>\n<li>Inclut: Inclut un \u00e9tui ou une housse de la marque<\/li>\n<\/ul>","protected":false},"excerpt":{"rendered":"<p>Nous vons pr\u00e9sentons Bague Femme leBebe LBB703-13 Dor\u00e9 13 et une vaste gamme de bagues, bracelets, boucles d&#8217;oreilles et pendentifs etc. \u00e0 bon prix. D\u00e9couvrez d&#8217;exclusifs et \u00e9l\u00e9gants articles de bijouterie et de bijouterie fantaisie pour tous les go\u00fbts. Couleur: Dor\u00e9 Type: Bague Genre: Femme Taille: 13 Mati\u00e8re: Or 9 carat Inclut: Inclut un \u00e9tui [&hellip;]<\/p>\n","protected":false},"featured_media":26655,"comment_status":"open","ping_status":"closed","template":"","meta":[],"product_brand":[1095],"product_cat":[547,549,548,544],"product_tag":[103,542,543],"class_list":{"0":"post-26658","1":"product","2":"type-product","3":"status-publish","4":"has-post-thumbnail","6":"product_brand-brandp_7228","7":"product_cat-accessoires","8":"product_cat-bagues","9":"product_cat-bijoux","10":"product_cat-mode-accessoires","11":"product_tag-tag_1261","12":"product_tag-tag_1274","13":"product_tag-tag_61","15":"first","16":"instock","17":"taxable","18":"shipping-taxable","19":"purchasable","20":"product-type-simple"},"_links":{"self":[{"href":"https:\/\/bigbuy.tupique.com\/es\/wp-json\/wp\/v2\/product\/26658","targetHints":{"allow":["GET"]}}],"collection":[{"href":"https:\/\/bigbuy.tupique.com\/es\/wp-json\/wp\/v2\/product"}],"about":[{"href":"https:\/\/bigbuy.tupique.com\/es\/wp-json\/wp\/v2\/types\/product"}],"replies":[{"embeddable":true,"href":"https:\/\/bigbuy.tupique.com\/es\/wp-json\/wp\/v2\/comments?post=26658"}],"wp:featuredmedia":[{"embeddable":true,"href":"https:\/\/bigbuy.tupique.com\/es\/wp-json\/wp\/v2\/media\/26655"}],"wp:attachment":[{"href":"https:\/\/bigbuy.tupique.com\/es\/wp-json\/wp\/v2\/media?parent=26658"}],"wp:term":[{"taxonomy":"product_brand","embeddable":true,"href":"https:\/\/bigbuy.tupique.com\/es\/wp-json\/wp\/v2\/product_brand?post=26658"},{"taxonomy":"product_cat","embeddable":true,"href":"https:\/\/bigbuy.tupique.com\/es\/wp-json\/wp\/v2\/product_cat?post=26658"},{"taxonomy":"product_tag","embeddable":true,"href":"https:\/\/bigbuy.tupique.com\/es\/wp-json\/wp\/v2\/product_tag?post=26658"}],"curies":[{"name":"wp","href":"https:\/\/api.w.org\/{rel}","templated":true}]}}