{"id":26468,"date":"2026-03-29T22:22:24","date_gmt":"2026-03-29T21:22:24","guid":{"rendered":"https:\/\/bigbuy.tupique.com\/produto\/smartphone-samsung-sm-a366bzkgeeb\/"},"modified":"2026-05-11T20:00:21","modified_gmt":"2026-05-11T18:00:21","slug":"smartphone-samsung-sm-a366bzkgeeb","status":"publish","type":"product","link":"https:\/\/bigbuy.tupique.com\/es\/produto\/smartphone-samsung-sm-a366bzkgeeb\/","title":{"rendered":"Smartphone Samsung SM-A366BZKGEEB"},"content":{"rendered":"<p>Si vous \u00eates \u00e0 la recherche de nouvelles tendances sur le march\u00e9, nous vous pr\u00e9sentons <b>Smartphone Samsung SM-A366BZKGEEB<\/b> !<\/p>\n<p>Le <b>Samsung Galaxy A36 SM-A366BZKGEEB<\/b> est un <b>smartphone<\/b> avanc\u00e9 qui associe un design \u00e9l\u00e9gant en <b>noir<\/b> \u00e0 des performances techniques \u00e9lev\u00e9es, offrant une exp\u00e9rience utilisateur fluide adapt\u00e9e aussi bien aux besoins professionnels qu\u2019au divertissement. Dot\u00e9 d\u2019un large <b>\u00e9cran de 6,7 pouces<\/b>, ce mod\u00e8le permet de profiter de contenus avec une grande clart\u00e9 et un confort optimal, facilitant la navigation et la consommation multim\u00e9dia \u00e0 tout moment. Sa <b>m\u00e9moire RAM de 8 Go<\/b> assure une performance rapide m\u00eame lors de l\u2019utilisation simultan\u00e9e de plusieurs applications, tandis que ses <b>256 Go de stockage interne<\/b> offrent un espace g\u00e9n\u00e9reux pour photos, vid\u00e9os, applications et fichiers personnels. Il dispose d\u2019une connectivit\u00e9 <b>USB-C<\/b> pour des transferts de donn\u00e9es rapides et une recharge efficace, ainsi que de fonctionnalit\u00e9s essentielles telles que le <b>GPS int\u00e9gr\u00e9<\/b> pour une navigation pr\u00e9cise, un capteur de lumi\u00e8re ambiante qui ajuste automatiquement la luminosit\u00e9 de l\u2019\u00e9cran, la compatibilit\u00e9 avec les <b>MMS<\/b> et les <b>appels vid\u00e9o<\/b>, garantissant ainsi une communication polyvalente en toutes circonstances. Fid\u00e8le \u00e0 la gamme Galaxy A, ce mod\u00e8le se distingue par son excellent rapport qualit\u00e9, innovation et polyvalence, constituant une alternative id\u00e9ale pour ceux qui recherchent un \u00e9quilibre entre fonctionnalit\u00e9 et design dans leur smartphone au quotidien.<\/p>\n<ul>\n<li>Type de prise: Prise EU<\/li>\n<li>Type: Smartphone<\/li>\n<li>Produit \u00e0 brancher: Oui<\/li>\n<li>Diagonale de l&#8217;\u00e9cran (cm):\n<ul>\n<li>17 cm<\/li>\n<li>190,5 cm<\/li>\n<\/ul>\n<\/li>\n<li>Bloc d\u2019Alimentation: r\u00e9seau \u00e9lectrique<\/li>\n<li>Indice de r\u00e9parabilit\u00e9: 8.4<\/li>\n<li>Capacit\u00e9 de la batterie: 5000 mAh<\/li>\n<li>Ecran: 6,7&#8243;<\/li>\n<li>Facteur de forme: Bar<\/li>\n<li>Glonass: Oui<\/li>\n<li>Stabilisateur d&#8217;image: Oui<\/li>\n<li>Classification \u00e9nerg\u00e9tique: C<\/li>\n<li>Connectivit\u00e9:\n<ul>\n<li>Bluetooth<\/li>\n<li>Wi-Fi<\/li>\n<li>4G<\/li>\n<li>NFC<\/li>\n<li>BeiDou<\/li>\n<li>5G<\/li>\n<li>Wi-Fi 6 GHz<\/li>\n<\/ul>\n<\/li>\n<li>Poids: 195 g<\/li>\n<li>Cam\u00e9ra\/Appareil Photo:\n<ul>\n<li>50 Mp<\/li>\n<li>8 MP<\/li>\n<li>5 Mp<\/li>\n<li>Frontal<\/li>\n<li>Triple<\/li>\n<\/ul>\n<\/li>\n<li>Connexions:\n<ul>\n<li>USB-C<\/li>\n<li>USB 2.0<\/li>\n<li>USB<\/li>\n<li>Dual SIM<\/li>\n<\/ul>\n<\/li>\n<li>Caract\u00e9ristiques:\n<ul>\n<li>Lecteur d&#8217;empreintes<\/li>\n<li>GPS<\/li>\n<li>Capteur de lumi\u00e8re ambiante<\/li>\n<li>MMS<\/li>\n<li>Appel vid\u00e9o<\/li>\n<li>Autofocus<\/li>\n<li>Google Play<\/li>\n<li>Chargement rapide et fiable<\/li>\n<li>SMS<\/li>\n<li>Capteur g\u00e9omagn\u00e9tique<\/li>\n<li>Capteur de proximit\u00e9<\/li>\n<li>Gorilla Glass<\/li>\n<li>\u00c9cran plat<\/li>\n<\/ul>\n<\/li>\n<li>Gyroscope: Oui<\/li>\n<li>M\u00e9moire RAM: 8 GB RAM<\/li>\n<li>M\u00e9moire interne: 256 GB<\/li>\n<li>Couleur: Noir<\/li>\n<li>Zoom Num\u00e9rique: 10x<\/li>\n<li>Syst\u00e8me d&#8217;exploitation: Android<\/li>\n<li>Ouverture: F\/1,8<\/li>\n<li>Capteurs:\n<ul>\n<li>Acc\u00e9l\u00e9rom\u00e8tre<\/li>\n<li>Gyroscope<\/li>\n<\/ul>\n<\/li>\n<li>Technologie:\n<ul>\n<li>Mime<\/li>\n<li>AMOLED<\/li>\n<li>Glonass<\/li>\n<\/ul>\n<\/li>\n<li>R\u00e9solution: 2340 x 1080 px<\/li>\n<li>Non Inclus: Adaptateur AC<\/li>\n<li>Fr\u00e9quence: 120 Hz<\/li>\n<li>Inclut: USB Type-C &#8211; USB Type-C<\/li>\n<li>Noyaux: 8 Noyaux<\/li>\n<li>vitesse: 2.4 GHz<\/li>\n<li>R\u00e9solution (px): 3840 x 2160 px<\/li>\n<\/ul>","protected":false},"excerpt":{"rendered":"<p>Si vous \u00eates \u00e0 la recherche de nouvelles tendances sur le march\u00e9, nous vous pr\u00e9sentons Smartphone Samsung SM-A366BZKGEEB ! Le Samsung Galaxy A36 SM-A366BZKGEEB est un smartphone avanc\u00e9 qui associe un design \u00e9l\u00e9gant en noir \u00e0 des performances techniques \u00e9lev\u00e9es, offrant une exp\u00e9rience utilisateur fluide adapt\u00e9e aussi bien aux besoins professionnels qu\u2019au divertissement. Dot\u00e9 d\u2019un [&hellip;]<\/p>\n","protected":false},"featured_media":26458,"comment_status":"open","ping_status":"closed","template":"","meta":[],"product_brand":[183],"product_cat":[575,65,960],"product_tag":[213,566,106],"class_list":{"0":"post-26468","1":"product","2":"type-product","3":"status-publish","4":"has-post-thumbnail","6":"product_brand-brandp_576","7":"product_cat-electronique-telephonie-et-tablettes","8":"product_cat-informatique-electronique","9":"product_cat-telephones-portables","10":"product_tag-tag_933","11":"product_tag-tag_547","12":"product_tag-tag_1295","14":"first","15":"instock","16":"taxable","17":"shipping-taxable","18":"purchasable","19":"product-type-simple"},"_links":{"self":[{"href":"https:\/\/bigbuy.tupique.com\/es\/wp-json\/wp\/v2\/product\/26468","targetHints":{"allow":["GET"]}}],"collection":[{"href":"https:\/\/bigbuy.tupique.com\/es\/wp-json\/wp\/v2\/product"}],"about":[{"href":"https:\/\/bigbuy.tupique.com\/es\/wp-json\/wp\/v2\/types\/product"}],"replies":[{"embeddable":true,"href":"https:\/\/bigbuy.tupique.com\/es\/wp-json\/wp\/v2\/comments?post=26468"}],"wp:featuredmedia":[{"embeddable":true,"href":"https:\/\/bigbuy.tupique.com\/es\/wp-json\/wp\/v2\/media\/26458"}],"wp:attachment":[{"href":"https:\/\/bigbuy.tupique.com\/es\/wp-json\/wp\/v2\/media?parent=26468"}],"wp:term":[{"taxonomy":"product_brand","embeddable":true,"href":"https:\/\/bigbuy.tupique.com\/es\/wp-json\/wp\/v2\/product_brand?post=26468"},{"taxonomy":"product_cat","embeddable":true,"href":"https:\/\/bigbuy.tupique.com\/es\/wp-json\/wp\/v2\/product_cat?post=26468"},{"taxonomy":"product_tag","embeddable":true,"href":"https:\/\/bigbuy.tupique.com\/es\/wp-json\/wp\/v2\/product_tag?post=26468"}],"curies":[{"name":"wp","href":"https:\/\/api.w.org\/{rel}","templated":true}]}}