{"id":26457,"date":"2026-03-29T22:22:06","date_gmt":"2026-03-29T21:22:06","guid":{"rendered":"https:\/\/bigbuy.tupique.com\/produto\/monitor-lg-lscc025-gz-aeuq\/"},"modified":"2026-04-15T04:07:57","modified_gmt":"2026-04-15T03:07:57","slug":"monitor-lg-lscc025-gz-aeuq","status":"publish","type":"product","link":"https:\/\/bigbuy.tupique.com\/es\/produto\/monitor-lg-lscc025-gz-aeuq\/","title":{"rendered":"\u00c9cran LG LSCC025-GZ.AEUQ"},"content":{"rendered":"<p>Si vous \u00eates \u00e0 la recherche de nouvelles tendances sur le march\u00e9, nous vous pr\u00e9sentons <b>\u00c9cran LG LSCC025-GZ.AEUQ<\/b> !<\/p>\n<ul>\n<li>Type: \u00c9cran<\/li>\n<li>Produit \u00e0 brancher: Oui<\/li>\n<li>Type de prise: Prise EU<\/li>\n<li>Bloc d\u2019Alimentation: r\u00e9seau \u00e9lectrique<\/li>\n<li>Couleur: Noir<\/li>\n<li>Tension:\n<ul>\n<li>100-240 V<\/li>\n<li>100 &#8211; 240 V<\/li>\n<\/ul>\n<\/li>\n<li>Brille: 800 cd\/m\u00b2<\/li>\n<li>Technologie: LED<\/li>\n<li>Caract\u00e9ristiques:\n<ul>\n<li>LED<\/li>\n<li>HDR<\/li>\n<li>\u00c9cran plat<\/li>\n<\/ul>\n<\/li>\n<li>Montage: Montage mural<\/li>\n<li>Rapport de contraste: 5000:1<\/li>\n<li>Classification IP: IP30<\/li>\n<li>Fr\u00e9quence d&#8217;entr\u00e9e AC: 50-60 Hz<\/li>\n<li>Flux lumineux: 800 lm<\/li>\n<li>Angle: 160\u00ba<\/li>\n<li>Utilisation recommand\u00e9e: Professionnel<\/li>\n<li>Diagonale de l&#8217;\u00e9cran (cm): 6,4 cm<\/li>\n<\/ul>","protected":false},"excerpt":{"rendered":"<p>Si vous \u00eates \u00e0 la recherche de nouvelles tendances sur le march\u00e9, nous vous pr\u00e9sentons \u00c9cran LG LSCC025-GZ.AEUQ ! Type: \u00c9cran Produit \u00e0 brancher: Oui Type de prise: Prise EU Bloc d\u2019Alimentation: r\u00e9seau \u00e9lectrique Couleur: Noir Tension: 100-240 V 100 &#8211; 240 V Brille: 800 cd\/m\u00b2 Technologie: LED Caract\u00e9ristiques: LED HDR \u00c9cran plat Montage: Montage [&hellip;]<\/p>\n","protected":false},"featured_media":26448,"comment_status":"open","ping_status":"closed","template":"","meta":[],"product_brand":[662],"product_cat":[65,581,616],"product_tag":[213,106],"class_list":{"0":"post-26457","1":"product","2":"type-product","3":"status-publish","4":"has-post-thumbnail","6":"product_brand-brandp_559","7":"product_cat-informatique-electronique","8":"product_cat-informatique-peripheriques-et-consommables","9":"product_cat-moniteurs","10":"product_tag-tag_933","11":"product_tag-tag_1295","13":"first","14":"instock","15":"taxable","16":"shipping-taxable","17":"purchasable","18":"product-type-simple"},"_links":{"self":[{"href":"https:\/\/bigbuy.tupique.com\/es\/wp-json\/wp\/v2\/product\/26457","targetHints":{"allow":["GET"]}}],"collection":[{"href":"https:\/\/bigbuy.tupique.com\/es\/wp-json\/wp\/v2\/product"}],"about":[{"href":"https:\/\/bigbuy.tupique.com\/es\/wp-json\/wp\/v2\/types\/product"}],"replies":[{"embeddable":true,"href":"https:\/\/bigbuy.tupique.com\/es\/wp-json\/wp\/v2\/comments?post=26457"}],"wp:featuredmedia":[{"embeddable":true,"href":"https:\/\/bigbuy.tupique.com\/es\/wp-json\/wp\/v2\/media\/26448"}],"wp:attachment":[{"href":"https:\/\/bigbuy.tupique.com\/es\/wp-json\/wp\/v2\/media?parent=26457"}],"wp:term":[{"taxonomy":"product_brand","embeddable":true,"href":"https:\/\/bigbuy.tupique.com\/es\/wp-json\/wp\/v2\/product_brand?post=26457"},{"taxonomy":"product_cat","embeddable":true,"href":"https:\/\/bigbuy.tupique.com\/es\/wp-json\/wp\/v2\/product_cat?post=26457"},{"taxonomy":"product_tag","embeddable":true,"href":"https:\/\/bigbuy.tupique.com\/es\/wp-json\/wp\/v2\/product_tag?post=26457"}],"curies":[{"name":"wp","href":"https:\/\/api.w.org\/{rel}","templated":true}]}}