{"id":26447,"date":"2026-03-29T22:21:50","date_gmt":"2026-03-29T21:21:50","guid":{"rendered":"https:\/\/bigbuy.tupique.com\/produto\/monitor-philips-10bdl3351t-00-101\/"},"modified":"2026-04-15T04:07:57","modified_gmt":"2026-04-15T03:07:57","slug":"monitor-philips-10bdl3351t-00-101","status":"publish","type":"product","link":"https:\/\/bigbuy.tupique.com\/es\/produto\/monitor-philips-10bdl3351t-00-101\/","title":{"rendered":"\u00c9cran Philips 10BDL3351T\/00 10,1&#8243;"},"content":{"rendered":"<p>Si vous \u00eates passionn\u00e9 d&#8217;<b>informatique et d&#8217;\u00e9lectronique<\/b>, si vous \u00eates \u00e0 la pointe de la technologie et qu&#8217;aucun d\u00e9tail ne vous \u00e9chappe, achetez <b>\u00c9cran Philips 10BDL3351T\/00 10,1&#8243;<\/b> au meilleur prix.<\/p>\n<p>Le <b>moniteur Philips 10BDL3351T\/00<\/b> est un appareil professionnel con\u00e7u pour des environnements n\u00e9cessitant une interaction avanc\u00e9e et continue, se distinguant comme un <b>moniteur tactile de 10,1 pouces<\/b> (25,6 cm) avec une r\u00e9solution de <b>1280 x 800 pixels<\/b>, offrant des images nettes et une exp\u00e9rience visuelle claire. Son <b>\u00e9cran plat interactif<\/b>, associ\u00e9 \u00e0 un <b>temps de r\u00e9ponse de 35 ms<\/b>, assure une r\u00e9activit\u00e9 adapt\u00e9e aux applications interactives, pr\u00e9sentations et signal\u00e9tique digitale. Cet \u00e9quipement pr\u00e9sente un design sobre en <b>noir<\/b>, s\u2019int\u00e9grant facilement \u00e0 tout espace professionnel. Sa capacit\u00e9 \u00e0 fonctionner en mode <b>24\/7<\/b> le rend id\u00e9al pour un usage continu sans interruption, garantissant performance et durabilit\u00e9 dans des environnements exigeants. Int\u00e9grant une <b>connectivit\u00e9 Wi-Fi<\/b> et un syst\u00e8me d\u2019exploitation Android int\u00e9gr\u00e9, il permet une gestion simple et polyvalente des contenus et applications directement depuis le moniteur, sans besoin d\u2019appareils externes. De plus, sa finition propose des options en blanc et noir ainsi qu\u2019une compatibilit\u00e9 USB, facilitant l\u2019int\u00e9gration et la connexion avec d\u2019autres appareils ou p\u00e9riph\u00e9riques. Sa luminosit\u00e9 de <b>350 cd\/m\u00b2<\/b> optimise la visibilit\u00e9 dans divers environnements, assurant une lecture ais\u00e9e des informations en int\u00e9rieur comme en conditions d\u2019\u00e9clairage mod\u00e9r\u00e9. Ce mod\u00e8le est particuli\u00e8rement utile pour les professionnels des secteurs n\u00e9cessitant des supports interactifs fiables, fonctionnant comme une solution universelle pour la gestion digitale et les pr\u00e9sentations tactiles de mani\u00e8re efficace et pratique. En r\u00e9sum\u00e9, le Philips 10BDL3351T\/00 allie fonctionnalit\u00e9 technique et design robuste, se positionnant comme une option comp\u00e9tente pour ceux qui recherchent un moniteur tactile professionnel avec syst\u00e8me Android pour un usage ininterrompu.<\/p>\n<ul>\n<li>Diagonale de l&#8217;\u00e9cran (cm):\n<ul>\n<li>33 cm<\/li>\n<li>25,7 cm<\/li>\n<\/ul>\n<\/li>\n<li>Type: \u00c9cran<\/li>\n<li>Produit \u00e0 brancher: Oui<\/li>\n<li>Type de prise: Prise EU<\/li>\n<li>Bloc d\u2019Alimentation: r\u00e9seau \u00e9lectrique<\/li>\n<li>Couleur:\n<ul>\n<li>Noir<\/li>\n<li>Blanc<\/li>\n<\/ul>\n<\/li>\n<li>Caract\u00e9ristiques:\n<ul>\n<li>Ecran tactile<\/li>\n<li>Universel<\/li>\n<\/ul>\n<\/li>\n<li>Connexions:\n<ul>\n<li>USB 2.0<\/li>\n<li>Ethernet LAN<\/li>\n<li>USB<\/li>\n<li>RJ45<\/li>\n<li>USB x 1<\/li>\n<\/ul>\n<\/li>\n<li>Syst\u00e8me d&#8217;exploitation: Android<\/li>\n<li>Ecran:\n<ul>\n<li>10,1&#8243;<\/li>\n<li>13&#8243;<\/li>\n<\/ul>\n<\/li>\n<li>Compatible:\n<ul>\n<li>VESA 75 x 75 mm<\/li>\n<li>VESA 100 x 100<\/li>\n<\/ul>\n<\/li>\n<li>Temps de r\u00e9ponse: 35 MS<\/li>\n<li>R\u00e9solution (px):\n<ul>\n<li>1280 x 800 px<\/li>\n<li>1600 x 1200 px<\/li>\n<\/ul>\n<\/li>\n<li>Rapport d&#8217;aspect: 16:9<\/li>\n<li>Connectivit\u00e9:\n<ul>\n<li>Bluetooth<\/li>\n<li>Wi-Fi<\/li>\n<\/ul>\n<\/li>\n<li>Interface: Ethernet<\/li>\n<li>Sortie audio: Oui<\/li>\n<li>Inclut: Adaptateur de courant<\/li>\n<li>Pr\u00e9cision (humidit\u00e9 relative): 20 % &#8211; 80 %<\/li>\n<li>Montage: VESA<\/li>\n<\/ul>","protected":false},"excerpt":{"rendered":"<p>Si vous \u00eates passionn\u00e9 d&#8217;informatique et d&#8217;\u00e9lectronique, si vous \u00eates \u00e0 la pointe de la technologie et qu&#8217;aucun d\u00e9tail ne vous \u00e9chappe, achetez \u00c9cran Philips 10BDL3351T\/00 10,1&#8243; au meilleur prix. Le moniteur Philips 10BDL3351T\/00 est un appareil professionnel con\u00e7u pour des environnements n\u00e9cessitant une interaction avanc\u00e9e et continue, se distinguant comme un moniteur tactile de [&hellip;]<\/p>\n","protected":false},"featured_media":26446,"comment_status":"open","ping_status":"closed","template":"","meta":[],"product_brand":[315],"product_cat":[65,581,616],"product_tag":[213,106],"class_list":{"0":"post-26447","1":"product","2":"type-product","3":"status-publish","4":"has-post-thumbnail","6":"product_brand-brandp_571","7":"product_cat-informatique-electronique","8":"product_cat-informatique-peripheriques-et-consommables","9":"product_cat-moniteurs","10":"product_tag-tag_933","11":"product_tag-tag_1295","13":"first","14":"instock","15":"taxable","16":"shipping-taxable","17":"purchasable","18":"product-type-simple"},"_links":{"self":[{"href":"https:\/\/bigbuy.tupique.com\/es\/wp-json\/wp\/v2\/product\/26447","targetHints":{"allow":["GET"]}}],"collection":[{"href":"https:\/\/bigbuy.tupique.com\/es\/wp-json\/wp\/v2\/product"}],"about":[{"href":"https:\/\/bigbuy.tupique.com\/es\/wp-json\/wp\/v2\/types\/product"}],"replies":[{"embeddable":true,"href":"https:\/\/bigbuy.tupique.com\/es\/wp-json\/wp\/v2\/comments?post=26447"}],"wp:featuredmedia":[{"embeddable":true,"href":"https:\/\/bigbuy.tupique.com\/es\/wp-json\/wp\/v2\/media\/26446"}],"wp:attachment":[{"href":"https:\/\/bigbuy.tupique.com\/es\/wp-json\/wp\/v2\/media?parent=26447"}],"wp:term":[{"taxonomy":"product_brand","embeddable":true,"href":"https:\/\/bigbuy.tupique.com\/es\/wp-json\/wp\/v2\/product_brand?post=26447"},{"taxonomy":"product_cat","embeddable":true,"href":"https:\/\/bigbuy.tupique.com\/es\/wp-json\/wp\/v2\/product_cat?post=26447"},{"taxonomy":"product_tag","embeddable":true,"href":"https:\/\/bigbuy.tupique.com\/es\/wp-json\/wp\/v2\/product_tag?post=26447"}],"curies":[{"name":"wp","href":"https:\/\/api.w.org\/{rel}","templated":true}]}}