{"id":26214,"date":"2026-03-29T22:06:23","date_gmt":"2026-03-29T21:06:23","guid":{"rendered":"https:\/\/bigbuy.tupique.com\/produto\/switch-d-link-dms-1250-12tp-e\/"},"modified":"2026-04-15T04:07:38","modified_gmt":"2026-04-15T03:07:38","slug":"switch-d-link-dms-1250-12tp-e","status":"publish","type":"product","link":"https:\/\/bigbuy.tupique.com\/es\/produto\/switch-d-link-dms-1250-12tp-e\/","title":{"rendered":"Switch D-Link DMS-1250-12TP\/E"},"content":{"rendered":"<p>Si vous \u00eates \u00e0 la recherche de nouvelles tendances sur le march\u00e9, nous vous pr\u00e9sentons <b>Switch D-Link DMS-1250-12TP\/E<\/b> !<\/p>\n<p>Le <b>DMS-1250-12TP\/E<\/b> de <b>D-Link<\/b> est un <b>switch manageable<\/b> con\u00e7u pour les environnements professionnels n\u00e9cessitant une grande capacit\u00e9 et flexibilit\u00e9 dans la gestion des r\u00e9seaux. Il dispose de <b>10 ports RJ45 Ethernet<\/b>, dont <b>8<\/b> supportent des vitesses standards et un offre la fonction <b>PoE (Power over Ethernet)<\/b>, permettant d\u2019alimenter directement les appareils compatibles sans c\u00e2bles d\u2019alimentation suppl\u00e9mentaires. De plus, il int\u00e8gre <b>2 ports SFP<\/b> pour connexions fibre optique, \u00e9tendant la port\u00e9e et la vitesse des communications pour des connexions hautes performances. Ce switch supporte des vitesses jusqu\u2019\u00e0 <b>2,5 Gigabit Ethernet<\/b> sur ports RJ-45, int\u00e9grant les standards essentiels <b>IEEE 802.3ab, 802.3ae, 802.3af, 802.3an, 802.3at, 802.3az et 802.3bt<\/b>, garantissant compatibilit\u00e9 avec les protocoles actuels et une gestion \u00e9nerg\u00e9tique efficace. Sa m\u00e9moire interne de <b>512 Mo<\/b> g\u00e8re une table d\u2019adresses MAC de <b>16 000 entr\u00e9es<\/b>, facilitant l\u2019administration avanc\u00e9e du r\u00e9seau et le filtrage des donn\u00e9es pour optimiser le trafic. La capacit\u00e9 de commutation atteint <b>129 Gbit\/s<\/b>, permettant de g\u00e9rer de gros volumes de donn\u00e9es avec faible latence, id\u00e9al pour entreprises, centres de donn\u00e9es ou infrastructures critiques. L\u2019appareil est pr\u00e9sent\u00e9 en finition <b>noire<\/b> et pr\u00eat pour installation en rack standard, avec un connecteur d\u2019alimentation AC assurant une connexion fiable. La fonction PoE simplifie l\u2019installation en alimentant directement cam\u00e9ras IP, t\u00e9l\u00e9phones VoIP et points d\u2019acc\u00e8s Wi-Fi depuis le switch. En r\u00e9sum\u00e9, le <b>D-Link DMS-1250-12TP\/E<\/b> est une solution robuste et polyvalente offrant un \u00e9quilibre optimal entre performance, \u00e9volutivit\u00e9 et efficacit\u00e9 \u00e9nerg\u00e9tique pour r\u00e9seaux exigeants.<\/p>\n<ul>\n<li>Type: Switch<\/li>\n<li>Produit \u00e0 brancher: Oui<\/li>\n<li>Type de prise: Prise EU<\/li>\n<li>Bloc d\u2019Alimentation:\n<ul>\n<li>r\u00e9seau \u00e9lectrique<\/li>\n<li>Incluses<\/li>\n<\/ul>\n<\/li>\n<li>Couleur: Noir<\/li>\n<li>Connexions:\n<ul>\n<li>RJ45<\/li>\n<li>8<\/li>\n<li>PoE x 1<\/li>\n<li>2<\/li>\n<li>SFP<\/li>\n<\/ul>\n<\/li>\n<li>Tension:\n<ul>\n<li>100-240 V<\/li>\n<li>100 &#8211; 240 V<\/li>\n<\/ul>\n<\/li>\n<li>Fr\u00e9quence: 50-60 Hz<\/li>\n<li>Caract\u00e9ristiques:\n<ul>\n<li>Guide d&#8217;installation inclus<\/li>\n<li>T\u00e9moin de fonctionnement LED<\/li>\n<li>Protection des donn\u00e9es\/mot de passe<\/li>\n<\/ul>\n<\/li>\n<li>puissance:\n<ul>\n<li>30 W<\/li>\n<li>240 W<\/li>\n<\/ul>\n<\/li>\n<li>Ports: 8<\/li>\n<li>Connectivit\u00e9:\n<ul>\n<li>PoE<\/li>\n<li>10 Gigabit Ethernet<\/li>\n<li>2,5 Gigabit Ethernet<\/li>\n<li>QoS<\/li>\n<\/ul>\n<\/li>\n<li>Transmission de donn\u00e9es:\n<ul>\n<li>10, 100, 1000 Mbit\/s<\/li>\n<li>10000 Mbit\/s<\/li>\n<\/ul>\n<\/li>\n<li>consommation d&#8217;\u00e9nergie: 120 W<\/li>\n<li>Fr\u00e9quence d&#8217;entr\u00e9e AC: 50-60 Hz<\/li>\n<li>Largeur: 44 cm<\/li>\n<li>Temp\u00e9rature approximative: &#8211; 20\u00baC \/ 70\u00b0C<\/li>\n<li>S\u00e9curit\u00e9: IGMP<\/li>\n<li>Long: 21 cm<\/li>\n<\/ul>","protected":false},"excerpt":{"rendered":"<p>Si vous \u00eates \u00e0 la recherche de nouvelles tendances sur le march\u00e9, nous vous pr\u00e9sentons Switch D-Link DMS-1250-12TP\/E ! Le DMS-1250-12TP\/E de D-Link est un switch manageable con\u00e7u pour les environnements professionnels n\u00e9cessitant une grande capacit\u00e9 et flexibilit\u00e9 dans la gestion des r\u00e9seaux. Il dispose de 10 ports RJ45 Ethernet, dont 8 supportent des vitesses [&hellip;]<\/p>\n","protected":false},"featured_media":26213,"comment_status":"open","ping_status":"closed","template":"","meta":[],"product_brand":[640],"product_cat":[65,584,585],"product_tag":[106],"class_list":{"0":"post-26214","1":"product","2":"type-product","3":"status-publish","4":"has-post-thumbnail","6":"product_brand-brandp_543","7":"product_cat-informatique-electronique","8":"product_cat-informatique-reseaux-et-composants","9":"product_cat-switch","10":"product_tag-tag_1295","12":"first","13":"instock","14":"taxable","15":"shipping-taxable","16":"purchasable","17":"product-type-simple"},"_links":{"self":[{"href":"https:\/\/bigbuy.tupique.com\/es\/wp-json\/wp\/v2\/product\/26214","targetHints":{"allow":["GET"]}}],"collection":[{"href":"https:\/\/bigbuy.tupique.com\/es\/wp-json\/wp\/v2\/product"}],"about":[{"href":"https:\/\/bigbuy.tupique.com\/es\/wp-json\/wp\/v2\/types\/product"}],"replies":[{"embeddable":true,"href":"https:\/\/bigbuy.tupique.com\/es\/wp-json\/wp\/v2\/comments?post=26214"}],"wp:featuredmedia":[{"embeddable":true,"href":"https:\/\/bigbuy.tupique.com\/es\/wp-json\/wp\/v2\/media\/26213"}],"wp:attachment":[{"href":"https:\/\/bigbuy.tupique.com\/es\/wp-json\/wp\/v2\/media?parent=26214"}],"wp:term":[{"taxonomy":"product_brand","embeddable":true,"href":"https:\/\/bigbuy.tupique.com\/es\/wp-json\/wp\/v2\/product_brand?post=26214"},{"taxonomy":"product_cat","embeddable":true,"href":"https:\/\/bigbuy.tupique.com\/es\/wp-json\/wp\/v2\/product_cat?post=26214"},{"taxonomy":"product_tag","embeddable":true,"href":"https:\/\/bigbuy.tupique.com\/es\/wp-json\/wp\/v2\/product_tag?post=26214"}],"curies":[{"name":"wp","href":"https:\/\/api.w.org\/{rel}","templated":true}]}}