{"id":26086,"date":"2026-03-29T22:03:22","date_gmt":"2026-03-29T21:03:22","guid":{"rendered":"https:\/\/bigbuy.tupique.com\/produto\/multifunction-printer-canon-6875c009\/"},"modified":"2026-04-15T04:07:32","modified_gmt":"2026-04-15T03:07:32","slug":"multifunction-printer-canon-6875c009","status":"publish","type":"product","link":"https:\/\/bigbuy.tupique.com\/es\/produto\/multifunction-printer-canon-6875c009\/","title":{"rendered":"Imprimante Multifonction Canon 6875C009"},"content":{"rendered":"<p>Si vous \u00eates passionn\u00e9 d&#8217;<b>informatique et d&#8217;\u00e9lectronique<\/b>, si vous \u00eates \u00e0 la pointe de la technologie et qu&#8217;aucun d\u00e9tail ne vous \u00e9chappe, achetez <b>Imprimante Multifonction Canon 6875C009<\/b> au meilleur prix.<\/p>\n<p>La <b>imprimante<\/b> <b>Canon PIXMA PRO-200S<\/b> est un appareil photo \u00e0 jet d\u2019encre con\u00e7u pour offrir une impression de haute qualit\u00e9 au format A3+, ce qui en fait une solution id\u00e9ale pour les professionnels et passionn\u00e9s de photographie recherchant des r\u00e9sultats d\u00e9taill\u00e9s et pr\u00e9cis. Cette imprimante se distingue par sa <b>technologie avanc\u00e9e de jet d\u2019encre<\/b> permettant d\u2019atteindre une <b>r\u00e9solution maximale de 4800 x 2400 dpi<\/b>, garantissant une reproduction des couleurs vibrante et une finition professionnelle \u00e0 chaque impression. Son design associe les couleurs <b>noir et gris<\/b> dans une structure robuste en plastique r\u00e9sistant, avec un <b>\u00e9cran LCD int\u00e9gr\u00e9<\/b> facilitant la navigation et la configuration des impressions. C\u00f4t\u00e9 connectivit\u00e9, l\u2019appareil int\u00e8gre le <b>Wi-Fi<\/b> pour l\u2019impression sans fil, ainsi qu\u2019un port <b>USB<\/b>, offrant une connexion flexible avec divers appareils et r\u00e9seaux, ce qui facilite son int\u00e9gration aussi bien \u00e0 domicile que dans des studios photo ou petits bureaux. L\u2019utilisation de cette imprimante permet des impressions couleur d\u2019une grande profondeur et qualit\u00e9, allant des photos grand format aux graphiques aux d\u00e9tails pr\u00e9cis. Gr\u00e2ce \u00e0 sa technologie, elle g\u00e8re diff\u00e9rents types de papier et supports, s\u2019adaptant aux besoins sp\u00e9cifiques de l\u2019utilisateur. Sa combinaison de caract\u00e9ristiques fait de la Canon PIXMA PRO-200S un choix fiable pour ceux qui recherchent un appareil polyvalent et performant pour l\u2019impression photo professionnelle. Cette imprimante repr\u00e9sente un \u00e9quilibre remarquable entre qualit\u00e9 d\u2019image, facilit\u00e9 d\u2019utilisation et connectivit\u00e9 avanc\u00e9e.<\/p>\n<ul>\n<li>Type: Imprimante Multifonction<\/li>\n<li>Produit \u00e0 brancher: Oui<\/li>\n<li>Type de prise: Prise EU<\/li>\n<li>Bloc d\u2019Alimentation: r\u00e9seau \u00e9lectrique<\/li>\n<li>Couleur:\n<ul>\n<li>Noir<\/li>\n<li>Gris<\/li>\n<\/ul>\n<\/li>\n<li>Caract\u00e9ristiques:\n<ul>\n<li>\u00c9cran integr\u00e9<\/li>\n<li>\u00c9cran LCD<\/li>\n<\/ul>\n<\/li>\n<li>Connexions:\n<ul>\n<li>Ethernet LAN<\/li>\n<li>USB<\/li>\n<li>USB 3.0 x 2<\/li>\n<\/ul>\n<\/li>\n<li>R\u00e9solution d&#8217;image maximale: 4800 x 2400 dpi<\/li>\n<li>Technologie:\n<ul>\n<li>LCD<\/li>\n<li>Injection d&#8217;encre<\/li>\n<\/ul>\n<\/li>\n<li>Fr\u00e9quence: 50-60 Hz<\/li>\n<li>Mati\u00e8re: Plastique<\/li>\n<li>Connectivit\u00e9:\n<ul>\n<li>Wi-Fi<\/li>\n<li>Ethernet LAN<\/li>\n<li>Wi-Fi 4 (802.11n)<\/li>\n<\/ul>\n<\/li>\n<li>Tension: 100 &#8211; 240 V<\/li>\n<li>Fr\u00e9quence d&#8217;entr\u00e9e AC: 50-60 Hz<\/li>\n<li>Type de commande: Tactile<\/li>\n<li>Non Inclus: Bluetooth<\/li>\n<li>Diagonale de l&#8217;\u00e9cran (cm): 12,7 cm<\/li>\n<\/ul>","protected":false},"excerpt":{"rendered":"<p>Si vous \u00eates passionn\u00e9 d&#8217;informatique et d&#8217;\u00e9lectronique, si vous \u00eates \u00e0 la pointe de la technologie et qu&#8217;aucun d\u00e9tail ne vous \u00e9chappe, achetez Imprimante Multifonction Canon 6875C009 au meilleur prix. La imprimante Canon PIXMA PRO-200S est un appareil photo \u00e0 jet d\u2019encre con\u00e7u pour offrir une impression de haute qualit\u00e9 au format A3+, ce qui [&hellip;]<\/p>\n","protected":false},"featured_media":26079,"comment_status":"open","ping_status":"closed","template":"","meta":[],"product_brand":[637],"product_cat":[592,65,581],"product_tag":[213,106],"class_list":{"0":"post-26086","1":"product","2":"type-product","3":"status-publish","4":"has-post-thumbnail","6":"product_brand-brandp_539","7":"product_cat-imprimantes","8":"product_cat-informatique-electronique","9":"product_cat-informatique-peripheriques-et-consommables","10":"product_tag-tag_933","11":"product_tag-tag_1295","13":"first","14":"instock","15":"taxable","16":"shipping-taxable","17":"purchasable","18":"product-type-simple"},"_links":{"self":[{"href":"https:\/\/bigbuy.tupique.com\/es\/wp-json\/wp\/v2\/product\/26086","targetHints":{"allow":["GET"]}}],"collection":[{"href":"https:\/\/bigbuy.tupique.com\/es\/wp-json\/wp\/v2\/product"}],"about":[{"href":"https:\/\/bigbuy.tupique.com\/es\/wp-json\/wp\/v2\/types\/product"}],"replies":[{"embeddable":true,"href":"https:\/\/bigbuy.tupique.com\/es\/wp-json\/wp\/v2\/comments?post=26086"}],"wp:featuredmedia":[{"embeddable":true,"href":"https:\/\/bigbuy.tupique.com\/es\/wp-json\/wp\/v2\/media\/26079"}],"wp:attachment":[{"href":"https:\/\/bigbuy.tupique.com\/es\/wp-json\/wp\/v2\/media?parent=26086"}],"wp:term":[{"taxonomy":"product_brand","embeddable":true,"href":"https:\/\/bigbuy.tupique.com\/es\/wp-json\/wp\/v2\/product_brand?post=26086"},{"taxonomy":"product_cat","embeddable":true,"href":"https:\/\/bigbuy.tupique.com\/es\/wp-json\/wp\/v2\/product_cat?post=26086"},{"taxonomy":"product_tag","embeddable":true,"href":"https:\/\/bigbuy.tupique.com\/es\/wp-json\/wp\/v2\/product_tag?post=26086"}],"curies":[{"name":"wp","href":"https:\/\/api.w.org\/{rel}","templated":true}]}}