{"id":25966,"date":"2026-03-29T21:50:11","date_gmt":"2026-03-29T20:50:11","guid":{"rendered":"https:\/\/bigbuy.tupique.com\/produto\/multifunction-printer-brother-mfcl2980dwre1\/"},"modified":"2026-04-15T03:34:38","modified_gmt":"2026-04-15T02:34:38","slug":"multifunction-printer-brother-mfcl2980dwre1","status":"publish","type":"product","link":"https:\/\/bigbuy.tupique.com\/es\/produto\/multifunction-printer-brother-mfcl2980dwre1\/","title":{"rendered":"Imprimante Multifonction Brother MFCL2980DWRE1"},"content":{"rendered":"<p>Si vous \u00eates passionn\u00e9 d&#8217;<b>informatique et d&#8217;\u00e9lectronique<\/b>, si vous \u00eates \u00e0 la pointe de la technologie et qu&#8217;aucun d\u00e9tail ne vous \u00e9chappe, achetez <b>Imprimante Multifonction Brother MFCL2980DWRE1<\/b> au meilleur prix.<\/p>\n<p>La <b>Brother MFCL2980DWRE1<\/b> est une <b>imprimante multifonction<\/b> laser con\u00e7ue pour les environnements domestiques et les bureaux recherchant efficacit\u00e9 et polyvalence dans leurs t\u00e2ches quotidiennes. Ce mod\u00e8le &#8220;tout-en-un&#8221; permet d\u2019imprimer, de num\u00e9riser et de copier avec un seul appareil, optimisant ainsi l\u2019espace et simplifiant le flux de travail. Elle offre une <b>vitesse d\u2019impression allant jusqu\u2019\u00e0 34 pages par minute<\/b> en noir et blanc, id\u00e9ale pour ceux qui ont besoin de documents de qualit\u00e9 rapidement et sans attente. Compatible avec le <b>format A4<\/b>, elle se distingue par son <b>impression recto verso automatique (duplex)<\/b>, une fonctionnalit\u00e9 qui am\u00e9liore l\u2019efficacit\u00e9 de la consommation de papier et contribue \u00e0 la durabilit\u00e9 du bureau. Elle int\u00e8gre un <b>\u00e9cran LCD couleur<\/b> pratique, facilitant la navigation entre les diff\u00e9rentes fonctions et l\u2019acc\u00e8s direct aux principaux r\u00e9glages, ce qui la rend accessible \u00e0 tous les utilisateurs, quel que soit leur niveau technique. La MFCL2980DWRE1 s\u2019adapte aux environnements connect\u00e9s gr\u00e2ce \u00e0 sa <b>connectivit\u00e9 Wi-Fi<\/b> et sa carte r\u00e9seau int\u00e9gr\u00e9e, permettant l\u2019impression et la num\u00e9risation sans fil depuis divers appareils, ainsi que l\u2019int\u00e9gration dans des groupes de travail via le r\u00e9seau local. Dot\u00e9e d\u2019une finition blanche et noire, elle affiche un aspect professionnel et discret qui s\u2019int\u00e8gre \u00e0 tout espace de travail. Elle prend en charge un <b>cycle de travail mensuel allant jusqu\u2019\u00e0 3 500 pages<\/b>, garantissant une grande fiabilit\u00e9 pour un volume r\u00e9gulier de t\u00e2ches. Cette imprimante multifonction Brother est une solution pratique, robuste et efficace pour ceux qui recherchent fiabilit\u00e9, rapidit\u00e9 et simplicit\u00e9 d\u2019utilisation dans la gestion documentaire quotidienne.<\/p>\n<ul>\n<li>Type:\n<ul>\n<li>Imprimante Multifonction<\/li>\n<li>Tout en un<\/li>\n<\/ul>\n<\/li>\n<li>Produit \u00e0 brancher: Oui<\/li>\n<li>Type de prise: Prise EU<\/li>\n<li>Bloc d\u2019Alimentation: r\u00e9seau \u00e9lectrique<\/li>\n<li>Couleur:\n<ul>\n<li>Blanc<\/li>\n<li>Noir<\/li>\n<\/ul>\n<\/li>\n<li>Caract\u00e9ristiques:\n<ul>\n<li>\u00c9cran integr\u00e9<\/li>\n<li>\u00c9cran couleur<\/li>\n<li>\u00c9cran LCD<\/li>\n<li>Impression recto verso<\/li>\n<li>Commande tactile<\/li>\n<\/ul>\n<\/li>\n<li>Connexions:\n<ul>\n<li>USB 2.0<\/li>\n<li>Ethernet LAN<\/li>\n<li>USB<\/li>\n<li>USB 3.0 x 2<\/li>\n<\/ul>\n<\/li>\n<li>M\u00e9moire interne: 256 MB<\/li>\n<li>R\u00e9solution d&#8217;image maximale:\n<ul>\n<li>1200 x 1200 dpi<\/li>\n<li>600 x 600 dpi<\/li>\n<\/ul>\n<\/li>\n<li>Ecran:\n<ul>\n<li>3,5&#8221;<\/li>\n<li>3,5&#8243;<\/li>\n<\/ul>\n<\/li>\n<li>Technologie:\n<ul>\n<li>LCD<\/li>\n<li>Laser<\/li>\n<\/ul>\n<\/li>\n<li>Capacit\u00e9:\n<ul>\n<li>250 Volets<\/li>\n<li>120 Volets<\/li>\n<\/ul>\n<\/li>\n<li>Taille: A4<\/li>\n<li>Connectivit\u00e9:\n<ul>\n<li>Wi-Fi<\/li>\n<li>Ethernet LAN<\/li>\n<li>NFC<\/li>\n<li>Wi-Fi 4 (802.11n)<\/li>\n<\/ul>\n<\/li>\n<li>Tension: 240 V<\/li>\n<li>vitesse:\n<ul>\n<li>34 ppm<\/li>\n<li>7,5 ppm<\/li>\n<li>10\/100 Mbps<\/li>\n<\/ul>\n<\/li>\n<li>Impression couleur: Non<\/li>\n<li>Scanner: 1200 x 1200 dpi<\/li>\n<li>Papier: A4<\/li>\n<li>Plateau: 1<\/li>\n<li>Fonctions: Imprimer<\/li>\n<li>Utilisation recommand\u00e9e: Entreprise et commerce<\/li>\n<li>Poids approx.: 12,4 Kg<\/li>\n<li>Impression recto verso: Automatique et manuel<\/li>\n<\/ul>","protected":false},"excerpt":{"rendered":"<p>Si vous \u00eates passionn\u00e9 d&#8217;informatique et d&#8217;\u00e9lectronique, si vous \u00eates \u00e0 la pointe de la technologie et qu&#8217;aucun d\u00e9tail ne vous \u00e9chappe, achetez Imprimante Multifonction Brother MFCL2980DWRE1 au meilleur prix. La Brother MFCL2980DWRE1 est une imprimante multifonction laser con\u00e7ue pour les environnements domestiques et les bureaux recherchant efficacit\u00e9 et polyvalence dans leurs t\u00e2ches quotidiennes. Ce [&hellip;]<\/p>\n","protected":false},"featured_media":25963,"comment_status":"open","ping_status":"closed","template":"","meta":[],"product_brand":[669],"product_cat":[592,65,581],"product_tag":[213,106],"class_list":{"0":"post-25966","1":"product","2":"type-product","3":"status-publish","4":"has-post-thumbnail","6":"product_brand-brandp_538","7":"product_cat-imprimantes","8":"product_cat-informatique-electronique","9":"product_cat-informatique-peripheriques-et-consommables","10":"product_tag-tag_933","11":"product_tag-tag_1295","13":"first","14":"instock","15":"taxable","16":"shipping-taxable","17":"purchasable","18":"product-type-simple"},"_links":{"self":[{"href":"https:\/\/bigbuy.tupique.com\/es\/wp-json\/wp\/v2\/product\/25966","targetHints":{"allow":["GET"]}}],"collection":[{"href":"https:\/\/bigbuy.tupique.com\/es\/wp-json\/wp\/v2\/product"}],"about":[{"href":"https:\/\/bigbuy.tupique.com\/es\/wp-json\/wp\/v2\/types\/product"}],"replies":[{"embeddable":true,"href":"https:\/\/bigbuy.tupique.com\/es\/wp-json\/wp\/v2\/comments?post=25966"}],"wp:featuredmedia":[{"embeddable":true,"href":"https:\/\/bigbuy.tupique.com\/es\/wp-json\/wp\/v2\/media\/25963"}],"wp:attachment":[{"href":"https:\/\/bigbuy.tupique.com\/es\/wp-json\/wp\/v2\/media?parent=25966"}],"wp:term":[{"taxonomy":"product_brand","embeddable":true,"href":"https:\/\/bigbuy.tupique.com\/es\/wp-json\/wp\/v2\/product_brand?post=25966"},{"taxonomy":"product_cat","embeddable":true,"href":"https:\/\/bigbuy.tupique.com\/es\/wp-json\/wp\/v2\/product_cat?post=25966"},{"taxonomy":"product_tag","embeddable":true,"href":"https:\/\/bigbuy.tupique.com\/es\/wp-json\/wp\/v2\/product_tag?post=25966"}],"curies":[{"name":"wp","href":"https:\/\/api.w.org\/{rel}","templated":true}]}}