{"id":25946,"date":"2026-03-29T21:49:40","date_gmt":"2026-03-29T20:49:40","guid":{"rendered":"https:\/\/bigbuy.tupique.com\/produto\/multifunction-printer-brother-mfcl5710dnre1\/"},"modified":"2026-05-11T19:59:36","modified_gmt":"2026-05-11T17:59:36","slug":"multifunction-printer-brother-mfcl5710dnre1","status":"publish","type":"product","link":"https:\/\/bigbuy.tupique.com\/es\/produto\/multifunction-printer-brother-mfcl5710dnre1\/","title":{"rendered":"Imprimante Multifonction Brother MFCL5710DNRE1"},"content":{"rendered":"<p>Retournez au bureau sans rien oublier ! Achetez <b>Imprimante Multifonction Brother MFCL5710DNRE1<\/b> et faites envie \u00e0 vos coll\u00e8gues!<\/p>\n<p>La <b>Brother MFCL5710DNRE1<\/b> est une <b>imprimante multifonction laser monochrome<\/b> con\u00e7ue pour les environnements professionnels n\u00e9cessitant rapidit\u00e9, qualit\u00e9 et polyvalence dans la gestion documentaire. Elle se distingue par sa capacit\u00e9 \u00e0 imprimer et copier jusqu\u2019\u00e0 <b>48 pages par minute<\/b> avec une r\u00e9solution maximale de <b>1200 x 1200 DPI<\/b>, garantissant des r\u00e9sultats nets et pr\u00e9cis en noir et blanc. Sa technologie laser produit des textes clairs et constants, tandis que la fonction d\u2019impression recto verso automatique optimise l\u2019usage du papier et acc\u00e9l\u00e8re le flux de travail. \u00c9quip\u00e9e d\u2019un scanner haute r\u00e9solution de <b>1200 x 1200 DPI<\/b> avec num\u00e9risation couleur, la MFCL5710DNRE1 facilite la digitalisation fid\u00e8le des documents, incluant la num\u00e9risation recto verso pour plus d\u2019efficacit\u00e9. Pour la copie, elle offre une r\u00e9solution jusqu\u2019\u00e0 <b>1200 x 600 DPI<\/b>. Elle int\u00e8gre \u00e9galement un syst\u00e8me de fax noir et blanc avec envoi et r\u00e9ception duplex, id\u00e9al pour les bureaux utilisant encore les communications traditionnelles. Son interface intuitive repose sur un <b>\u00e9cran tactile couleur de 8,9 cm<\/b>, am\u00e9liorant la navigation et le contr\u00f4le direct des fonctions. La connectivit\u00e9 comprend USB et acc\u00e8s aux services cloud, permettant d\u2019imprimer et num\u00e9riser facilement depuis mobiles et plateformes distantes. Son design noir et blanc allie robustesse et professionnalisme, adapt\u00e9 aux espaces de travail r\u00e9duits comme aux petites et moyennes entreprises. La MFCL5710DNRE1 se distingue aussi par ses fonctions avanc\u00e9es d\u2019automatisation, telles que le rappel automatique et le contr\u00f4le tactile, qui augmentent la productivit\u00e9. Compatible avec du papier jusqu\u2019au format <b>A4<\/b>, ce mod\u00e8le est une solution compl\u00e8te pour impression, copie, num\u00e9risation et fax, destin\u00e9e \u00e0 optimiser les processus documentaires dans les petits et moyens groupes de travail. En r\u00e9sum\u00e9, la Brother MFCL5710DNRE1 repr\u00e9sente un \u00e9quilibre solide entre rapidit\u00e9, qualit\u00e9 d\u2019impression et multifonctionnalit\u00e9, adapt\u00e9e \u00e0 ceux qui exigent fiabilit\u00e9 et efficacit\u00e9 dans leur \u00e9quipement de bureau.<\/p>\n<ul>\n<li>Type: Imprimante Multifonction<\/li>\n<li>Produit \u00e0 brancher: Oui<\/li>\n<li>Type de prise: Prise EU<\/li>\n<li>Bloc d\u2019Alimentation: r\u00e9seau \u00e9lectrique<\/li>\n<li>Couleur:\n<ul>\n<li>Blanc<\/li>\n<li>Noir<\/li>\n<\/ul>\n<\/li>\n<li>Caract\u00e9ristiques:\n<ul>\n<li>\u00c9cran integr\u00e9<\/li>\n<li>\u00c9cran couleur<\/li>\n<li>Impression recto verso<\/li>\n<li>Scanner Double Face<\/li>\n<li>Commande tactile<\/li>\n<\/ul>\n<\/li>\n<li>Connexions:\n<ul>\n<li>Ethernet LAN<\/li>\n<li>USB<\/li>\n<\/ul>\n<\/li>\n<li>M\u00e9moire interne: 512 MB<\/li>\n<li>R\u00e9solution d&#8217;image maximale: 1200 x 1200 dpi<\/li>\n<li>Ecran:\n<ul>\n<li>3,5&#8221;<\/li>\n<li>3,5&#8243;<\/li>\n<\/ul>\n<\/li>\n<li>Fr\u00e9quence: 50-60 Hz<\/li>\n<li>Technologie: Laser<\/li>\n<li>Capacit\u00e9: 250 Volets<\/li>\n<li>Fonctions: Rappel automatique<\/li>\n<li>Impression couleur: Non<\/li>\n<li>Scanner: 1200 x 1200 dpi<\/li>\n<li>Papier: A4<\/li>\n<li>Connectivit\u00e9: Ethernet LAN<\/li>\n<li>Impression recto verso: Automatique<\/li>\n<li>Fr\u00e9quence d&#8217;entr\u00e9e AC: 50-60 Hz<\/li>\n<li>Plateau: 1<\/li>\n<li>Non Inclus: Wi-Fi<\/li>\n<li>Tension: 220-240 V<\/li>\n<li>Pr\u00e9cision (humidit\u00e9 relative): 20 % &#8211; 80 %<\/li>\n<li>Utilisation recommand\u00e9e: Maison<\/li>\n<li>M\u00e9t\u00e9o: 6 s<\/li>\n<\/ul>","protected":false},"excerpt":{"rendered":"<p>Retournez au bureau sans rien oublier ! Achetez Imprimante Multifonction Brother MFCL5710DNRE1 et faites envie \u00e0 vos coll\u00e8gues! La Brother MFCL5710DNRE1 est une imprimante multifonction laser monochrome con\u00e7ue pour les environnements professionnels n\u00e9cessitant rapidit\u00e9, qualit\u00e9 et polyvalence dans la gestion documentaire. Elle se distingue par sa capacit\u00e9 \u00e0 imprimer et copier jusqu\u2019\u00e0 48 pages par [&hellip;]<\/p>\n","protected":false},"featured_media":25945,"comment_status":"open","ping_status":"closed","template":"","meta":[],"product_brand":[669],"product_cat":[592,65,581],"product_tag":[213,106],"class_list":{"0":"post-25946","1":"product","2":"type-product","3":"status-publish","4":"has-post-thumbnail","6":"product_brand-brandp_538","7":"product_cat-imprimantes","8":"product_cat-informatique-electronique","9":"product_cat-informatique-peripheriques-et-consommables","10":"product_tag-tag_933","11":"product_tag-tag_1295","13":"first","14":"instock","15":"taxable","16":"shipping-taxable","17":"purchasable","18":"product-type-simple"},"_links":{"self":[{"href":"https:\/\/bigbuy.tupique.com\/es\/wp-json\/wp\/v2\/product\/25946","targetHints":{"allow":["GET"]}}],"collection":[{"href":"https:\/\/bigbuy.tupique.com\/es\/wp-json\/wp\/v2\/product"}],"about":[{"href":"https:\/\/bigbuy.tupique.com\/es\/wp-json\/wp\/v2\/types\/product"}],"replies":[{"embeddable":true,"href":"https:\/\/bigbuy.tupique.com\/es\/wp-json\/wp\/v2\/comments?post=25946"}],"wp:featuredmedia":[{"embeddable":true,"href":"https:\/\/bigbuy.tupique.com\/es\/wp-json\/wp\/v2\/media\/25945"}],"wp:attachment":[{"href":"https:\/\/bigbuy.tupique.com\/es\/wp-json\/wp\/v2\/media?parent=25946"}],"wp:term":[{"taxonomy":"product_brand","embeddable":true,"href":"https:\/\/bigbuy.tupique.com\/es\/wp-json\/wp\/v2\/product_brand?post=25946"},{"taxonomy":"product_cat","embeddable":true,"href":"https:\/\/bigbuy.tupique.com\/es\/wp-json\/wp\/v2\/product_cat?post=25946"},{"taxonomy":"product_tag","embeddable":true,"href":"https:\/\/bigbuy.tupique.com\/es\/wp-json\/wp\/v2\/product_tag?post=25946"}],"curies":[{"name":"wp","href":"https:\/\/api.w.org\/{rel}","templated":true}]}}