{"id":25781,"date":"2026-03-29T21:45:41","date_gmt":"2026-03-29T20:45:41","guid":{"rendered":"https:\/\/bigbuy.tupique.com\/produto\/superautomatic-coffee-maker-ninja-es501eu-luxe-essential-black\/"},"modified":"2026-04-16T19:56:39","modified_gmt":"2026-04-16T18:56:39","slug":"superautomatic-coffee-maker-ninja-es501eu-luxe-essential-black","status":"publish","type":"product","link":"https:\/\/bigbuy.tupique.com\/es\/produto\/superautomatic-coffee-maker-ninja-es501eu-luxe-essential-black\/","title":{"rendered":"Cafeti\u00e8re superautomatique NINJA ES501EU Luxe Essential Noir"},"content":{"rendered":"<p>Si vous \u00eates \u00e0 la recherche de nouvelles tendances sur le march\u00e9, nous vous pr\u00e9sentons <b>Cafeti\u00e8re superautomatique NINJA ES501EU Luxe Essential Noir<\/b> !<\/p>\n<p>La <b>NINJA ES501EU Luxe Essential<\/b> est une <b>cafeti\u00e8re super-automatique<\/b> con\u00e7ue pour ceux qui recherchent confort et r\u00e9sultats professionnels dans la pr\u00e9paration du caf\u00e9 \u00e0 domicile. Avec une <b>capacit\u00e9 du r\u00e9servoir d&#8217;eau de 2 litres<\/b> et un <b>r\u00e9servoir \u00e0 grains pouvant contenir jusqu&#8217;\u00e0 250 g<\/b>, elle permet de pr\u00e9parer plusieurs tasses sans recharge fr\u00e9quente, id\u00e9ale pour un usage quotidien ou lors de la r\u00e9ception d\u2019invit\u00e9s. Sa <b>puissance de 1650 W<\/b> assure un chauffage rapide et une extraction efficace, offrant des caf\u00e9s intenses et aromatiques en appuyant simplement sur un bouton. Elle pr\u00e9sente un design robuste avec des finitions en <b>noir et gris<\/b>, alliant mat\u00e9riaux durables et esth\u00e9tique moderne qui s\u2019int\u00e8gre facilement dans toute cuisine contemporaine. Sa structure, avec un poids d\u2019environ 11,5 kg, garantit la stabilit\u00e9 pendant le fonctionnement. De plus, elle int\u00e8gre les fonctions classiques des cafeti\u00e8res super-automatiques, telles que le moulin int\u00e9gr\u00e9, le r\u00e9glage de la mouture et le syst\u00e8me de pr\u00e9paration automatique, facilitant la s\u00e9lection de l\u2019intensit\u00e9 et la personnalisation de la boisson selon les pr\u00e9f\u00e9rences de l\u2019utilisateur. Fabriqu\u00e9e en Chine selon les standards de la marque NINJA, elle r\u00e9pond aux attentes de ceux qui souhaitent une cafeti\u00e8re polyvalente et efficace, capable de fournir un caf\u00e9 de qualit\u00e9 \u00e0 chaque utilisation. En r\u00e9sum\u00e9, la ES501EU Luxe Essential se positionne comme une option compl\u00e8te et pratique pour les amateurs de caf\u00e9 qui appr\u00e9cient la technologie et la simplicit\u00e9 \u00e0 la maison.<\/p>\n<ul>\n<li>Type: Cafeti\u00e8re superautomatique<\/li>\n<li>Produit \u00e0 brancher: Oui<\/li>\n<li>Bloc d\u2019Alimentation: r\u00e9seau \u00e9lectrique<\/li>\n<li>Couleur:\n<ul>\n<li>Noir<\/li>\n<li>Gris<\/li>\n<\/ul>\n<\/li>\n<li>Largeur:\n<ul>\n<li>33 cm<\/li>\n<li>34 cm<\/li>\n<\/ul>\n<\/li>\n<li>puissance: 1650 W<\/li>\n<li>Long: 34 cm<\/li>\n<li>Capacit\u00e9:\n<ul>\n<li>2 L<\/li>\n<li>250 g<\/li>\n<\/ul>\n<\/li>\n<\/ul>","protected":false},"excerpt":{"rendered":"<p><span class=\"unit-info\">223.1960 &euro; \/ 100 gr<\/span><\/p>","protected":false},"featured_media":25775,"comment_status":"open","ping_status":"closed","template":"","meta":[],"product_brand":[287],"product_cat":[725,60,77],"product_tag":[59,56],"class_list":{"0":"post-25781","1":"product","2":"type-product","3":"status-publish","4":"has-post-thumbnail","6":"product_brand-brandp_6527","7":"product_cat-cafetieres","8":"product_cat-cuisine-gourmet","9":"product_cat-petit-electromenager","10":"product_tag-tag_1304","11":"product_tag-tag_930","13":"first","14":"instock","15":"taxable","16":"shipping-taxable","17":"purchasable","18":"product-type-simple"},"_links":{"self":[{"href":"https:\/\/bigbuy.tupique.com\/es\/wp-json\/wp\/v2\/product\/25781","targetHints":{"allow":["GET"]}}],"collection":[{"href":"https:\/\/bigbuy.tupique.com\/es\/wp-json\/wp\/v2\/product"}],"about":[{"href":"https:\/\/bigbuy.tupique.com\/es\/wp-json\/wp\/v2\/types\/product"}],"replies":[{"embeddable":true,"href":"https:\/\/bigbuy.tupique.com\/es\/wp-json\/wp\/v2\/comments?post=25781"}],"wp:featuredmedia":[{"embeddable":true,"href":"https:\/\/bigbuy.tupique.com\/es\/wp-json\/wp\/v2\/media\/25775"}],"wp:attachment":[{"href":"https:\/\/bigbuy.tupique.com\/es\/wp-json\/wp\/v2\/media?parent=25781"}],"wp:term":[{"taxonomy":"product_brand","embeddable":true,"href":"https:\/\/bigbuy.tupique.com\/es\/wp-json\/wp\/v2\/product_brand?post=25781"},{"taxonomy":"product_cat","embeddable":true,"href":"https:\/\/bigbuy.tupique.com\/es\/wp-json\/wp\/v2\/product_cat?post=25781"},{"taxonomy":"product_tag","embeddable":true,"href":"https:\/\/bigbuy.tupique.com\/es\/wp-json\/wp\/v2\/product_tag?post=25781"}],"curies":[{"name":"wp","href":"https:\/\/api.w.org\/{rel}","templated":true}]}}