{"id":25768,"date":"2026-03-29T21:45:19","date_gmt":"2026-03-29T20:45:19","guid":{"rendered":"https:\/\/bigbuy.tupique.com\/produto\/superautomatic-coffee-maker-delonghi-ecam220-21-b-black\/"},"modified":"2026-05-11T20:02:40","modified_gmt":"2026-05-11T18:02:40","slug":"superautomatic-coffee-maker-delonghi-ecam220-21-b-black","status":"publish","type":"product","link":"https:\/\/bigbuy.tupique.com\/es\/produto\/superautomatic-coffee-maker-delonghi-ecam220-21-b-black\/","title":{"rendered":"Cafeti\u00e8re superautomatique DeLonghi ECAM220.21.B Noir"},"content":{"rendered":"<p>Si vous recherchez des \u00e9lectrom\u00e9nagers pour votre maison aux meilleurs prix, ne manquez pas <b>Cafeti\u00e8re superautomatique DeLonghi ECAM220.21.B Noir<\/b> et une large s\u00e9lection de petits \u00e9lectrom\u00e9nagers de qualit\u00e9 !<\/p>\n<p>La <b>DeLonghi ECAM220.21.B<\/b> est une <b>machine \u00e0 caf\u00e9 super-automatique<\/b> con\u00e7ue pour ceux qui souhaitent savourer un caf\u00e9 de qualit\u00e9 professionnelle \u00e0 la maison avec un maximum de confort. Fabriqu\u00e9e en <b>noir<\/b>, cette machine se distingue par son style moderne et compact, s\u2019adaptant facilement \u00e0 toute cuisine contemporaine. Elle est \u00e9quip\u00e9e d\u2019un syst\u00e8me de <b>pompe \u00e0 pression de 15 bars<\/b>, garantissant une extraction optimale des ar\u00f4mes et de la cr\u00e8me caract\u00e9ristique des v\u00e9ritables expressos italiens. Elle dispose d\u2019un <b>r\u00e9servoir \u00e0 grains d\u2019une capacit\u00e9 de 250 g<\/b>, permettant de pr\u00e9parer plusieurs tasses cons\u00e9cutives sans recharger, id\u00e9al pour les familles ou les r\u00e9unions. Son fonctionnement enti\u00e8rement automatique est compl\u00e9t\u00e9 par un panneau de contr\u00f4le intuitif, facilitant le choix entre diff\u00e9rentes sp\u00e9cialit\u00e9s ; il permet de s\u00e9lectionner espresso, caf\u00e9 classique ou la fonction Doppio+ pour un r\u00e9sultat plus intense, toujours avec du caf\u00e9 fra\u00eechement moulu \u00e0 l\u2019instant. Le moulin int\u00e9gr\u00e9, associ\u00e9 au syst\u00e8me de pr\u00e9paration r\u00e9glable, offre une flexibilit\u00e9 dans la personnalisation de l\u2019intensit\u00e9, du volume et de la temp\u00e9rature selon les pr\u00e9f\u00e9rences de l\u2019utilisateur, pour une exp\u00e9rience adapt\u00e9e \u00e0 chaque moment de la journ\u00e9e. Pens\u00e9e pour simplifier la routine quotidienne, la Magnifica Start int\u00e8gre des programmes automatiques de rin\u00e7age et de d\u00e9tartrage qui prolongent la dur\u00e9e de vie de l\u2019appareil et maintiennent la qualit\u00e9 du caf\u00e9 tasse apr\u00e8s tasse. La <b>DeLonghi ECAM220.21.B<\/b> offre une combinaison de technologie avanc\u00e9e et de praticit\u00e9, devenant une solution fiable et efficace pour ceux qui recherchent l\u2019excellence \u00e0 chaque pr\u00e9paration de caf\u00e9.<\/p>\n<ul>\n<li>Type: Cafeti\u00e8re superautomatique<\/li>\n<li>Produit \u00e0 brancher: Oui<\/li>\n<li>Bloc d\u2019Alimentation: r\u00e9seau \u00e9lectrique<\/li>\n<li>Couleur: Noir<\/li>\n<li>Pression: 15 bar<\/li>\n<li>Capacit\u00e9: 250 g<\/li>\n<\/ul>","protected":false},"excerpt":{"rendered":"<p><span class=\"unit-info\">209.1960 &euro; \/ 100 gr<\/span><\/p>","protected":false},"featured_media":25767,"comment_status":"open","ping_status":"closed","template":"","meta":[],"product_brand":[299],"product_cat":[725,60,77],"product_tag":[59,56],"class_list":{"0":"post-25768","1":"product","2":"type-product","3":"status-publish","4":"has-post-thumbnail","6":"product_brand-brandp_5487","7":"product_cat-cafetieres","8":"product_cat-cuisine-gourmet","9":"product_cat-petit-electromenager","10":"product_tag-tag_1304","11":"product_tag-tag_930","13":"first","14":"instock","15":"taxable","16":"shipping-taxable","17":"purchasable","18":"product-type-simple"},"_links":{"self":[{"href":"https:\/\/bigbuy.tupique.com\/es\/wp-json\/wp\/v2\/product\/25768","targetHints":{"allow":["GET"]}}],"collection":[{"href":"https:\/\/bigbuy.tupique.com\/es\/wp-json\/wp\/v2\/product"}],"about":[{"href":"https:\/\/bigbuy.tupique.com\/es\/wp-json\/wp\/v2\/types\/product"}],"replies":[{"embeddable":true,"href":"https:\/\/bigbuy.tupique.com\/es\/wp-json\/wp\/v2\/comments?post=25768"}],"wp:featuredmedia":[{"embeddable":true,"href":"https:\/\/bigbuy.tupique.com\/es\/wp-json\/wp\/v2\/media\/25767"}],"wp:attachment":[{"href":"https:\/\/bigbuy.tupique.com\/es\/wp-json\/wp\/v2\/media?parent=25768"}],"wp:term":[{"taxonomy":"product_brand","embeddable":true,"href":"https:\/\/bigbuy.tupique.com\/es\/wp-json\/wp\/v2\/product_brand?post=25768"},{"taxonomy":"product_cat","embeddable":true,"href":"https:\/\/bigbuy.tupique.com\/es\/wp-json\/wp\/v2\/product_cat?post=25768"},{"taxonomy":"product_tag","embeddable":true,"href":"https:\/\/bigbuy.tupique.com\/es\/wp-json\/wp\/v2\/product_tag?post=25768"}],"curies":[{"name":"wp","href":"https:\/\/api.w.org\/{rel}","templated":true}]}}