{"id":25766,"date":"2026-03-29T21:45:17","date_gmt":"2026-03-29T20:45:17","guid":{"rendered":"https:\/\/bigbuy.tupique.com\/produto\/superautomatic-coffee-maker-philips-ep1200-00-black-1500-w-15-bar-18-l\/"},"modified":"2026-04-16T20:31:24","modified_gmt":"2026-04-16T19:31:24","slug":"superautomatic-coffee-maker-philips-ep1200-00-black-1500-w-15-bar-18-l","status":"publish","type":"product","link":"https:\/\/bigbuy.tupique.com\/es\/produto\/superautomatic-coffee-maker-philips-ep1200-00-black-1500-w-15-bar-18-l\/","title":{"rendered":"Cafeti\u00e8re superautomatique Philips EP1200\/00 Noir 1500 W 15 bar 1,8 L"},"content":{"rendered":"<p>Si vous recherchez des \u00e9lectrom\u00e9nagers pour votre maison aux meilleurs prix, ne manquez pas <b>Cafeti\u00e8re superautomatique Philips EP1200\/00 Noir 1500 W 15 bar 1,8 L<\/b> et une large s\u00e9lection de petits \u00e9lectrom\u00e9nagers de qualit\u00e9 !<\/p>\n<p>La <b>Philips EP1200\/00<\/b> est une <b>machine \u00e0 caf\u00e9 super-automatique<\/b> con\u00e7ue pour ceux qui souhaitent savourer un espresso de qualit\u00e9 avec un minimum d&#8217;effort \u00e0 la maison. \u00c9quip\u00e9e d&#8217;une <b>puissance de 1500 W<\/b>, cette machine garantit une extraction rapide et efficace, permettant de pr\u00e9parer des caf\u00e9s intenses et aromatiques en quelques secondes. Son &lt;b;moulin int\u00e9gr\u00e9<\/b> peut contenir jusqu&#8217;\u00e0 <b>275 g de grains<\/b>, assurant un acc\u00e8s constant \u00e0 du caf\u00e9 fra\u00eechement moulu et pr\u00e9servant au maximum l&#8217;ar\u00f4me. Le r\u00e9servoir d&#8217;eau de <b>1,8 litre<\/b> offre une autonomie pour plusieurs pr\u00e9parations cons\u00e9cutives sans recharge fr\u00e9quente, tandis que le <b>bac d&#8217;\u00e9gouttage amovible<\/b> facilite le nettoyage quotidien et aide \u00e0 maintenir la machine pr\u00eate \u00e0 l&#8217;emploi. Son design compact et contemporain en <b>noir<\/b> s&#8217;int\u00e8gre \u00e9l\u00e9gamment dans toute cuisine, et son poids de <b>7,5 kg<\/b> lui conf\u00e8re une bonne stabilit\u00e9 sur le plan de travail. La pr\u00e9sence du mode <b>ECO<\/b> et de la <b>classe d&#8217;efficacit\u00e9 \u00e9nerg\u00e9tique A<\/b> souligne l&#8217;engagement de Philips pour une consommation responsable, optimisant l&#8217;\u00e9nergie sans sacrifier les performances. Avec des commandes intuitives et des mat\u00e9riaux robustes, la Philips EP1200\/00 repr\u00e9sente une solution pratique pour les amateurs d&#8217;espresso qui appr\u00e9cient confort, constance et facilit\u00e9 d&#8217;utilisation au quotidien.<\/p>\n<ul>\n<li>Type:\n<ul>\n<li>Cafeti\u00e8re superautomatique<\/li>\n<li>Machine \u00e0 espresso<\/li>\n<\/ul>\n<\/li>\n<li>Produit \u00e0 brancher: Oui<\/li>\n<li>Bloc d\u2019Alimentation: r\u00e9seau \u00e9lectrique<\/li>\n<li>Couleur: Noir<\/li>\n<li>Largeur: 29 cm<\/li>\n<li>puissance: 1500 W<\/li>\n<li>\u00c9lev\u00e9: 49,5 cm<\/li>\n<li>Long:\n<ul>\n<li>100 cm<\/li>\n<li>48 cm<\/li>\n<\/ul>\n<\/li>\n<li>Dimensions approx.: 40 x 50 x 60 cm<\/li>\n<li>Pression: 15 bar<\/li>\n<li>Niveaux de temp\u00e9rature:\n<ul>\n<li>3<\/li>\n<li>3 niveaux<\/li>\n<\/ul>\n<\/li>\n<li>Capacit\u00e9:\n<ul>\n<li>275 g<\/li>\n<li>1,8 L<\/li>\n<\/ul>\n<\/li>\n<li>Caract\u00e9ristiques:\n<ul>\n<li>ECO<\/li>\n<li>Bac d&#8217;\u00e9gouttage amovible<\/li>\n<li>Temp\u00e9rature r\u00e9glable<\/li>\n<\/ul>\n<\/li>\n<li>Classification \u00e9nerg\u00e9tique: A<\/li>\n<li>Fr\u00e9quence: 50 Hz<\/li>\n<li>Inclut: Ecran<\/li>\n<li>Tension d&#8217;entr\u00e9e AC: 230 V<\/li>\n<\/ul>","protected":false},"excerpt":{"rendered":"<p>Si vous recherchez des \u00e9lectrom\u00e9nagers pour votre maison aux meilleurs prix, ne manquez pas Cafeti\u00e8re superautomatique Philips EP1200\/00 Noir 1500 W 15 bar 1,8 L et une large s\u00e9lection de petits \u00e9lectrom\u00e9nagers de qualit\u00e9 ! La Philips EP1200\/00 est une machine \u00e0 caf\u00e9 super-automatique con\u00e7ue pour ceux qui souhaitent savourer un espresso de qualit\u00e9 avec [&hellip;]<\/p>\n","protected":false},"featured_media":25764,"comment_status":"open","ping_status":"closed","template":"","meta":[],"product_brand":[315],"product_cat":[725,60,77],"product_tag":[59,56],"class_list":{"0":"post-25766","1":"product","2":"type-product","3":"status-publish","4":"has-post-thumbnail","6":"product_brand-brandp_571","7":"product_cat-cafetieres","8":"product_cat-cuisine-gourmet","9":"product_cat-petit-electromenager","10":"product_tag-tag_1304","11":"product_tag-tag_930","13":"first","14":"instock","15":"taxable","16":"shipping-taxable","17":"purchasable","18":"product-type-simple"},"_links":{"self":[{"href":"https:\/\/bigbuy.tupique.com\/es\/wp-json\/wp\/v2\/product\/25766","targetHints":{"allow":["GET"]}}],"collection":[{"href":"https:\/\/bigbuy.tupique.com\/es\/wp-json\/wp\/v2\/product"}],"about":[{"href":"https:\/\/bigbuy.tupique.com\/es\/wp-json\/wp\/v2\/types\/product"}],"replies":[{"embeddable":true,"href":"https:\/\/bigbuy.tupique.com\/es\/wp-json\/wp\/v2\/comments?post=25766"}],"wp:featuredmedia":[{"embeddable":true,"href":"https:\/\/bigbuy.tupique.com\/es\/wp-json\/wp\/v2\/media\/25764"}],"wp:attachment":[{"href":"https:\/\/bigbuy.tupique.com\/es\/wp-json\/wp\/v2\/media?parent=25766"}],"wp:term":[{"taxonomy":"product_brand","embeddable":true,"href":"https:\/\/bigbuy.tupique.com\/es\/wp-json\/wp\/v2\/product_brand?post=25766"},{"taxonomy":"product_cat","embeddable":true,"href":"https:\/\/bigbuy.tupique.com\/es\/wp-json\/wp\/v2\/product_cat?post=25766"},{"taxonomy":"product_tag","embeddable":true,"href":"https:\/\/bigbuy.tupique.com\/es\/wp-json\/wp\/v2\/product_tag?post=25766"}],"curies":[{"name":"wp","href":"https:\/\/api.w.org\/{rel}","templated":true}]}}