{"id":25484,"date":"2026-03-29T21:28:37","date_gmt":"2026-03-29T20:28:37","guid":{"rendered":"https:\/\/bigbuy.tupique.com\/produto\/electric-scooter-urbanglide-100-max-black-350-w-25-km-h\/"},"modified":"2026-04-16T22:01:17","modified_gmt":"2026-04-16T21:01:17","slug":"electric-scooter-urbanglide-100-max-black-350-w-25-km-h","status":"publish","type":"product","link":"https:\/\/bigbuy.tupique.com\/es\/produto\/electric-scooter-urbanglide-100-max-black-350-w-25-km-h\/","title":{"rendered":"Trottinette \u00c9lectrique Urbanglide 100 MAX Noir 350 W 25 km\/h"},"content":{"rendered":"<p>Si vous \u00eates \u00e0 la recherche de nouvelles tendances sur le march\u00e9, nous vous pr\u00e9sentons <b>Trottinette \u00c9lectrique Urbanglide 100 MAX Noir 350 W 25 km\/h<\/b> !<\/p>\n<p>Le <b>patin \u00e9lectrique 100 MAX<\/b> de la marque <b>Urbanglide<\/b> est une solution pratique et fonctionnelle pour des d\u00e9placements urbains efficaces. Ce mod\u00e8le est \u00e9quip\u00e9 d\u2019un <b>moteur de 350 W<\/b> permettant d\u2019atteindre une <b>vitesse maximale de 25 km\/h<\/b>, adapt\u00e9e aux trajets quotidiens en ville, garantissant une mobilit\u00e9 agile et ma\u00eetris\u00e9e. Il est con\u00e7u avec un <b>ch\u00e2ssis en plastique<\/b> r\u00e9sistant et l\u00e9ger, favorisant un transport confortable, et dispose d\u2019un syst\u00e8me pliable facilitant son rangement et son transport. Il fonctionne sous un <b>voltage de 36 V<\/b> et poss\u00e8de une prise standard europ\u00e9enne (EU), ce qui facilite sa recharge dans la plupart des foyers. Il supporte un <b>poids maximal de 100 kg<\/b>, destin\u00e9 principalement \u00e0 un usage adulte, offrant stabilit\u00e9 et s\u00e9curit\u00e9 lors de la conduite. Son design en <b>couleur noire<\/b> apporte un aspect sobre et moderne, tandis que les <b>10 roues<\/b> contribuent \u00e0 une exp\u00e9rience de conduite stable et \u00e9quilibr\u00e9e sur diverses surfaces urbaines. Dans l\u2019ensemble, l\u2019URBANGLIDE 100 MAX est une option fonctionnelle dans la cat\u00e9gorie des trottinettes \u00e9lectriques, combinant puissance, qualit\u00e9 de fabrication et confort pour les utilisateurs recherchant un v\u00e9hicule personnel compact et efficace au quotidien.<\/p>\n<ul>\n<li>Type: Trottinette \u00c9lectrique<\/li>\n<li>Produit \u00e0 brancher: Oui<\/li>\n<li>Type de prise: Prise EU<\/li>\n<li>Bloc d\u2019Alimentation:\n<ul>\n<li>r\u00e9seau \u00e9lectrique<\/li>\n<li>Batterie<\/li>\n<\/ul>\n<\/li>\n<li>Couleur: Noir<\/li>\n<li>puissance: 350 W<\/li>\n<li>Capacit\u00e9 de la batterie: 7,8 ah<\/li>\n<li>vitesse: 25 km\/h<\/li>\n<li>Poids approx.: 14 Kg<\/li>\n<li>Autonomie approx.: 30 km<\/li>\n<li>Poids Max. support\u00e9:\n<ul>\n<li>120 kg<\/li>\n<li>100 kg<\/li>\n<\/ul>\n<\/li>\n<li>Mati\u00e8re: Plastique<\/li>\n<li>Tension: 36 V<\/li>\n<li>Taille: 10,5&#8243;<\/li>\n<\/ul>\n<p>Informations importantes: Si la marque n&#8217;a pas immatricul\u00e9 la trotinette, le propi\u00e9taire devra passer le ITV ou le T\u00dbV pour obtenir un &#8220;EBE&#8221; ou un permis de circulation individuel.<\/p>","protected":false},"excerpt":{"rendered":"<p>Si vous \u00eates \u00e0 la recherche de nouvelles tendances sur le march\u00e9, nous vous pr\u00e9sentons Trottinette \u00c9lectrique Urbanglide 100 MAX Noir 350 W 25 km\/h ! Le patin \u00e9lectrique 100 MAX de la marque Urbanglide est une solution pratique et fonctionnelle pour des d\u00e9placements urbains efficaces. Ce mod\u00e8le est \u00e9quip\u00e9 d\u2019un moteur de 350 W [&hellip;]<\/p>\n","protected":false},"featured_media":25477,"comment_status":"open","ping_status":"closed","template":"","meta":[],"product_brand":[1178],"product_cat":[609,65,1146],"product_tag":[59,163],"class_list":{"0":"post-25484","1":"product","2":"type-product","3":"status-publish","4":"has-post-thumbnail","6":"product_brand-brandp_6158","7":"product_cat-electronique-jouets-electroniques","8":"product_cat-informatique-electronique","9":"product_cat-trottinettes-electriques","10":"product_tag-tag_1304","11":"product_tag-tag_17","13":"first","14":"instock","15":"taxable","16":"shipping-taxable","17":"purchasable","18":"product-type-simple"},"_links":{"self":[{"href":"https:\/\/bigbuy.tupique.com\/es\/wp-json\/wp\/v2\/product\/25484","targetHints":{"allow":["GET"]}}],"collection":[{"href":"https:\/\/bigbuy.tupique.com\/es\/wp-json\/wp\/v2\/product"}],"about":[{"href":"https:\/\/bigbuy.tupique.com\/es\/wp-json\/wp\/v2\/types\/product"}],"replies":[{"embeddable":true,"href":"https:\/\/bigbuy.tupique.com\/es\/wp-json\/wp\/v2\/comments?post=25484"}],"wp:featuredmedia":[{"embeddable":true,"href":"https:\/\/bigbuy.tupique.com\/es\/wp-json\/wp\/v2\/media\/25477"}],"wp:attachment":[{"href":"https:\/\/bigbuy.tupique.com\/es\/wp-json\/wp\/v2\/media?parent=25484"}],"wp:term":[{"taxonomy":"product_brand","embeddable":true,"href":"https:\/\/bigbuy.tupique.com\/es\/wp-json\/wp\/v2\/product_brand?post=25484"},{"taxonomy":"product_cat","embeddable":true,"href":"https:\/\/bigbuy.tupique.com\/es\/wp-json\/wp\/v2\/product_cat?post=25484"},{"taxonomy":"product_tag","embeddable":true,"href":"https:\/\/bigbuy.tupique.com\/es\/wp-json\/wp\/v2\/product_tag?post=25484"}],"curies":[{"name":"wp","href":"https:\/\/api.w.org\/{rel}","templated":true}]}}