{"id":25473,"date":"2026-03-29T21:28:21","date_gmt":"2026-03-29T20:28:21","guid":{"rendered":"https:\/\/bigbuy.tupique.com\/produto\/electric-scooter-dualtron-dolphin-black-25-km-h-600-w\/"},"modified":"2026-04-16T17:40:08","modified_gmt":"2026-04-16T16:40:08","slug":"electric-scooter-dualtron-dolphin-black-25-km-h-600-w","status":"publish","type":"product","link":"https:\/\/bigbuy.tupique.com\/es\/produto\/electric-scooter-dualtron-dolphin-black-25-km-h-600-w\/","title":{"rendered":"Trottinette \u00c9lectrique Dualtron DOLPHIN Noir 25 km\/h 600 W"},"content":{"rendered":"<p>Si vous \u00eates \u00e0 la recherche de nouvelles tendances sur le march\u00e9, nous vous pr\u00e9sentons <b>Trottinette \u00c9lectrique Dualtron DOLPHIN Noir 25 km\/h 600 W<\/b> !<\/p>\n<p>Le <b>Patinete \u00c9lectrique Dualtron Dolphin<\/b> se pr\u00e9sente comme une option efficace et pratique dans le segment de la mobilit\u00e9 urbaine, con\u00e7u pour les utilisateurs de plus de 16 ans recherchant un bon \u00e9quilibre entre puissance et autonomie. Il est \u00e9quip\u00e9 d\u2019un moteur de <b>600 W<\/b> permettant d\u2019atteindre une <b>vitesse maximale de 25 km\/h<\/b>, suffisante pour les d\u00e9placements urbains quotidiens. Ses <b>roues de 9 pouces<\/b> offrent un compromis entre maniabilit\u00e9 et absorption des irr\u00e9gularit\u00e9s du terrain, assurant une conduite confortable et stable. Ce patinete \u00e9lectrique supporte un poids maximal de <b>120 kg<\/b>, s\u2019adaptant \u00e0 une large gamme d\u2019utilisateurs. C\u00f4t\u00e9 autonomie, il propose environ <b>40 km<\/b> avec une seule charge, avantageux pour les trajets longs sans recharge fr\u00e9quente ; le temps de charge complet est estim\u00e9 \u00e0 <b>9 heures<\/b> via une prise europ\u00e9enne standard, facilitant la recharge \u00e0 domicile. Son design en couleur <b>noir<\/b> apporte un style sobre et polyvalent. Ce mod\u00e8le Dualtron Dolphin s\u2019adresse \u00e0 ceux qui recherchent un \u00e9quilibre entre puissance, autonomie et fonctionnalit\u00e9 pour leur mobilit\u00e9 personnelle, garantissant une performance fiable en milieu urbain.<\/p>\n<ul>\n<li>Type: Trottinette \u00c9lectrique<\/li>\n<li>Produit \u00e0 brancher: Oui<\/li>\n<li>Type de prise: Prise EU<\/li>\n<li>Bloc d\u2019Alimentation:\n<ul>\n<li>r\u00e9seau \u00e9lectrique<\/li>\n<li>Batterie<\/li>\n<\/ul>\n<\/li>\n<li>Couleur: Noir<\/li>\n<li>puissance: 600 W<\/li>\n<li>Capacit\u00e9 de la batterie: 12 Ah<\/li>\n<li>Certificat: CE<\/li>\n<li>vitesse: 25 km\/h<\/li>\n<li>Poids approx.: 20 kg<\/li>\n<li>Autonomie approx.:\n<ul>\n<li>50 km<\/li>\n<li>40 km<\/li>\n<\/ul>\n<\/li>\n<li>Poids Max. support\u00e9: 120 kg<\/li>\n<li>\u00c2ge recommand\u00e9: + 16 Ans<\/li>\n<li>Temps de charge approx.: 9 heures<\/li>\n<li>Taille: 9&#8243;<\/li>\n<\/ul>\n<p>Informations importantes: Si la marque n&#8217;a pas immatricul\u00e9 la trotinette, le propi\u00e9taire devra passer le ITV ou le T\u00dbV pour obtenir un &#8220;EBE&#8221; ou un permis de circulation individuel.<\/p>","protected":false},"excerpt":{"rendered":"<p>Si vous \u00eates \u00e0 la recherche de nouvelles tendances sur le march\u00e9, nous vous pr\u00e9sentons Trottinette \u00c9lectrique Dualtron DOLPHIN Noir 25 km\/h 600 W ! Le Patinete \u00c9lectrique Dualtron Dolphin se pr\u00e9sente comme une option efficace et pratique dans le segment de la mobilit\u00e9 urbaine, con\u00e7u pour les utilisateurs de plus de 16 ans recherchant [&hellip;]<\/p>\n","protected":false},"featured_media":25467,"comment_status":"open","ping_status":"closed","template":"","meta":[],"product_brand":[1179],"product_cat":[609,65,1146],"product_tag":[59,163],"class_list":{"0":"post-25473","1":"product","2":"type-product","3":"status-publish","4":"has-post-thumbnail","6":"product_brand-brandp_10379","7":"product_cat-electronique-jouets-electroniques","8":"product_cat-informatique-electronique","9":"product_cat-trottinettes-electriques","10":"product_tag-tag_1304","11":"product_tag-tag_17","13":"first","14":"instock","15":"taxable","16":"shipping-taxable","17":"purchasable","18":"product-type-simple"},"_links":{"self":[{"href":"https:\/\/bigbuy.tupique.com\/es\/wp-json\/wp\/v2\/product\/25473","targetHints":{"allow":["GET"]}}],"collection":[{"href":"https:\/\/bigbuy.tupique.com\/es\/wp-json\/wp\/v2\/product"}],"about":[{"href":"https:\/\/bigbuy.tupique.com\/es\/wp-json\/wp\/v2\/types\/product"}],"replies":[{"embeddable":true,"href":"https:\/\/bigbuy.tupique.com\/es\/wp-json\/wp\/v2\/comments?post=25473"}],"wp:featuredmedia":[{"embeddable":true,"href":"https:\/\/bigbuy.tupique.com\/es\/wp-json\/wp\/v2\/media\/25467"}],"wp:attachment":[{"href":"https:\/\/bigbuy.tupique.com\/es\/wp-json\/wp\/v2\/media?parent=25473"}],"wp:term":[{"taxonomy":"product_brand","embeddable":true,"href":"https:\/\/bigbuy.tupique.com\/es\/wp-json\/wp\/v2\/product_brand?post=25473"},{"taxonomy":"product_cat","embeddable":true,"href":"https:\/\/bigbuy.tupique.com\/es\/wp-json\/wp\/v2\/product_cat?post=25473"},{"taxonomy":"product_tag","embeddable":true,"href":"https:\/\/bigbuy.tupique.com\/es\/wp-json\/wp\/v2\/product_tag?post=25473"}],"curies":[{"name":"wp","href":"https:\/\/api.w.org\/{rel}","templated":true}]}}