{"id":25408,"date":"2026-03-29T21:26:49","date_gmt":"2026-03-29T20:26:49","guid":{"rendered":"https:\/\/bigbuy.tupique.com\/produto\/glass-cleaning-smart-robot-eziclean-windobot-s4-plus-72-w\/"},"modified":"2026-04-16T17:40:09","modified_gmt":"2026-04-16T16:40:09","slug":"glass-cleaning-smart-robot-eziclean-windobot-s4-plus-72-w","status":"publish","type":"product","link":"https:\/\/bigbuy.tupique.com\/es\/produto\/glass-cleaning-smart-robot-eziclean-windobot-s4-plus-72-w\/","title":{"rendered":"Robot Lave-Vitres Intelligent EZIclean Windobot S4 Plus 72 W"},"content":{"rendered":"<p>Si vous \u00eates passionn\u00e9 d&#8217;<b>informatique et d&#8217;\u00e9lectronique<\/b>, si vous \u00eates \u00e0 la pointe de la technologie et qu&#8217;aucun d\u00e9tail ne vous \u00e9chappe, achetez <b>Robot Lave-Vitres Intelligent EZIclean Windobot S4 Plus 72 W<\/b> au meilleur prix.<\/p>\n<p>Le <b>Windobot S4 Plus<\/b> d\u2019EZIclean est un <b>robot lave-vitres intelligent<\/b> con\u00e7u pour faciliter le nettoyage des surfaces lisses avec une autonomie et une efficacit\u00e9 maximales. Cet appareil dispose d\u2019une <b>puissance de 72 W<\/b>, lui permettant d\u2019effectuer des mouvements rotatifs pr\u00e9cis pour un nettoyage en profondeur et homog\u00e8ne, tandis que sa taille compacte de <b>30 cm<\/b> lui permet d\u2019acc\u00e9der facilement \u00e0 des fen\u00eatres et vitrages de diff\u00e9rentes dimensions. Il est dot\u00e9 d\u2019une finition \u00e9l\u00e9gante <b>noire<\/b>, qui s\u2019int\u00e8gre discr\u00e8tement dans tout environnement. Pour assurer un fonctionnement continu et s\u00e9curis\u00e9, il est \u00e9quip\u00e9 d\u2019une <b>batterie de secours<\/b> qui \u00e9vite les chutes accidentelles durant le nettoyage. Son usage est facilit\u00e9 par une <b>t\u00e9l\u00e9commande<\/b>, offrant un contr\u00f4le pratique et flexible sans manipulation directe de l\u2019appareil. Il comprend \u00e9galement un <b>c\u00e2ble d\u2019alimentation<\/b> pour une utilisation prolong\u00e9e si n\u00e9cessaire, et son niveau sonore reste inf\u00e9rieur \u00e0 <b>72 dB<\/b>, un seuil raisonnable pour ce type d\u2019\u00e9quipement. Le Windobot S4 Plus est con\u00e7u pour un nettoyage humide, \u00e9liminant salet\u00e9 et taches sur fen\u00eatres, fa\u00e7ades vitr\u00e9es et miroirs, optimisant le temps et r\u00e9duisant l\u2019effort manuel. Sa technologie intelligente et avanc\u00e9e adapte les mouvements aux diff\u00e9rents types de verre, am\u00e9liorant la qualit\u00e9 du r\u00e9sultat et prolongeant la dur\u00e9e de vie de l\u2019appareil. En r\u00e9sum\u00e9, le robot lave-vitres EZIclean Windobot S4 Plus allie robustesse, autonomie et pr\u00e9cision pour offrir une solution technologique efficace et polyvalente dans le nettoyage quotidien des vitres.<\/p>\n<ul>\n<li>Couleur: Noir<\/li>\n<li>puissance: 72 W<\/li>\n<li>Largeur: 30 cm<\/li>\n<li>Bloc d\u2019Alimentation: Batterie<\/li>\n<li>Inclut:\n<ul>\n<li>T\u00e9l\u00e9commande<\/li>\n<li>C\u00e2ble Alimentation<\/li>\n<\/ul>\n<\/li>\n<li>Niveau sonore: 72 dB<\/li>\n<li>Non inclut: Adaptateur AC<\/li>\n<\/ul>","protected":false},"excerpt":{"rendered":"<p><span class=\"unit-info\">847.4750 &euro; \/ 100 ml<\/span><\/p>","protected":false},"featured_media":172036,"comment_status":"open","ping_status":"closed","template":"","meta":[],"product_brand":[1085],"product_cat":[762,239,240],"product_tag":[59,56,210],"class_list":{"0":"post-25408","1":"product","2":"type-product","3":"status-publish","4":"has-post-thumbnail","6":"product_brand-brandp_6031","7":"product_cat-aspirateurs-et-robots","8":"product_cat-maison-jardin","9":"product_cat-nettoyage-aspirateur-et-repassage","10":"product_tag-tag_1304","11":"product_tag-tag_930","12":"product_tag-tag_25","14":"first","15":"instock","16":"taxable","17":"shipping-taxable","18":"purchasable","19":"product-type-simple"},"_links":{"self":[{"href":"https:\/\/bigbuy.tupique.com\/es\/wp-json\/wp\/v2\/product\/25408","targetHints":{"allow":["GET"]}}],"collection":[{"href":"https:\/\/bigbuy.tupique.com\/es\/wp-json\/wp\/v2\/product"}],"about":[{"href":"https:\/\/bigbuy.tupique.com\/es\/wp-json\/wp\/v2\/types\/product"}],"replies":[{"embeddable":true,"href":"https:\/\/bigbuy.tupique.com\/es\/wp-json\/wp\/v2\/comments?post=25408"}],"wp:featuredmedia":[{"embeddable":true,"href":"https:\/\/bigbuy.tupique.com\/es\/wp-json\/wp\/v2\/media\/172036"}],"wp:attachment":[{"href":"https:\/\/bigbuy.tupique.com\/es\/wp-json\/wp\/v2\/media?parent=25408"}],"wp:term":[{"taxonomy":"product_brand","embeddable":true,"href":"https:\/\/bigbuy.tupique.com\/es\/wp-json\/wp\/v2\/product_brand?post=25408"},{"taxonomy":"product_cat","embeddable":true,"href":"https:\/\/bigbuy.tupique.com\/es\/wp-json\/wp\/v2\/product_cat?post=25408"},{"taxonomy":"product_tag","embeddable":true,"href":"https:\/\/bigbuy.tupique.com\/es\/wp-json\/wp\/v2\/product_tag?post=25408"}],"curies":[{"name":"wp","href":"https:\/\/api.w.org\/{rel}","templated":true}]}}