{"id":25277,"date":"2026-03-29T21:23:31","date_gmt":"2026-03-29T20:23:31","guid":{"rendered":"https:\/\/bigbuy.tupique.com\/produto\/surveillance-camcorder-ring-automotive\/"},"modified":"2026-05-11T20:01:13","modified_gmt":"2026-05-11T18:01:13","slug":"surveillance-camcorder-ring-automotive","status":"publish","type":"product","link":"https:\/\/bigbuy.tupique.com\/es\/produto\/surveillance-camcorder-ring-automotive\/","title":{"rendered":"Camescope de surveillance Ring Automotive"},"content":{"rendered":"<p>Si vous aimez prendre soin de chaque d\u00e9tail de votre maison et d&#8217;\u00eatre \u00e0 la derni\u00e8re mode en mati\u00e8re de produits qui vous rendront la vie plus facile, achetez <b>Camescope de surveillance Ring Automotive<\/b> au meilleur prix.<\/p>\n<p>La <b>cam\u00e9ra de surveillance<\/b> Ring Automotive Spotlight Pro Battery en couleur <b>blanc<\/b> est une cam\u00e9ra de s\u00e9curit\u00e9 IP con\u00e7ue pour offrir une surveillance efficace et pratique dans les environnements domestiques ou professionnels. Son principal atout r\u00e9side dans la connectivit\u00e9 sans fil via le <b>Wi-Fi double bande, incluant la fr\u00e9quence 5 GHz<\/b>, qui assure une transmission vid\u00e9o stable et rapide, id\u00e9ale pour une surveillance en temps r\u00e9el sans interf\u00e9rences. Cette cam\u00e9ra est \u00e9quip\u00e9e d\u2019un syst\u00e8me de <b>batterie rechargeable<\/b>, supprimant la d\u00e9pendance \u00e0 un c\u00e2blage fixe et facilitant son installation \u00e0 diff\u00e9rents endroits selon les besoins de s\u00e9curit\u00e9. De plus, elle int\u00e8gre des <b>haut-parleurs et un microphone int\u00e9gr\u00e9s<\/b>, permettant la communication bidirectionnelle et l\u2019alerte sonore, ce qui augmente les possibilit\u00e9s d\u2019interaction et de dissuasion face aux intrusions ou situations anormales. Son design robuste et fonctionnel en blanc favorise une int\u00e9gration discr\u00e8te dans divers environnements, tandis que sa technologie IP garantit un acc\u00e8s \u00e0 distance et le stockage des enregistrements dans le cloud ou localement, selon la configuration choisie. En r\u00e9sum\u00e9, cette cam\u00e9ra Ring offre une solution flexible, sans fil et multim\u00e9dia qui facilite une s\u00e9curit\u00e9 proactive et efficace. Elle constitue un outil technologique polyvalent pour ceux qui souhaitent contr\u00f4ler leur s\u00e9curit\u00e9 avec une technologie avanc\u00e9e et pratique.<\/p>\n<ul>\n<li>Type:\n<ul>\n<li>Cam\u00e9scope<\/li>\n<li>Cam\u00e9ra de s\u00e9curit\u00e9 IP<\/li>\n<\/ul>\n<\/li>\n<li>Pays \/ r\u00e9gion de fabrication: Chine<\/li>\n<li>Couleur: Blanc<\/li>\n<li>Caract\u00e9ristiques:\n<ul>\n<li>Haut-parleurs int\u00e9gr\u00e9s<\/li>\n<li>Microphone int\u00e9gr\u00e9<\/li>\n<\/ul>\n<\/li>\n<li>Type de batterie:\n<ul>\n<li>Batterie rechargeable<\/li>\n<li>Litio Ion<\/li>\n<\/ul>\n<\/li>\n<li>Connectivit\u00e9:\n<ul>\n<li>Wi-Fi<\/li>\n<li>Wi-Fi 5 GHz<\/li>\n<\/ul>\n<\/li>\n<li>Nombre de cam\u00e9ras: 1<\/li>\n<li>Classification IP: IP65<\/li>\n<li>Inclut:\n<ul>\n<li>C\u00e2ble USB<\/li>\n<li>Vis<\/li>\n<li>Batterie au lithium rechargeable<\/li>\n<li>Supports de montage<\/li>\n<li>Manuel de l&#8217;utilisateur<\/li>\n<\/ul>\n<\/li>\n<li>Fonctions: Vision nocturne<\/li>\n<li>Technologie:\n<ul>\n<li>Sans fil<\/li>\n<li>HDD<\/li>\n<li>2-Way CrossFireX<\/li>\n<\/ul>\n<\/li>\n<li>Ethernet: Non<\/li>\n<li>Vid\u00e9o: 1080 p<\/li>\n<li>Facteur de forme: Caisse<\/li>\n<li>Non inclut: Bluetooth<\/li>\n<li>R\u00e9solution (px): 1920 x 1080 px<\/li>\n<\/ul>","protected":false},"excerpt":{"rendered":"<p><span class=\"unit-info\">3787.3750 &euro; \/ 1 m<\/span><\/p>","protected":false},"featured_media":25271,"comment_status":"open","ping_status":"closed","template":"","meta":[],"product_brand":[832],"product_cat":[580,239,579],"product_tag":[567,59,210],"class_list":{"0":"post-25277","1":"product","2":"type-product","3":"status-publish","4":"has-post-thumbnail","6":"product_brand-brandp_7888","7":"product_cat-cameras-de-surveillance-video","8":"product_cat-maison-jardin","9":"product_cat-securite-a-la-maison","10":"product_tag-tag_556","11":"product_tag-tag_1304","12":"product_tag-tag_25","14":"first","15":"instock","16":"taxable","17":"shipping-taxable","18":"purchasable","19":"product-type-simple"},"_links":{"self":[{"href":"https:\/\/bigbuy.tupique.com\/es\/wp-json\/wp\/v2\/product\/25277","targetHints":{"allow":["GET"]}}],"collection":[{"href":"https:\/\/bigbuy.tupique.com\/es\/wp-json\/wp\/v2\/product"}],"about":[{"href":"https:\/\/bigbuy.tupique.com\/es\/wp-json\/wp\/v2\/types\/product"}],"replies":[{"embeddable":true,"href":"https:\/\/bigbuy.tupique.com\/es\/wp-json\/wp\/v2\/comments?post=25277"}],"wp:featuredmedia":[{"embeddable":true,"href":"https:\/\/bigbuy.tupique.com\/es\/wp-json\/wp\/v2\/media\/25271"}],"wp:attachment":[{"href":"https:\/\/bigbuy.tupique.com\/es\/wp-json\/wp\/v2\/media?parent=25277"}],"wp:term":[{"taxonomy":"product_brand","embeddable":true,"href":"https:\/\/bigbuy.tupique.com\/es\/wp-json\/wp\/v2\/product_brand?post=25277"},{"taxonomy":"product_cat","embeddable":true,"href":"https:\/\/bigbuy.tupique.com\/es\/wp-json\/wp\/v2\/product_cat?post=25277"},{"taxonomy":"product_tag","embeddable":true,"href":"https:\/\/bigbuy.tupique.com\/es\/wp-json\/wp\/v2\/product_tag?post=25277"}],"curies":[{"name":"wp","href":"https:\/\/api.w.org\/{rel}","templated":true}]}}