{"id":25265,"date":"2026-03-29T21:23:04","date_gmt":"2026-03-29T20:23:04","guid":{"rendered":"https:\/\/bigbuy.tupique.com\/produto\/motherboard-asus-rog-strix-x870e-e-amd-am5-amd-x870e\/"},"modified":"2026-04-16T16:17:12","modified_gmt":"2026-04-16T15:17:12","slug":"motherboard-asus-rog-strix-x870e-e-amd-am5-amd-x870e","status":"publish","type":"product","link":"https:\/\/bigbuy.tupique.com\/es\/produto\/motherboard-asus-rog-strix-x870e-e-amd-am5-amd-x870e\/","title":{"rendered":"Carte M\u00e8re Asus ROG Strix X870E-E AMD AM5 AMD X870E"},"content":{"rendered":"<p>Si vous \u00eates passionn\u00e9 d&#8217;<b>informatique et d&#8217;\u00e9lectronique<\/b>, si vous \u00eates \u00e0 la pointe de la technologie et qu&#8217;aucun d\u00e9tail ne vous \u00e9chappe, achetez <b>Carte M\u00e8re Asus ROG Strix X870E-E AMD AM5 AMD X870E<\/b> au meilleur prix.<\/p>\n<p>La <b>carte m\u00e8re ASUS STRIX X870E-E GAMING WIFI<\/b> est une <b>carte m\u00e8re<\/b> avanc\u00e9e con\u00e7ue pour des syst\u00e8mes haute performance avec des processeurs utilisant le <b>socket AMD AM5<\/b>, la rendant compatible avec la derni\u00e8re g\u00e9n\u00e9ration de processeurs AMD Ryzen. \u00c9quip\u00e9e du puissant <b>chipset AMD X870E<\/b>, cette carte offre une connectivit\u00e9 et une stabilit\u00e9 optimis\u00e9es pour le gaming et les applications exigeantes. Son <b>format ATX<\/b> fournit un espace suffisant pour plusieurs composants et syst\u00e8mes de refroidissement, s\u2019adaptant aux bo\u00eetiers moyens et grands. Elle int\u00e8gre des technologies <b>Bluetooth et Wi-Fi<\/b> facilitant la connexion sans fil sans adaptateurs externes, id\u00e9ale pour des configurations modernes et \u00e9pur\u00e9es. Pour la sortie vid\u00e9o, elle dispose d\u2019une connexion <b>HDMI x 1<\/b>, compatible avec les moniteurs et t\u00e9l\u00e9viseurs actuels. Gr\u00e2ce \u00e0 sa m\u00e9moire int\u00e9gr\u00e9e de <b>256 Mo<\/b>, cette carte g\u00e8re efficacement les donn\u00e9es essentielles pour un fonctionnement fluide du syst\u00e8me et des p\u00e9riph\u00e9riques connect\u00e9s. Son design en <b>noir<\/b> refl\u00e8te l\u2019esth\u00e9tique sobre et professionnelle de la s\u00e9rie Strix d\u2019Asus, destin\u00e9e aux utilisateurs recherchant un \u00e9quilibre parfait entre performance, connectivit\u00e9 et durabilit\u00e9. Ce mod\u00e8le constitue une option solide pour des configurations PC orient\u00e9es gaming comme pour des t\u00e2ches exigeantes, garantissant une base stable et \u00e0 jour tirant pleinement parti des capacit\u00e9s du mat\u00e9riel AMD AM5. En r\u00e9sum\u00e9, la ASUS STRIX X870E-E GAMING WIFI est une carte m\u00e8re polyvalente et robuste, adapt\u00e9e aux utilisateurs exigeant des technologies de derni\u00e8re g\u00e9n\u00e9ration et une connectivit\u00e9 avanc\u00e9e dans leurs \u00e9quipements.<\/p>\n<ul>\n<li>Chipset:\n<ul>\n<li>AMD AM5<\/li>\n<li>AMD X870E<\/li>\n<\/ul>\n<\/li>\n<li>Type:\n<ul>\n<li>Carte M\u00e8re<\/li>\n<li>ATX<\/li>\n<li>UEFI<\/li>\n<\/ul>\n<\/li>\n<li>Couleur: Noir<\/li>\n<li>Connectivit\u00e9:\n<ul>\n<li>Bluetooth<\/li>\n<li>Wi-Fi<\/li>\n<\/ul>\n<\/li>\n<li>Facteur de forme: ATX<\/li>\n<li>M\u00e9moire: 256 MB<\/li>\n<li>Nombre d&#8217;emplacements m\u00e9moire: 4<\/li>\n<li>Ports: 1<\/li>\n<li>Haut-parleurs: 7.1<\/li>\n<li>Connexions:\n<ul>\n<li>HDMI x 1<\/li>\n<li>Microphone<\/li>\n<li>Ethernet LAN<\/li>\n<li>SATA x 4<\/li>\n<li>USB-C 3.2 x 1<\/li>\n<li>DIMM<\/li>\n<li>RJ45 x 1<\/li>\n<\/ul>\n<\/li>\n<li>Compatible:\n<ul>\n<li>HDD\/SSD<\/li>\n<li>PC<\/li>\n<\/ul>\n<\/li>\n<li>Largeur: 30,5 cm<\/li>\n<li>Inclut: SATA<\/li>\n<li>Socket: AMD AM5<\/li>\n<li>Type de m\u00e9moire: DDR5<\/li>\n<li>Famille de processeurs: AMD<\/li>\n<\/ul>","protected":false},"excerpt":{"rendered":"<p>Si vous \u00eates passionn\u00e9 d&#8217;informatique et d&#8217;\u00e9lectronique, si vous \u00eates \u00e0 la pointe de la technologie et qu&#8217;aucun d\u00e9tail ne vous \u00e9chappe, achetez Carte M\u00e8re Asus ROG Strix X870E-E AMD AM5 AMD X870E au meilleur prix. La carte m\u00e8re ASUS STRIX X870E-E GAMING WIFI est une carte m\u00e8re avanc\u00e9e con\u00e7ue pour des syst\u00e8mes haute performance [&hellip;]<\/p>\n","protected":false},"featured_media":25254,"comment_status":"open","ping_status":"closed","template":"","meta":[],"product_brand":[798],"product_cat":[736,65,584],"product_tag":[59,106],"class_list":{"0":"post-25265","1":"product","2":"type-product","3":"status-publish","4":"has-post-thumbnail","6":"product_brand-brandp_536","7":"product_cat-cartes-meres","8":"product_cat-informatique-electronique","9":"product_cat-informatique-reseaux-et-composants","10":"product_tag-tag_1304","11":"product_tag-tag_1295","13":"first","14":"instock","15":"taxable","16":"shipping-taxable","17":"purchasable","18":"product-type-simple"},"_links":{"self":[{"href":"https:\/\/bigbuy.tupique.com\/es\/wp-json\/wp\/v2\/product\/25265","targetHints":{"allow":["GET"]}}],"collection":[{"href":"https:\/\/bigbuy.tupique.com\/es\/wp-json\/wp\/v2\/product"}],"about":[{"href":"https:\/\/bigbuy.tupique.com\/es\/wp-json\/wp\/v2\/types\/product"}],"replies":[{"embeddable":true,"href":"https:\/\/bigbuy.tupique.com\/es\/wp-json\/wp\/v2\/comments?post=25265"}],"wp:featuredmedia":[{"embeddable":true,"href":"https:\/\/bigbuy.tupique.com\/es\/wp-json\/wp\/v2\/media\/25254"}],"wp:attachment":[{"href":"https:\/\/bigbuy.tupique.com\/es\/wp-json\/wp\/v2\/media?parent=25265"}],"wp:term":[{"taxonomy":"product_brand","embeddable":true,"href":"https:\/\/bigbuy.tupique.com\/es\/wp-json\/wp\/v2\/product_brand?post=25265"},{"taxonomy":"product_cat","embeddable":true,"href":"https:\/\/bigbuy.tupique.com\/es\/wp-json\/wp\/v2\/product_cat?post=25265"},{"taxonomy":"product_tag","embeddable":true,"href":"https:\/\/bigbuy.tupique.com\/es\/wp-json\/wp\/v2\/product_tag?post=25265"}],"curies":[{"name":"wp","href":"https:\/\/api.w.org\/{rel}","templated":true}]}}