{"id":25241,"date":"2026-03-29T21:22:26","date_gmt":"2026-03-29T20:22:26","guid":{"rendered":"https:\/\/bigbuy.tupique.com\/produto\/keyboard-microsoft-surface-copilot-black-spanish-qwerty\/"},"modified":"2026-04-15T03:33:26","modified_gmt":"2026-04-15T02:33:26","slug":"keyboard-microsoft-surface-copilot-black-spanish-qwerty","status":"publish","type":"product","link":"https:\/\/bigbuy.tupique.com\/es\/produto\/keyboard-microsoft-surface-copilot-black-spanish-qwerty\/","title":{"rendered":"Clavier Microsoft SURFACE COPILOT+ Noir Espagnol Qwerty"},"content":{"rendered":"<p>Si vous \u00eates passionn\u00e9 d&#8217;<b>informatique et d&#8217;\u00e9lectronique<\/b>, si vous \u00eates \u00e0 la pointe de la technologie et qu&#8217;aucun d\u00e9tail ne vous \u00e9chappe, achetez <b>Clavier Microsoft SURFACE COPILOT+ Noir Espagnol Qwerty<\/b> au meilleur prix.<\/p>\n<p>Le <b>clavier<\/b> Microsoft ZRA-00013 est un accessoire avanc\u00e9 con\u00e7u pour ceux qui recherchent productivit\u00e9 et confort lors de l\u2019utilisation d\u2019appareils Surface Pro et d\u2019autres solutions compatibles. Ce mod\u00e8le, en <b>noir<\/b> \u00e9l\u00e9gant, se distingue par sa disposition <b>QWERTY en espagnol<\/b>, adapt\u00e9e aux pr\u00e9f\u00e9rences et besoins des utilisateurs travaillant r\u00e9guli\u00e8rement dans cette langue. Il int\u00e8gre un <b>touchpad int\u00e9gr\u00e9<\/b> permettant un contr\u00f4le efficace du curseur et des gestes multitouch, facilitant ainsi la navigation et la gestion des t\u00e2ches sans souris externe. Son fonctionnement <b>sans fil via Bluetooth<\/b> assure une connexion stable et rapide, \u00e9liminant les c\u00e2bles et offrant plus de flexibilit\u00e9 dans l\u2019organisation de l\u2019espace de travail. De plus, le clavier dispose d\u2019un <b>r\u00e9tro\u00e9clairage<\/b>, particuli\u00e8rement utile pour taper dans des environnements peu \u00e9clair\u00e9s, garantissant toujours une visibilit\u00e9 optimale des touches. Compact et int\u00e9gr\u00e9, il constitue une option id\u00e9ale aussi bien pour une utilisation de bureau qu\u2019en d\u00e9placement, apportant l\u00e9g\u00e8ret\u00e9 et facilit\u00e9 de transport sans sacrifier l\u2019ergonomie. Il est parfait pour ceux qui appr\u00e9cient une exp\u00e9rience de frappe fluide et pr\u00e9cise dans des contextes professionnels ou \u00e9ducatifs, ainsi que pour ceux qui souhaitent optimiser la fonctionnalit\u00e9 de leurs appareils Surface Pro. En somme, ce clavier repr\u00e9sente une solution efficace et de qualit\u00e9 pour ceux qui exigent polyvalence, connectivit\u00e9 avanc\u00e9e et design soign\u00e9 dans leurs accessoires informatiques.<\/p>\n<ul>\n<li>Type:\n<ul>\n<li>clavier et souris<\/li>\n<li>Clavier<\/li>\n<li>Sans fil<\/li>\n<li>Clavier m\u00e9canique<\/li>\n<li>Touchpad<\/li>\n<\/ul>\n<\/li>\n<li>Clavier: Espagnol Qwerty<\/li>\n<li>Couleur: Noir<\/li>\n<li>Caract\u00e9ristiques:\n<ul>\n<li>Batterie int\u00e9gr\u00e9e<\/li>\n<li>R\u00e9tro-\u00e9clair\u00e9<\/li>\n<li>Sans fil<\/li>\n<li>Touches multim\u00e9dia<\/li>\n<\/ul>\n<\/li>\n<li>Connectivit\u00e9:\n<ul>\n<li>Bluetooth<\/li>\n<li>Bluetooth Low Energy<\/li>\n<\/ul>\n<\/li>\n<li>Inclut: Touchpad<\/li>\n<li>Port\u00e9e: 10 m<\/li>\n<li>Type de batterie: Int\u00e9gr\u00e9e<\/li>\n<li>Bloc d\u2019Alimentation: Batterie<\/li>\n<li>Fonctions: Acc\u00e9l\u00e9rom\u00e8tre<\/li>\n<li>Non inclut: Clavier num\u00e9rique<\/li>\n<\/ul>","protected":false},"excerpt":{"rendered":"<p>Si vous \u00eates passionn\u00e9 d&#8217;informatique et d&#8217;\u00e9lectronique, si vous \u00eates \u00e0 la pointe de la technologie et qu&#8217;aucun d\u00e9tail ne vous \u00e9chappe, achetez Clavier Microsoft SURFACE COPILOT+ Noir Espagnol Qwerty au meilleur prix. Le clavier Microsoft ZRA-00013 est un accessoire avanc\u00e9 con\u00e7u pour ceux qui recherchent productivit\u00e9 et confort lors de l\u2019utilisation d\u2019appareils Surface Pro [&hellip;]<\/p>\n","protected":false},"featured_media":25240,"comment_status":"open","ping_status":"closed","template":"","meta":[],"product_brand":[852],"product_cat":[729,65,581],"product_tag":[213,106],"class_list":{"0":"post-25241","1":"product","2":"type-product","3":"status-publish","4":"has-post-thumbnail","6":"product_brand-brandp_564","7":"product_cat-claviers","8":"product_cat-informatique-electronique","9":"product_cat-informatique-peripheriques-et-consommables","10":"product_tag-tag_933","11":"product_tag-tag_1295","13":"first","14":"instock","15":"taxable","16":"shipping-taxable","17":"purchasable","18":"product-type-simple"},"_links":{"self":[{"href":"https:\/\/bigbuy.tupique.com\/es\/wp-json\/wp\/v2\/product\/25241","targetHints":{"allow":["GET"]}}],"collection":[{"href":"https:\/\/bigbuy.tupique.com\/es\/wp-json\/wp\/v2\/product"}],"about":[{"href":"https:\/\/bigbuy.tupique.com\/es\/wp-json\/wp\/v2\/types\/product"}],"replies":[{"embeddable":true,"href":"https:\/\/bigbuy.tupique.com\/es\/wp-json\/wp\/v2\/comments?post=25241"}],"wp:featuredmedia":[{"embeddable":true,"href":"https:\/\/bigbuy.tupique.com\/es\/wp-json\/wp\/v2\/media\/25240"}],"wp:attachment":[{"href":"https:\/\/bigbuy.tupique.com\/es\/wp-json\/wp\/v2\/media?parent=25241"}],"wp:term":[{"taxonomy":"product_brand","embeddable":true,"href":"https:\/\/bigbuy.tupique.com\/es\/wp-json\/wp\/v2\/product_brand?post=25241"},{"taxonomy":"product_cat","embeddable":true,"href":"https:\/\/bigbuy.tupique.com\/es\/wp-json\/wp\/v2\/product_cat?post=25241"},{"taxonomy":"product_tag","embeddable":true,"href":"https:\/\/bigbuy.tupique.com\/es\/wp-json\/wp\/v2\/product_tag?post=25241"}],"curies":[{"name":"wp","href":"https:\/\/api.w.org\/{rel}","templated":true}]}}