{"id":25192,"date":"2026-03-29T21:11:24","date_gmt":"2026-03-29T20:11:24","guid":{"rendered":"https:\/\/bigbuy.tupique.com\/produto\/ticket-printer-custom-911hm011100733\/"},"modified":"2026-04-15T03:33:20","modified_gmt":"2026-04-15T02:33:20","slug":"ticket-printer-custom-911hm011100733","status":"publish","type":"product","link":"https:\/\/bigbuy.tupique.com\/es\/produto\/ticket-printer-custom-911hm011100733\/","title":{"rendered":"Imprimante \u00e0 Billets Custom 911HM011100733"},"content":{"rendered":"<p>Si vous \u00eates passionn\u00e9 d&#8217;<b>informatique et d&#8217;\u00e9lectronique<\/b>, si vous \u00eates \u00e0 la pointe de la technologie et qu&#8217;aucun d\u00e9tail ne vous \u00e9chappe, achetez <b>Imprimante \u00e0 Billets Custom 911HM011100733<\/b> au meilleur prix.<\/p>\n<p>La <b>imprimante de tickets Custom mod\u00e8le 911HM011100733<\/b> est un appareil con\u00e7u pour les environnements commerciaux n\u00e9cessitant une solution fiable et efficace pour l\u2019impression de re\u00e7us. Utilisant la technologie d\u2019impression <b>thermique<\/b>, cette imprimante offre une r\u00e9solution maximale de <b>203 x 203 dpi<\/b>, garantissant des textes et codes nets pour une lecture claire, aussi bien des re\u00e7us que des codes-barres 1D, 2D, AztecCode, Data Matrix, PDF417 et QR Code int\u00e9gr\u00e9s. Sa connectivit\u00e9 repose sur une interface <b>filaire<\/b> via <b>USB et RS-232<\/b>, facilitant l\u2019int\u00e9gration avec une large gamme de syst\u00e8mes de point de vente traditionnels. Elle dispose d\u2019une m\u00e9moire interne de <b>1 MB<\/b> en format flash permettant le stockage de polices et graphiques personnalis\u00e9s, am\u00e9liorant la flexibilit\u00e9 d\u2019impression. De plus, elle accepte des rouleaux de papier d\u2019une largeur standard de <b>80 mm<\/b> et d\u2019un diam\u00e8tre maximal jusqu\u2019\u00e0 <b>10 cm<\/b>, s\u2019adaptant aux besoins courants du commerce de d\u00e9tail ou de la restauration. Le design de la <b>Custom K3 HS<\/b> en noir est compact et fonctionnel, id\u00e9al pour les espaces restreints tout en offrant un acc\u00e8s facile au papier et aux consommables. Sa technologie filaire assure stabilit\u00e9 et rapidit\u00e9 dans la transmission des donn\u00e9es, des aspects cl\u00e9s pour des op\u00e9rations commerciales continues et \u00e0 forte demande. Ce mod\u00e8le r\u00e9unit les caract\u00e9ristiques techniques essentielles pour r\u00e9pondre aux exigences professionnelles en impression de tickets et re\u00e7us, offrant une solution pratique et compatible avec divers environnements. En r\u00e9sum\u00e9, c\u2019est une imprimante thermique robuste, polyvalente et efficace pour la gestion des justificatifs de vente en points de service physiques.<\/p>\n<ul>\n<li>Produit \u00e0 brancher: Oui<\/li>\n<li>Type de prise: Prise EU<\/li>\n<li>Bloc d\u2019Alimentation:\n<ul>\n<li>r\u00e9seau \u00e9lectrique<\/li>\n<li>CC<\/li>\n<\/ul>\n<\/li>\n<li>Type:\n<ul>\n<li>Avec fil<\/li>\n<li>Imprimante \u00e0 Billets<\/li>\n<\/ul>\n<\/li>\n<li>Couleur: Noir<\/li>\n<li>Connexions:\n<ul>\n<li>USB<\/li>\n<li>RS-232<\/li>\n<li>Ethernet LAN<\/li>\n<\/ul>\n<\/li>\n<li>R\u00e9solution d&#8217;image maximale: 203 x 203 dpi<\/li>\n<li>Technologie: Thermique<\/li>\n<\/ul>","protected":false},"excerpt":{"rendered":"<p>Si vous \u00eates passionn\u00e9 d&#8217;informatique et d&#8217;\u00e9lectronique, si vous \u00eates \u00e0 la pointe de la technologie et qu&#8217;aucun d\u00e9tail ne vous \u00e9chappe, achetez Imprimante \u00e0 Billets Custom 911HM011100733 au meilleur prix. La imprimante de tickets Custom mod\u00e8le 911HM011100733 est un appareil con\u00e7u pour les environnements commerciaux n\u00e9cessitant une solution fiable et efficace pour l\u2019impression de [&hellip;]<\/p>\n","protected":false},"featured_media":25190,"comment_status":"open","ping_status":"closed","template":"","meta":[],"product_brand":[1173],"product_cat":[592,65,581],"product_tag":[210],"class_list":{"0":"post-25192","1":"product","2":"type-product","3":"status-publish","4":"has-post-thumbnail","6":"product_brand-brandp_9511","7":"product_cat-imprimantes","8":"product_cat-informatique-electronique","9":"product_cat-informatique-peripheriques-et-consommables","10":"product_tag-tag_25","12":"first","13":"instock","14":"taxable","15":"shipping-taxable","16":"purchasable","17":"product-type-simple"},"_links":{"self":[{"href":"https:\/\/bigbuy.tupique.com\/es\/wp-json\/wp\/v2\/product\/25192","targetHints":{"allow":["GET"]}}],"collection":[{"href":"https:\/\/bigbuy.tupique.com\/es\/wp-json\/wp\/v2\/product"}],"about":[{"href":"https:\/\/bigbuy.tupique.com\/es\/wp-json\/wp\/v2\/types\/product"}],"replies":[{"embeddable":true,"href":"https:\/\/bigbuy.tupique.com\/es\/wp-json\/wp\/v2\/comments?post=25192"}],"wp:featuredmedia":[{"embeddable":true,"href":"https:\/\/bigbuy.tupique.com\/es\/wp-json\/wp\/v2\/media\/25190"}],"wp:attachment":[{"href":"https:\/\/bigbuy.tupique.com\/es\/wp-json\/wp\/v2\/media?parent=25192"}],"wp:term":[{"taxonomy":"product_brand","embeddable":true,"href":"https:\/\/bigbuy.tupique.com\/es\/wp-json\/wp\/v2\/product_brand?post=25192"},{"taxonomy":"product_cat","embeddable":true,"href":"https:\/\/bigbuy.tupique.com\/es\/wp-json\/wp\/v2\/product_cat?post=25192"},{"taxonomy":"product_tag","embeddable":true,"href":"https:\/\/bigbuy.tupique.com\/es\/wp-json\/wp\/v2\/product_tag?post=25192"}],"curies":[{"name":"wp","href":"https:\/\/api.w.org\/{rel}","templated":true}]}}