{"id":25186,"date":"2026-03-29T21:11:16","date_gmt":"2026-03-29T20:11:16","guid":{"rendered":"https:\/\/bigbuy.tupique.com\/produto\/ladies-pendant-lebebe-lbb541_c\/"},"modified":"2026-05-11T20:03:28","modified_gmt":"2026-05-11T18:03:28","slug":"ladies-pendant-lebebe-lbb541_c","status":"publish","type":"product","link":"https:\/\/bigbuy.tupique.com\/es\/produto\/ladies-pendant-lebebe-lbb541_c\/","title":{"rendered":"Pendentif Femme leBebe LBB541_C"},"content":{"rendered":"<p>Si vous \u00eates \u00e0 la recherche de nouvelles tendances sur le march\u00e9, nous vous pr\u00e9sentons <b>Pendentif Femme leBebe LBB541_C<\/b> !<\/p>\n<ul>\n<li>Type:\n<ul>\n<li>Pendentif<\/li>\n<li>Pendentif Femme<\/li>\n<\/ul>\n<\/li>\n<li>Genre: Femme<\/li>\n<li>Mati\u00e8res:\n<ul>\n<li>Or<\/li>\n<li>Or 9 carat<\/li>\n<\/ul>\n<\/li>\n<li>Inclut: Inclut un \u00e9tui ou une housse de la marque<\/li>\n<\/ul>","protected":false},"excerpt":{"rendered":"<p>Si vous \u00eates \u00e0 la recherche de nouvelles tendances sur le march\u00e9, nous vous pr\u00e9sentons Pendentif Femme leBebe LBB541_C ! Type: Pendentif Pendentif Femme Genre: Femme Mati\u00e8res: Or Or 9 carat Inclut: Inclut un \u00e9tui ou une housse de la marque<\/p>","protected":false},"featured_media":25185,"comment_status":"open","ping_status":"closed","template":"","meta":[],"product_brand":[1095],"product_cat":[547,548,551,544],"product_tag":[103,542,543],"class_list":{"0":"post-25186","1":"product","2":"type-product","3":"status-publish","4":"has-post-thumbnail","6":"product_brand-brandp_7228","7":"product_cat-accessoires","8":"product_cat-bijoux","9":"product_cat-colliers","10":"product_cat-mode-accessoires","11":"product_tag-tag_1261","12":"product_tag-tag_1274","13":"product_tag-tag_61","15":"first","16":"instock","17":"taxable","18":"shipping-taxable","19":"purchasable","20":"product-type-simple"},"_links":{"self":[{"href":"https:\/\/bigbuy.tupique.com\/es\/wp-json\/wp\/v2\/product\/25186","targetHints":{"allow":["GET"]}}],"collection":[{"href":"https:\/\/bigbuy.tupique.com\/es\/wp-json\/wp\/v2\/product"}],"about":[{"href":"https:\/\/bigbuy.tupique.com\/es\/wp-json\/wp\/v2\/types\/product"}],"replies":[{"embeddable":true,"href":"https:\/\/bigbuy.tupique.com\/es\/wp-json\/wp\/v2\/comments?post=25186"}],"wp:featuredmedia":[{"embeddable":true,"href":"https:\/\/bigbuy.tupique.com\/es\/wp-json\/wp\/v2\/media\/25185"}],"wp:attachment":[{"href":"https:\/\/bigbuy.tupique.com\/es\/wp-json\/wp\/v2\/media?parent=25186"}],"wp:term":[{"taxonomy":"product_brand","embeddable":true,"href":"https:\/\/bigbuy.tupique.com\/es\/wp-json\/wp\/v2\/product_brand?post=25186"},{"taxonomy":"product_cat","embeddable":true,"href":"https:\/\/bigbuy.tupique.com\/es\/wp-json\/wp\/v2\/product_cat?post=25186"},{"taxonomy":"product_tag","embeddable":true,"href":"https:\/\/bigbuy.tupique.com\/es\/wp-json\/wp\/v2\/product_tag?post=25186"}],"curies":[{"name":"wp","href":"https:\/\/api.w.org\/{rel}","templated":true}]}}